{"id":126527,"date":"2025-12-11T00:00:00","date_gmt":"2025-12-11T05:00:00","guid":{"rendered":"https:\/\/gpl-love.com\/es\/producto\/woocommerce-authorizenet-cim\/"},"modified":"2026-03-28T17:16:22","modified_gmt":"2026-03-28T22:16:22","slug":"woocommerce-authorizenet-cim","status":"publish","type":"product","link":"https:\/\/gpl-love.com\/es\/producto\/woocommerce-authorizenet-cim\/","title":{"rendered":"WooCommerce Authorize.net CIM 3.10.15"},"content":{"rendered":"<h3>WooCommerce Authorize.net CIM Caracteristicas<\/h3>\n<p>WooCommerce Authorize.net CIM es una pasarela de pago incre\u00edblemente robusta que sirve para optimizar todo el proceso de pago para minoristas en l\u00ednea, mejorando en gran medida su eficiencia general. Esta integraci\u00f3n muy solicitada ofrece a los clientes la notable capacidad de almacenar de forma segura su preciosa informaci\u00f3n de pago, facilitando as\u00ed la finalizaci\u00f3n de las compras futuras de una manera notablemente sin esfuerzo. Tambi\u00e9n es importante darse cuenta de que el Authorize.NET CIM asegura que los comerciantes reciban los mecanismos de protecci\u00f3n de fraude m\u00e1s avanzados disponibles en el mercado hoy, lo que garantiza la mayor seguridad de sus valiosas transacciones. Adem\u00e1s, esta integraci\u00f3n incluso permite a los comerciantes personalizar sus opciones de pago en gran medida, atendiendo as\u00ed las necesidades diversas y \u00fanicas de sus respectivos negocios. Al aprovechar esta extensi\u00f3n excepcional, los minoristas pueden proporcionar realmente a sus clientes estimados una experiencia de pago impecablemente perfecta, todo el tiempo asegurando que cada transacci\u00f3n se realice de la manera m\u00e1s segura y segura posible.<\/p>\n<ul>\n<li>Integre perfectamente su tienda WooCommerce con Authorize.net CIM para un sistema de procesamiento de pagos seguro.<\/li>\n<li>Agregue un nuevo nivel de conveniencia para los clientes permiti\u00e9ndoles ahorrar su informaci\u00f3n de pago a sus perfiles CIM.<\/li>\n<li>Reduzca los requisitos de cumplimiento de PCI y simplifique el pago con integraci\u00f3n de redireccionamiento transparente.<\/li>\n<li>Disfrute de una gesti\u00f3n f\u00e1cil de los perfiles de clientes e informaci\u00f3n de pago a trav\u00e9s del tablero de WooCommerce.<\/li>\n<li>Poderosas herramientas de detecci\u00f3n y prevenci\u00f3n de fraude para mantener su tienda y clientes seguros.<\/li>\n<li>Personalice su experiencia de pago con diferentes formularios y estilos con el editor de estilo incorporado.<\/li>\n<li>Acepte una amplia gama de m\u00e9todos de pago, incluidas todas las principales tarjetas de cr\u00e9dito y cheques electr\u00f3nicos.<\/li>\n<li>Ofrezca a los clientes la opci\u00f3n de suscribirse a pagos recurrentes para mayor comodidad.<\/li>\n<li>Administre f\u00e1cilmente los pagos de suscripci\u00f3n con funcionalidad incorporada.<\/li>\n<li>Soporte y orientaci\u00f3n profesional del equipo de WooCommerce para ayudarlo a aprovechar al m\u00e1ximo su integraci\u00f3n de autorizaci\u00f3n .Net CIM.<\/li>\n<\/ul>\n","protected":false},"excerpt":{"rendered":"<p>WooCommerce Authorize.net CIM es un complemento excepcionalmente vers\u00e1til y altamente confiable que tiene el prop\u00f3sito crucial de facilitar los pagos de la tarjeta de cr\u00e9dito para las tiendas en l\u00ednea de una manera sin esfuerzo y sin esfuerzo. Al permitir que los clientes almacenen convenientemente la informaci\u00f3n de su tarjeta de cr\u00e9dito para futuras transacciones, esta herramienta indispensable no solo acelera el proceso de pago, sino que tambi\u00e9n garantiza su perfecci\u00f3n. Adem\u00e1s, ofrece la ventaja adicional de acomodar pagos y reembolsos recurrentes. Aparente con su integraci\u00f3n perfecta con WooCommerce y su capacidad para admitir m\u00faltiples monedas, este complemento excepcional surge como una opci\u00f3n impecable para las empresas en l\u00ednea que participan en transacciones internacionales. Con una variedad de caracter\u00edsticas de seguridad robustas y con una interfaz f\u00e1cil de usar, el WooCommerce Authorize.net CIM demuestra ser la soluci\u00f3n por excelencia para cualquier tienda en l\u00ednea que anhela optimizar y optimizar sus esfuerzos de procesamiento de pagos.<\/p>\n","protected":false},"featured_media":168049,"comment_status":"open","ping_status":"open","template":"","meta":[],"product_brand":[2344],"product_cat":[1207,1248,1206],"product_tag":[1423],"class_list":{"0":"post-126527","1":"product","2":"type-product","3":"status-publish","4":"has-post-thumbnail","6":"product_brand-woocommerce","7":"product_cat-comercio-electronico-plugins","8":"product_cat-personalizacion-comercio-electronico-plugins","9":"product_cat-plugins","10":"product_tag-woocommerce","11":"member-discount","12":"discount-restricted","14":"first","15":"instock","16":"sale","17":"downloadable","18":"virtual","19":"sold-individually","20":"purchasable","21":"product-type-simple"},"_links":{"self":[{"href":"https:\/\/gpl-love.com\/es\/wp-json\/wp\/v2\/product\/126527","targetHints":{"allow":["GET"]}}],"collection":[{"href":"https:\/\/gpl-love.com\/es\/wp-json\/wp\/v2\/product"}],"about":[{"href":"https:\/\/gpl-love.com\/es\/wp-json\/wp\/v2\/types\/product"}],"replies":[{"embeddable":true,"href":"https:\/\/gpl-love.com\/es\/wp-json\/wp\/v2\/comments?post=126527"}],"wp:featuredmedia":[{"embeddable":true,"href":"https:\/\/gpl-love.com\/es\/wp-json\/wp\/v2\/media\/168049"}],"wp:attachment":[{"href":"https:\/\/gpl-love.com\/es\/wp-json\/wp\/v2\/media?parent=126527"}],"wp:term":[{"taxonomy":"product_brand","embeddable":true,"href":"https:\/\/gpl-love.com\/es\/wp-json\/wp\/v2\/product_brand?post=126527"},{"taxonomy":"product_cat","embeddable":true,"href":"https:\/\/gpl-love.com\/es\/wp-json\/wp\/v2\/product_cat?post=126527"},{"taxonomy":"product_tag","embeddable":true,"href":"https:\/\/gpl-love.com\/es\/wp-json\/wp\/v2\/product_tag?post=126527"}],"curies":[{"name":"wp","href":"https:\/\/api.w.org\/{rel}","templated":true}]}}