{"id":126526,"date":"2026-04-18T00:00:00","date_gmt":"2026-04-18T05:00:00","guid":{"rendered":"https:\/\/gpl-love.com\/es\/producto\/woocommerce-australia-post-shipping-method\/"},"modified":"2026-04-18T17:16:35","modified_gmt":"2026-04-18T22:16:35","slug":"woocommerce-australia-post-shipping-method","status":"publish","type":"product","link":"https:\/\/gpl-love.com\/es\/producto\/woocommerce-australia-post-shipping-method\/","title":{"rendered":"WooCommerce Australia Post Shipping Method 2.8.3"},"content":{"rendered":"<h3>WooCommerce Australia Post Shipping Method Caracteristicas<\/h3>\n<p>El m\u00e9todo de env\u00edo de WooCommerce Australia Post es una soluci\u00f3n de env\u00edo extremadamente robusta y confiable que satisface las necesidades de las empresas que se esfuerzan por optimizar sus procesos de env\u00edo. Este notable complemento permite a las empresas integrar a la perfecci\u00f3n su tienda WooCommerce con Australia Post, que es sin duda una de las operadoras de env\u00edo m\u00e1s buscadas y prominentes de Australia. Al optar por este complemento, las empresas pueden generar sin esfuerzo etiquetas de env\u00edo, aprovechar las tarifas de env\u00edo en tiempo real, rastrear los paquetes meticulosamente y mucho m\u00e1s. Adem\u00e1s, el m\u00e9todo de env\u00edo de WooCommerce Australia Post es un complemento incre\u00edblemente adaptable y vers\u00e1til, que ofrece a las empresas una amplia gama de opciones de env\u00edo para elegir, que abarca servicios de env\u00edo nacionales e internacionales, servicios de publicaci\u00f3n expresa y una multitud de otras alternativas. En particular, este complemento se caracteriza por su naturaleza f\u00e1cil de usar, lo que lo convierte en una soluci\u00f3n de env\u00edo \u00f3ptima y altamente recomendada para empresas de todas las escalas y magnitudes.<\/p>\n<ul>\n<li>F\u00e1cil integraci\u00f3n con WooCommerce<\/li>\n<li>C\u00e1lculo de env\u00edo sin interrupciones para los servicios de publicaci\u00f3n australianos<\/li>\n<li>Tarifas de env\u00edo precisas basadas en peso y destino<\/li>\n<li>Opci\u00f3n de ofrecer env\u00edo de tarifa plana<\/li>\n<li>Admite diferentes tipos de embalaje y tama\u00f1os<\/li>\n<li>Capacidad para generar etiquetas de env\u00edo directamente desde el panel de WooCommerce<\/li>\n<li>Informaci\u00f3n de seguimiento en tiempo real para clientes<\/li>\n<li>Opciones de env\u00edo m\u00faltiples disponibles, incluidos expresos, est\u00e1ndar y econom\u00eda.<\/li>\n<li>C\u00e1lculo autom\u00e1tico de aranceles e impuestos aduaneros<\/li>\n<li>Compatible con m\u00faltiples pasarelas de pago para procesamiento de pago seguro<\/li>\n<li>Soporte y actualizaciones 24\/7 para garantizar una operaci\u00f3n sin problemas<\/li>\n<\/ul>\n","protected":false},"excerpt":{"rendered":"<p>El m\u00e9todo de env\u00edo de WooCommerce Australia Post es un complemento incre\u00edblemente conveniente que sirve como una herramienta de integraci\u00f3n perfecta para los propietarios de tiendas en l\u00ednea en Australia, lo que les permite incorporar sin esfuerzo una amplia gama de opciones de env\u00edo posteriores a Australia en su proceso de pago de WooCommerce. Al utilizar este complemento excepcional, los clientes reciben la capacidad de seleccionar entre una multitud de m\u00e9todos de env\u00edo ofrecidos por Australia Post, incluidos, entre otros, el env\u00edo est\u00e1ndar o expreso, todo el tiempo que puede rastrear convenientemente el paradero de sus env\u00edos directamente en la p\u00e1gina de pago. Adem\u00e1s, este complemento incomparable otorga a los propietarios de las tiendas la flexibilidad de personalizar las tarifas de env\u00edo y aumentar sus flujos de ingresos al incorporar tarifas de manejo, lo que lo convierte en un instrumento extraordinariamente vers\u00e1til para administrar h\u00e1bilmente los intrincados matices de la log\u00edstica de env\u00edo.<\/p>\n","protected":false},"featured_media":168048,"comment_status":"open","ping_status":"open","template":"","meta":[],"product_brand":[2344],"product_cat":[1207,1248,1206],"product_tag":[1423],"class_list":{"0":"post-126526","1":"product","2":"type-product","3":"status-publish","4":"has-post-thumbnail","6":"product_brand-woocommerce","7":"product_cat-comercio-electronico-plugins","8":"product_cat-personalizacion-comercio-electronico-plugins","9":"product_cat-plugins","10":"product_tag-woocommerce","11":"member-discount","12":"discount-restricted","14":"first","15":"instock","16":"sale","17":"downloadable","18":"virtual","19":"sold-individually","20":"purchasable","21":"product-type-simple"},"_links":{"self":[{"href":"https:\/\/gpl-love.com\/es\/wp-json\/wp\/v2\/product\/126526","targetHints":{"allow":["GET"]}}],"collection":[{"href":"https:\/\/gpl-love.com\/es\/wp-json\/wp\/v2\/product"}],"about":[{"href":"https:\/\/gpl-love.com\/es\/wp-json\/wp\/v2\/types\/product"}],"replies":[{"embeddable":true,"href":"https:\/\/gpl-love.com\/es\/wp-json\/wp\/v2\/comments?post=126526"}],"wp:featuredmedia":[{"embeddable":true,"href":"https:\/\/gpl-love.com\/es\/wp-json\/wp\/v2\/media\/168048"}],"wp:attachment":[{"href":"https:\/\/gpl-love.com\/es\/wp-json\/wp\/v2\/media?parent=126526"}],"wp:term":[{"taxonomy":"product_brand","embeddable":true,"href":"https:\/\/gpl-love.com\/es\/wp-json\/wp\/v2\/product_brand?post=126526"},{"taxonomy":"product_cat","embeddable":true,"href":"https:\/\/gpl-love.com\/es\/wp-json\/wp\/v2\/product_cat?post=126526"},{"taxonomy":"product_tag","embeddable":true,"href":"https:\/\/gpl-love.com\/es\/wp-json\/wp\/v2\/product_tag?post=126526"}],"curies":[{"name":"wp","href":"https:\/\/api.w.org\/{rel}","templated":true}]}}