{"id":126525,"date":"2025-10-30T00:00:00","date_gmt":"2025-10-30T05:00:00","guid":{"rendered":"https:\/\/gpl-love.com\/es\/producto\/woocommerce-attribute-swatches\/"},"modified":"2026-04-19T17:15:57","modified_gmt":"2026-04-19T22:15:57","slug":"woocommerce-attribute-swatches","status":"publish","type":"product","link":"https:\/\/gpl-love.com\/es\/producto\/woocommerce-attribute-swatches\/","title":{"rendered":"WooCommerce Attribute Swatches 1.21.1"},"content":{"rendered":"<h3>WooCommerce Attribute Swatches Caracteristicas<\/h3>\n<p>WooCommerce Attribute Swatches es un producto incre\u00edblemente robusto y efectivo que ofrece a los propietarios de tiendas en l\u00ednea la capacidad de generar y mostrar muestras visualmente impresionantes para las variaciones de sus productos. A trav\u00e9s de la utilizaci\u00f3n de este complemento notable, los clientes pueden navegar de manera perfecta y expedita y elegir sus opciones de productos deseadas simplemente seleccionando la muestra correspondiente. Esto no solo amplifica y mejora la experiencia del usuario, sino que tambi\u00e9n eleva sustancialmente la est\u00e9tica general y el ambiente de un sitio web. Adem\u00e1s, las muestras de atributos de WooCommerce son notablemente adaptables y vers\u00e1tiles, lo que permite a los propietarios de tiendas muestras de moda que se alinean impecablemente con la paleta y el estilo de colores distintivos de su marca. No hace falta decir que este complemento en particular es una necesidad absoluta para cualquier tienda de WooCommerce que aspira a optimizar su p\u00e1gina de productos y ofrecer una experiencia de compra inigualable e ininterrumpida para sus estimados clientes.<\/p>\n<ul>\n<li>Mostrar f\u00e1cilmente muestras de atributos para sus productos WooCommerce<\/li>\n<li>Configuraci\u00f3n r\u00e1pida y f\u00e1cil sin ninguna codificaci\u00f3n requerida<\/li>\n<li>Seleccione de una amplia variedad de opciones de muestra de color e imagen<\/li>\n<li>Mejorar la experiencia del usuario y facilitar que los clientes elijan el producto correcto<\/li>\n<li>Compatible con la mayor\u00eda de los temas y complementos de WooCommerce<\/li>\n<li>Aumentar las ventas mostrando las variaciones de productos de una manera atractiva e intuitiva<\/li>\n<li>Personalice sus muestras para que coincida con los colores de su marca o producto<\/li>\n<li>Mejorar la visibilidad del producto con la capacidad de mostrar muestras en p\u00e1ginas de productos, p\u00e1ginas de tiendas y m\u00e1s<\/li>\n<li>Actualizaciones y soporte gratuitos para la vida del complemento<\/li>\n<\/ul>\n","protected":false},"excerpt":{"rendered":"<p>\u00a1Lleve su tienda WooCommerce al siguiente nivel de sofisticaci\u00f3n y atractivo visual incorporando nuestro complemento de muestras de atributos de vanguardia! Al aprovechar el poder de este notable complemento, podr\u00e1 generar sin esfuerzo atributos cautivadores para su amplia gama de variaciones de productos, durante la utilizaci\u00f3n de esquemas de color vibrantes, im\u00e1genes llamativas o incluso muestras de texto cautivadoras. \u00bfEl final resulto? Una experiencia de compra mejorada para sus estimados clientes, ya que navegan sin esfuerzo a trav\u00e9s de su tienda y seleccionan r\u00e1pidamente su variaci\u00f3n de producto deseada. Adem\u00e1s, nuestro complemento cuenta con la ventaja adicional de una integraci\u00f3n perfecta y una f\u00e1cil personalizaci\u00f3n, lo que le permite adaptarlo sin esfuerzo para reflejar la marca \u00fanica y la est\u00e9tica de su tienda de WooCommerce. \u00a1Diga adi\u00f3s a los atributos de productos deslucidos y poco inspiradores, y tome la decisi\u00f3n de revolucionar su tienda hoy adoptando el innegable encanto de nuestro complemento de muestras de atributos!<\/p>\n","protected":false},"featured_media":168047,"comment_status":"open","ping_status":"open","template":"","meta":[],"product_brand":[2476],"product_cat":[1214,1206,1211],"product_tag":[1603],"class_list":{"0":"post-126525","1":"product","2":"type-product","3":"status-publish","4":"has-post-thumbnail","6":"product_brand-iconic","7":"product_cat-personalizacion","8":"product_cat-plugins","9":"product_cat-wordpress-plugins","10":"product_tag-iconic","11":"member-discount","12":"discount-restricted","14":"first","15":"instock","16":"sale","17":"downloadable","18":"virtual","19":"sold-individually","20":"purchasable","21":"product-type-simple"},"_links":{"self":[{"href":"https:\/\/gpl-love.com\/es\/wp-json\/wp\/v2\/product\/126525","targetHints":{"allow":["GET"]}}],"collection":[{"href":"https:\/\/gpl-love.com\/es\/wp-json\/wp\/v2\/product"}],"about":[{"href":"https:\/\/gpl-love.com\/es\/wp-json\/wp\/v2\/types\/product"}],"replies":[{"embeddable":true,"href":"https:\/\/gpl-love.com\/es\/wp-json\/wp\/v2\/comments?post=126525"}],"wp:featuredmedia":[{"embeddable":true,"href":"https:\/\/gpl-love.com\/es\/wp-json\/wp\/v2\/media\/168047"}],"wp:attachment":[{"href":"https:\/\/gpl-love.com\/es\/wp-json\/wp\/v2\/media?parent=126525"}],"wp:term":[{"taxonomy":"product_brand","embeddable":true,"href":"https:\/\/gpl-love.com\/es\/wp-json\/wp\/v2\/product_brand?post=126525"},{"taxonomy":"product_cat","embeddable":true,"href":"https:\/\/gpl-love.com\/es\/wp-json\/wp\/v2\/product_cat?post=126525"},{"taxonomy":"product_tag","embeddable":true,"href":"https:\/\/gpl-love.com\/es\/wp-json\/wp\/v2\/product_tag?post=126525"}],"curies":[{"name":"wp","href":"https:\/\/api.w.org\/{rel}","templated":true}]}}