{"id":126524,"date":"2024-03-12T00:00:00","date_gmt":"2024-03-12T05:00:00","guid":{"rendered":"https:\/\/gpl-love.com\/es\/producto\/woocommerce-attach-me\/"},"modified":"2026-04-10T11:31:24","modified_gmt":"2026-04-10T16:31:24","slug":"woocommerce-attach-me","status":"publish","type":"product","link":"https:\/\/gpl-love.com\/es\/producto\/woocommerce-attach-me\/","title":{"rendered":"WooCommerce Attach Me 25.4"},"content":{"rendered":"<h3>WooCommerce Attach Me Caracteristicas<\/h3>\n<p>WooCommerce Adjunto demuestra ser un complemento incre\u00edblemente potente que facilita efectivamente el archivo adjunto sin costuras de los archivos a sus productos de WooCommerce. Este complemento excepcional le permite cargar y adjuntar varios archivos, incluidas las im\u00e1genes del producto y los manuales de los usuarios, a cualquier producto dentro de su expansiva tienda de WooCommerce. Adem\u00e1s, posee la capacidad de establecer permisos de acceso espec\u00edficos para cada archivo, garantizando as\u00ed que solo los clientes merecedores obtienen acceso a los archivos apropiados. Adem\u00e1s, la interfaz f\u00e1cil de usar y el dise\u00f1o intuitivo de WooCommerce me adjuntan a su accesibilidad general, lo que lo hace asombrosamente f\u00e1cil de navegar, incluso para aquellas personas que son nuevas en la plataforma. En consecuencia, independientemente de si se encuentra con el archivo adjunto de archivos a productos digitales, productos f\u00edsicos o cualquier producto que caiga en alg\u00fan punto intermedio, WooCommerce me adjunta una soluci\u00f3n ideal e integral que satisface sin problemas las necesidades y requisitos \u00fanicos de sus estimados. Tienda WooCommerce.<\/p>\n<ul>\n<li>Adjunte f\u00e1cilmente archivos a los pedidos y productos de WooCommerce<\/li>\n<li>Permite a los clientes cargar archivos directamente a sus pedidos<\/li>\n<li>Admite una amplia gama de tipos de archivos, incluidas im\u00e1genes, PDF y documentos<\/li>\n<li>Agrega autom\u00e1ticamente archivos adjuntos a los correos electr\u00f3nicos de confirmaci\u00f3n de pedido<\/li>\n<li>Proporciona una forma conveniente para que los clientes compartan obras de arte o archivos de dise\u00f1o para productos personalizados.<\/li>\n<li>Optimizar la comunicaci\u00f3n entre clientes y proveedores manteniendo todos los archivos y notas en un solo lugar<\/li>\n<li>La configuraci\u00f3n y los permisos personalizables permiten un mayor control sobre las cargas de archivos.<\/li>\n<\/ul>\n","protected":false},"excerpt":{"rendered":"<p>El complemento WooCommerce Adject Me es una herramienta incre\u00edblemente robusta que faculta a los usuarios para agregar archivos sin esfuerzo a sus productos WooCommerce. Al implementar un solo clic del mouse, las personas pueden cargar y vincular convenientemente archivos relacionados con el producto, incluidos, entre otros, manuales de productos, im\u00e1genes y videos, para construir una lista de productos m\u00e1s completa que satisface las necesidades de su estimada clientela. Lo que establece que WooCommerce me adjunta es su integraci\u00f3n perfecta con WooCommerce, asegurando un proceso simplificado para administrar archivos de productos y equipar a los clientes con la informaci\u00f3n necesaria para tomar decisiones de compra informadas. Este complemento extraordinario est\u00e1 dise\u00f1ado espec\u00edficamente para propietarios diligentes de la tienda de WooCommerce que son firmes en su b\u00fasqueda de enriquecer sus listados de productos y cultivar una experiencia de compra incomparable para sus valiosos clientes.<\/p>\n","protected":false},"featured_media":168046,"comment_status":"open","ping_status":"open","template":"","meta":[],"product_brand":[2339],"product_cat":[1208,1207,1206],"product_tag":[1256],"class_list":{"0":"post-126524","1":"product","2":"type-product","3":"status-publish","4":"has-post-thumbnail","6":"product_brand-codecanyon","7":"product_cat-administracion","8":"product_cat-comercio-electronico-plugins","9":"product_cat-plugins","10":"product_tag-codecanyon","11":"member-discount","12":"discount-restricted","14":"first","15":"instock","16":"sale","17":"downloadable","18":"virtual","19":"sold-individually","20":"purchasable","21":"product-type-simple"},"_links":{"self":[{"href":"https:\/\/gpl-love.com\/es\/wp-json\/wp\/v2\/product\/126524","targetHints":{"allow":["GET"]}}],"collection":[{"href":"https:\/\/gpl-love.com\/es\/wp-json\/wp\/v2\/product"}],"about":[{"href":"https:\/\/gpl-love.com\/es\/wp-json\/wp\/v2\/types\/product"}],"replies":[{"embeddable":true,"href":"https:\/\/gpl-love.com\/es\/wp-json\/wp\/v2\/comments?post=126524"}],"wp:featuredmedia":[{"embeddable":true,"href":"https:\/\/gpl-love.com\/es\/wp-json\/wp\/v2\/media\/168046"}],"wp:attachment":[{"href":"https:\/\/gpl-love.com\/es\/wp-json\/wp\/v2\/media?parent=126524"}],"wp:term":[{"taxonomy":"product_brand","embeddable":true,"href":"https:\/\/gpl-love.com\/es\/wp-json\/wp\/v2\/product_brand?post=126524"},{"taxonomy":"product_cat","embeddable":true,"href":"https:\/\/gpl-love.com\/es\/wp-json\/wp\/v2\/product_cat?post=126524"},{"taxonomy":"product_tag","embeddable":true,"href":"https:\/\/gpl-love.com\/es\/wp-json\/wp\/v2\/product_tag?post=126524"}],"curies":[{"name":"wp","href":"https:\/\/api.w.org\/{rel}","templated":true}]}}