{"id":126523,"date":"2023-02-06T00:00:00","date_gmt":"2023-02-06T05:00:00","guid":{"rendered":"https:\/\/gpl-love.com\/es\/producto\/woocommerce-aramex\/"},"modified":"2026-04-10T11:31:24","modified_gmt":"2026-04-10T16:31:24","slug":"woocommerce-aramex","status":"publish","type":"product","link":"https:\/\/gpl-love.com\/es\/producto\/woocommerce-aramex\/","title":{"rendered":"WooCommerce Aramex 1.1.0"},"content":{"rendered":"<h3>WooCommerce Aramex Caracteristicas<\/h3>\n<p>WooCommerce Aramex sirve como un complemento de env\u00edo que se integra perfectamente con WooCommerce, presentando as\u00ed a los propietarios de tiendas en l\u00ednea la oportunidad de optimizar sus procesos de env\u00edo de manera conveniente. Este complemento otorga a los usuarios la capacidad de generar e imprimir etiquetas de env\u00edo sin esfuerzo, rastrear pedidos y administrar con competencia sus env\u00edos. Adem\u00e1s, es importante tener en cuenta que Aramex es reconocido internacionalmente como una compa\u00f1\u00eda de env\u00edo de buena reputaci\u00f3n, asegurando as\u00ed que sus valiosos paquetes se transporten con la m\u00e1xima seguridad y eficiencia a sus estimados clientes ubicados en todo el mundo. Adem\u00e1s, el complemento en cuesti\u00f3n tambi\u00e9n cuenta con una amplia gama de opciones de env\u00edo, que van desde servicios expresos hasta servicios econ\u00f3micos, lo que le permite extender a sus clientes las tarifas de env\u00edo m\u00e1s favorables y los plazos de entrega. Independientemente de si opera un negocio a escala modesta o una entidad corporativa grandiosa, WooCommerce Aramex tiene la capacidad de simplificar sus operaciones de env\u00edo y aumentar la expansi\u00f3n de su estimado negocio.<\/p>\n<ul>\n<li>Integraci\u00f3n perfecta de los servicios de env\u00edo de Aramex con su tienda WooCommerce<\/li>\n<li>C\u00e1lculo de tarifas de env\u00edo en tiempo real basado en el precio de Aramex<\/li>\n<li>Varios m\u00e9todos de env\u00edo y opciones de entrega disponibles, incluido el env\u00edo expreso y terrestre<\/li>\n<li>Generaci\u00f3n de n\u00fameros de seguimiento autom\u00e1tico y actualizaciones de seguimiento de env\u00edo<\/li>\n<li>Integraci\u00f3n con la API de env\u00edo de Aramex para comunicaci\u00f3n y satisfacci\u00f3n simplificadas<\/li>\n<li>Impresi\u00f3n automatizada de etiquetas y env\u00edo de documentos de env\u00edo<\/li>\n<li>Herramientas de verificaci\u00f3n y correcci\u00f3n de direcciones para reducir los errores y costos de env\u00edo<\/li>\n<li>Compatibilidad con regulaciones internacionales de env\u00edo y aduanas para comercio electr\u00f3nico transfronterizo sin problemas<\/li>\n<\/ul>\n","protected":false},"excerpt":{"rendered":"<p>El complemento WooCommerce Aramex, una soluci\u00f3n de env\u00edo muy robusta, ofrece la integraci\u00f3n perfecta de los servicios de env\u00edo de Aramex con su tienda WooCommerce. Este complemento extraordinario le capacita a manejar sin esfuerzo sus tarifas y opciones de env\u00edo, rastrear sin esfuerzo sus env\u00edos y proporcionar a sus clientes costos de env\u00edo y tiempos de entrega precisos. Ya sea que est\u00e9 involucrado en el env\u00edo nacional o internacional, el complemento WooCommerce Aramex optimiza todo el proceso, asegurando que pueda ofrecer una experiencia del cliente perfecta y confiable.<\/p>\n","protected":false},"featured_media":168045,"comment_status":"open","ping_status":"open","template":"","meta":[],"product_brand":[2344],"product_cat":[1207,1426,1206],"product_tag":[1423],"class_list":{"0":"post-126523","1":"product","2":"type-product","3":"status-publish","4":"has-post-thumbnail","6":"product_brand-woocommerce","7":"product_cat-comercio-electronico-plugins","8":"product_cat-pago-comercio-electronico-plugins","9":"product_cat-plugins","10":"product_tag-woocommerce","11":"member-discount","12":"discount-restricted","14":"first","15":"instock","16":"sale","17":"downloadable","18":"virtual","19":"sold-individually","20":"purchasable","21":"product-type-simple"},"_links":{"self":[{"href":"https:\/\/gpl-love.com\/es\/wp-json\/wp\/v2\/product\/126523","targetHints":{"allow":["GET"]}}],"collection":[{"href":"https:\/\/gpl-love.com\/es\/wp-json\/wp\/v2\/product"}],"about":[{"href":"https:\/\/gpl-love.com\/es\/wp-json\/wp\/v2\/types\/product"}],"replies":[{"embeddable":true,"href":"https:\/\/gpl-love.com\/es\/wp-json\/wp\/v2\/comments?post=126523"}],"wp:featuredmedia":[{"embeddable":true,"href":"https:\/\/gpl-love.com\/es\/wp-json\/wp\/v2\/media\/168045"}],"wp:attachment":[{"href":"https:\/\/gpl-love.com\/es\/wp-json\/wp\/v2\/media?parent=126523"}],"wp:term":[{"taxonomy":"product_brand","embeddable":true,"href":"https:\/\/gpl-love.com\/es\/wp-json\/wp\/v2\/product_brand?post=126523"},{"taxonomy":"product_cat","embeddable":true,"href":"https:\/\/gpl-love.com\/es\/wp-json\/wp\/v2\/product_cat?post=126523"},{"taxonomy":"product_tag","embeddable":true,"href":"https:\/\/gpl-love.com\/es\/wp-json\/wp\/v2\/product_tag?post=126523"}],"curies":[{"name":"wp","href":"https:\/\/api.w.org\/{rel}","templated":true}]}}