{"id":126522,"date":"2026-04-16T00:00:00","date_gmt":"2026-04-16T05:00:00","guid":{"rendered":"https:\/\/gpl-love.com\/es\/producto\/woocommerce-appointments\/"},"modified":"2026-04-16T17:16:52","modified_gmt":"2026-04-16T22:16:52","slug":"woocommerce-appointments","status":"publish","type":"product","link":"https:\/\/gpl-love.com\/es\/producto\/woocommerce-appointments\/","title":{"rendered":"WooCommerce Appointments 5.3.3.1"},"content":{"rendered":"<h3>WooCommerce Appointments Caracteristicas<\/h3>\n<p>Las citas de WooCommerce, una herramienta robusta meticulosamente elaborada para optimizar y optimizar el intrincado reino de los procedimientos de reserva y programaci\u00f3n en l\u00ednea, atiende a las empresas que operan en WooCommerce. Este complemento excepcional permite a los clientes programar citas sin esfuerzo, reservar asientos codiciados o obtener servicios esenciales directamente del sitio web, prescindiendo el requisito de cualquier software complementario. Integr\u00e1ndose sin problemas con WooCommerce, este software meticulosamente dise\u00f1ado garantiza efectivamente la gesti\u00f3n perfecta y el seguimiento meticuloso de todas las citas y pagos. Adem\u00e1s, este notable complemento cuenta con una variedad de caracter\u00edsticas altamente personalizables, incluidos, entre otros, recordatorios de correo electr\u00f3nico automatizados, actualizaciones de disponibilidad en tiempo real y m\u00faltiples pasarelas de pago seguras. Al capitalizar las capacidades sobresalientes de las citas de WooCommerce, las empresas pueden aumentar significativamente la eficiencia operativa y amplificar simult\u00e1neamente los niveles de satisfacci\u00f3n del cliente al proporcionar una experiencia de reserva f\u00e1cil, conveniente, conveniente y sin problemas.<\/p>\n<ul>\n<li>Proceso de reserva de citas simplificado para propietarios de tiendas de WooCommerce<\/li>\n<li>Permite a los clientes programar f\u00e1cilmente las citas con empresas a trav\u00e9s de la plataforma WooCommerce<\/li>\n<li>Configuraci\u00f3n de reserva de citas personalizable y disponibilidad<\/li>\n<li>Integraci\u00f3n con aplicaciones de calendario populares como Google Calendar, ICAL y Outlook<\/li>\n<li>Notificaciones de correo electr\u00f3nico automatizadas para clientes y empresas<\/li>\n<li>Capacidad para aceptar pagos en l\u00ednea para las citas<\/li>\n<li>Actualizaciones en tiempo real y sincronizaci\u00f3n con WooCommerce Inventory y Sistema de gesti\u00f3n de pedidos<\/li>\n<li>M\u00faltiples tipos de citas y duraciones compatibles<\/li>\n<li>Opci\u00f3n para que las empresas establezcan m\u00faltiples ubicaciones y miembros del personal con sus propios horarios \u00fanicos de disponibilidad<\/li>\n<li>Informes detallados y an\u00e1lisis para rastrear la reserva de citas y el rendimiento de los ingresos.<\/li>\n<\/ul>\n","protected":false},"excerpt":{"rendered":"<p>La aplicaci\u00f3n de citas de WooCommerce es una herramienta incre\u00edblemente robusta y altamente efectiva que otorga a sus clientes la conveniencia y la facilidad de programar citas con su negocio directamente a trav\u00e9s de una plataforma en l\u00ednea. Esta notable aplicaci\u00f3n no solo le permite manejar y supervisar sin esfuerzo su disponibilidad, sino que tambi\u00e9n le brinda la capacidad de establecer duraciones espec\u00edficas para cada cita, al tiempo que incorpora sin problemas el procesamiento de pagos para una experiencia de pago simplificada y sin problemas. Independientemente de si opera un sal\u00f3n de renombre, una prestigiosa cl\u00ednica m\u00e9dica o cualquier otro tipo de empresa que dependa en gran medida de las reservas de citas, la aplicaci\u00f3n de citas de WooCommerce simplifica y alivia la carga asociada con la gesti\u00f3n de su apretada agenda. Adem\u00e1s, la aplicaci\u00f3n se integra perfectamente con WooCommerce, lo que le permite monitorear y rastrear sin esfuerzo m\u00e9tricas y cifras de ventas, todo dentro de los l\u00edmites de una sola plataforma integral.<\/p>\n","protected":false},"featured_media":168044,"comment_status":"open","ping_status":"open","template":"","meta":[],"product_brand":[2599],"product_cat":[1207,1248,1206],"product_tag":[1726],"class_list":{"0":"post-126522","1":"product","2":"type-product","3":"status-publish","4":"has-post-thumbnail","6":"product_brand-booking-wp","7":"product_cat-comercio-electronico-plugins","8":"product_cat-personalizacion-comercio-electronico-plugins","9":"product_cat-plugins","10":"product_tag-booking-wp","11":"member-discount","12":"discount-restricted","14":"first","15":"instock","16":"sale","17":"downloadable","18":"virtual","19":"sold-individually","20":"purchasable","21":"product-type-simple"},"_links":{"self":[{"href":"https:\/\/gpl-love.com\/es\/wp-json\/wp\/v2\/product\/126522","targetHints":{"allow":["GET"]}}],"collection":[{"href":"https:\/\/gpl-love.com\/es\/wp-json\/wp\/v2\/product"}],"about":[{"href":"https:\/\/gpl-love.com\/es\/wp-json\/wp\/v2\/types\/product"}],"replies":[{"embeddable":true,"href":"https:\/\/gpl-love.com\/es\/wp-json\/wp\/v2\/comments?post=126522"}],"wp:featuredmedia":[{"embeddable":true,"href":"https:\/\/gpl-love.com\/es\/wp-json\/wp\/v2\/media\/168044"}],"wp:attachment":[{"href":"https:\/\/gpl-love.com\/es\/wp-json\/wp\/v2\/media?parent=126522"}],"wp:term":[{"taxonomy":"product_brand","embeddable":true,"href":"https:\/\/gpl-love.com\/es\/wp-json\/wp\/v2\/product_brand?post=126522"},{"taxonomy":"product_cat","embeddable":true,"href":"https:\/\/gpl-love.com\/es\/wp-json\/wp\/v2\/product_cat?post=126522"},{"taxonomy":"product_tag","embeddable":true,"href":"https:\/\/gpl-love.com\/es\/wp-json\/wp\/v2\/product_tag?post=126522"}],"curies":[{"name":"wp","href":"https:\/\/api.w.org\/{rel}","templated":true}]}}