{"id":126521,"date":"2025-09-22T00:00:00","date_gmt":"2025-09-22T05:00:00","guid":{"rendered":"https:\/\/gpl-love.com\/es\/producto\/woocommerce-api-product-sync-with-multiple-woocommerce-stores\/"},"modified":"2026-04-10T11:31:22","modified_gmt":"2026-04-10T16:31:22","slug":"woocommerce-api-product-sync-with-multiple-woocommerce-stores","status":"publish","type":"product","link":"https:\/\/gpl-love.com\/es\/producto\/woocommerce-api-product-sync-with-multiple-woocommerce-stores\/","title":{"rendered":"WooCommerce API Product Sync with Multiple WooCommerce Stores 3.1.0"},"content":{"rendered":"<h3>WooCommerce API Product Sync with Multiple WooCommerce Stores Caracteristicas<\/h3>\n<p>La sincronizaci\u00f3n del producto API de WooCommerce con m\u00faltiples tiendas de WooCommerce es una herramienta inmensamente potente que permite a las empresas sincronizar a la perfecci\u00f3n sus productos en una multitud de tiendas de WooCommerce. Al utilizar esta innovadora sincronizaci\u00f3n de productos, las empresas tienen la conveniencia de administrar sin esfuerzo su inventario, precios y disponibilidad sin esfuerzo en varias tiendas distintas. En consecuencia, esto facilita la racionalizaci\u00f3n de los procesos operativos y mitiga de manera efectiva los riesgos inherentes asociados con los productos sobrevendidos o subrayados. La sincronizaci\u00f3n del producto API de WooCommerce cuenta con una interfaz f\u00e1cil de usar, que garantiza la facilidad de uso y puede adaptarse a la perfecci\u00f3n para atender los requisitos distintivos de cualquier negocio. Esta herramienta indispensable es una necesidad absoluta para las empresas que operan m\u00faltiples tiendas de WooCommerce, buscando mejorar su productividad general y eficiencia operativa.<\/p>\n<ul>\n<li>Permite la sincronizaci\u00f3n perfecta de productos en m\u00faltiples tiendas de WooCommerce<\/li>\n<li>Utiliza la API de WooCommerce para garantizar la precisi\u00f3n y la confiabilidad<\/li>\n<li>Ahorra tiempo y esfuerzo eliminando la necesidad de actualizaciones manuales de productos en cada tienda<\/li>\n<li>Mantiene el inventario actualizado y consistente en todas las tiendas<\/li>\n<li>Se puede personalizar para satisfacer las necesidades espec\u00edficas de cada tienda<\/li>\n<li>Ayuda a prevenir errores y discrepancias en los listados de productos<\/li>\n<li>Una soluci\u00f3n rentable para administrar m\u00faltiples tiendas de WooCommerce de manera eficiente<\/li>\n<li>Proporciona sincronizaci\u00f3n en tiempo real de datos de productos, precios y niveles de inventario<\/li>\n<li>Se integra a la perfecci\u00f3n con las populares plataformas y herramientas de comercio electr\u00f3nico de terceros<\/li>\n<li>Ofrece atenci\u00f3n al cliente y asistencia para cualquier problema t\u00e9cnico o pregunta.<\/li>\n<\/ul>\n","protected":false},"excerpt":{"rendered":"<p>Estamos entusiasmados de introducir nuestra sincronizaci\u00f3n de productos de API de WooCommerce altamente sofisticados y tecnol\u00f3gicamente avanzados, una herramienta excepcional meticulosamente dise\u00f1ada para armonizar y sincronizar los datos cruciales de los productos en m\u00faltiples tiendas de woocommerce. A trav\u00e9s de nuestra ingeniosa soluci\u00f3n, ahora puede supervisar y controlar los aspectos vitales como el inventario de productos, los precios y la disponibilidad, todo desde una plataforma centralizada y de f\u00e1cil acceso. Esto garantiza que cada una de sus tiendas WooCommerce estar\u00e1 constantemente equipada con la informaci\u00f3n del producto m\u00e1s actualizada y precisa, eliminando cualquier discrepancia o inexactitud. Nuestra revolucionaria sincronizaci\u00f3n del producto de la API de WooCommerce es la mejor panacea para que los minoristas que anhelan optimizar sus operaciones ahorrando un tiempo valioso, mitigando errores costosos y racionalizaci\u00f3n de sus procesos de ventas en l\u00ednea. No dude por m\u00e1s tiempo y se embarque en este viaje transformador probando nuestra soluci\u00f3n excepcional hoy, propulsando en \u00faltima instancia a su negocio hacia un mayor nivel de eficiencia y rentabilidad.<\/p>\n","protected":false},"featured_media":168043,"comment_status":"open","ping_status":"open","template":"","meta":[],"product_brand":[2339],"product_cat":[1207,1248,1206],"product_tag":[1256],"class_list":{"0":"post-126521","1":"product","2":"type-product","3":"status-publish","4":"has-post-thumbnail","6":"product_brand-codecanyon","7":"product_cat-comercio-electronico-plugins","8":"product_cat-personalizacion-comercio-electronico-plugins","9":"product_cat-plugins","10":"product_tag-codecanyon","11":"member-discount","12":"discount-restricted","14":"first","15":"instock","16":"sale","17":"downloadable","18":"virtual","19":"sold-individually","20":"purchasable","21":"product-type-simple"},"_links":{"self":[{"href":"https:\/\/gpl-love.com\/es\/wp-json\/wp\/v2\/product\/126521","targetHints":{"allow":["GET"]}}],"collection":[{"href":"https:\/\/gpl-love.com\/es\/wp-json\/wp\/v2\/product"}],"about":[{"href":"https:\/\/gpl-love.com\/es\/wp-json\/wp\/v2\/types\/product"}],"replies":[{"embeddable":true,"href":"https:\/\/gpl-love.com\/es\/wp-json\/wp\/v2\/comments?post=126521"}],"wp:featuredmedia":[{"embeddable":true,"href":"https:\/\/gpl-love.com\/es\/wp-json\/wp\/v2\/media\/168043"}],"wp:attachment":[{"href":"https:\/\/gpl-love.com\/es\/wp-json\/wp\/v2\/media?parent=126521"}],"wp:term":[{"taxonomy":"product_brand","embeddable":true,"href":"https:\/\/gpl-love.com\/es\/wp-json\/wp\/v2\/product_brand?post=126521"},{"taxonomy":"product_cat","embeddable":true,"href":"https:\/\/gpl-love.com\/es\/wp-json\/wp\/v2\/product_cat?post=126521"},{"taxonomy":"product_tag","embeddable":true,"href":"https:\/\/gpl-love.com\/es\/wp-json\/wp\/v2\/product_tag?post=126521"}],"curies":[{"name":"wp","href":"https:\/\/api.w.org\/{rel}","templated":true}]}}