{"id":126520,"date":"2026-04-16T00:00:00","date_gmt":"2026-04-16T05:00:00","guid":{"rendered":"https:\/\/gpl-love.com\/es\/producto\/woocommerce-api-manager\/"},"modified":"2026-04-16T17:16:51","modified_gmt":"2026-04-16T22:16:51","slug":"woocommerce-api-manager","status":"publish","type":"product","link":"https:\/\/gpl-love.com\/es\/producto\/woocommerce-api-manager\/","title":{"rendered":"WooCommerce API Manager 3.7.5"},"content":{"rendered":"<h3>WooCommerce API Manager Caracteristicas<\/h3>\n<p>El gerente de la API de WooCommerce es una herramienta incre\u00edblemente robusta y eficiente que ha sido intrincadamente dise\u00f1ada para ayudar a las empresas a administrar y ejercer efectivo el control sobre el acceso a su API de WooCommerce. Ofrece una multitud de caracter\u00edsticas y funcionalidades, incluida la capacidad de generar claves API sin esfuerzo para los clientes, regular efectivamente el acceso a varios puntos finales de API y monitorear diligentemente el uso de API para los primeros efectos de la seguridad y la eficiencia. Esta soluci\u00f3n innovadora y muy ventajosa es particularmente adecuada para las empresas que se encuentran en la posici\u00f3n de necesitar proporcionar a sus clientes acceso a API, todo al tiempo que garantiza los mayores niveles de seguridad y confiabilidad para dicha API. Al emplear al gerente de la API de WooCommerce, las empresas pueden administrar sin problemas y sin esfuerzo su API, otorgando as\u00ed a sus clientes un acceso seguro y firme a su estimada tienda de WooCommerce.<\/p>\n<ul>\n<li>Integraci\u00f3n perfecta con la plataforma WooCommerce<\/li>\n<li>Capacidades de gesti\u00f3n de API robustas<\/li>\n<li>Comunicaci\u00f3n segura y cifrada entre la tienda y la aplicaci\u00f3n<\/li>\n<li>Complementos personalizables para satisfacer necesidades comerciales espec\u00edficas<\/li>\n<li>Configuraci\u00f3n y configuraci\u00f3n f\u00e1cil<\/li>\n<li>Sincronizaci\u00f3n de datos en tiempo real para el inventario actualizado y la gesti\u00f3n de pedidos<\/li>\n<li>Gesti\u00f3n de claves de API para una seguridad elevada<\/li>\n<li>Capacidad para extender y mejorar la funcionalidad de la API de WooCommerce existente<\/li>\n<li>Excelente soporte al cliente y documentaci\u00f3n<\/li>\n<li>Flujo de trabajo simplificado para una mayor productividad y eficiencia<\/li>\n<\/ul>\n","protected":false},"excerpt":{"rendered":"<p>Administrar su tienda en l\u00ednea nunca ha sido m\u00e1s f\u00e1cil gracias a la entrada WooCommerce API Manager, una herramienta altamente eficiente que optimiza la administraci\u00f3n de las API de su tienda y proporciona una supervisi\u00f3n integral de sus productos, clientes y pedidos. Al ofrecer capacidades de seguimiento e informes en tiempo real, esta herramienta robusta le capacita con completa visibilidad en cada faceta del rendimiento de su tienda. Adem\u00e1s, se integra perfectamente con su instalaci\u00f3n de WooCommerce preexistente, simplificando significativamente el proceso de configuraci\u00f3n. En consecuencia, ya sea que se encuentre en las etapas iniciales de establecer su tienda en l\u00ednea o que busque mejorar sus capacidades, la entrada WooCommerce API Manager sirve como la soluci\u00f3n definitiva para cumplir con todos sus requisitos.<\/p>\n","protected":false},"featured_media":168042,"comment_status":"open","ping_status":"open","template":"","meta":[],"product_brand":[2344],"product_cat":[1208,1207,1206],"product_tag":[1423],"class_list":{"0":"post-126520","1":"product","2":"type-product","3":"status-publish","4":"has-post-thumbnail","6":"product_brand-woocommerce","7":"product_cat-administracion","8":"product_cat-comercio-electronico-plugins","9":"product_cat-plugins","10":"product_tag-woocommerce","11":"member-discount","12":"discount-restricted","14":"first","15":"instock","16":"sale","17":"downloadable","18":"virtual","19":"sold-individually","20":"purchasable","21":"product-type-simple"},"_links":{"self":[{"href":"https:\/\/gpl-love.com\/es\/wp-json\/wp\/v2\/product\/126520","targetHints":{"allow":["GET"]}}],"collection":[{"href":"https:\/\/gpl-love.com\/es\/wp-json\/wp\/v2\/product"}],"about":[{"href":"https:\/\/gpl-love.com\/es\/wp-json\/wp\/v2\/types\/product"}],"replies":[{"embeddable":true,"href":"https:\/\/gpl-love.com\/es\/wp-json\/wp\/v2\/comments?post=126520"}],"wp:featuredmedia":[{"embeddable":true,"href":"https:\/\/gpl-love.com\/es\/wp-json\/wp\/v2\/media\/168042"}],"wp:attachment":[{"href":"https:\/\/gpl-love.com\/es\/wp-json\/wp\/v2\/media?parent=126520"}],"wp:term":[{"taxonomy":"product_brand","embeddable":true,"href":"https:\/\/gpl-love.com\/es\/wp-json\/wp\/v2\/product_brand?post=126520"},{"taxonomy":"product_cat","embeddable":true,"href":"https:\/\/gpl-love.com\/es\/wp-json\/wp\/v2\/product_cat?post=126520"},{"taxonomy":"product_tag","embeddable":true,"href":"https:\/\/gpl-love.com\/es\/wp-json\/wp\/v2\/product_tag?post=126520"}],"curies":[{"name":"wp","href":"https:\/\/api.w.org\/{rel}","templated":true}]}}