{"id":126519,"date":"2026-02-24T00:00:00","date_gmt":"2026-02-24T05:00:00","guid":{"rendered":"https:\/\/gpl-love.com\/es\/producto\/woocommerce-anti-fraud\/"},"modified":"2026-04-10T11:31:20","modified_gmt":"2026-04-10T16:31:20","slug":"woocommerce-anti-fraud","status":"publish","type":"product","link":"https:\/\/gpl-love.com\/es\/producto\/woocommerce-anti-fraud\/","title":{"rendered":"WooCommerce Anti Fraud 7.2.4"},"content":{"rendered":"<h3>WooCommerce Anti Fraud Caracteristicas<\/h3>\n<p>WooCommerce contra el fraude es una herramienta extremadamente robusta y efectiva que se ha creado espec\u00edficamente para fortalecer y salvaguardar su estimada tienda en l\u00ednea de cualquier actividad fraudulenta potenciales que puedan surgir. Con la implementaci\u00f3n de este complemento altamente avanzado y sofisticado, se le otorgar\u00e1 la notable capacidad de monitorear de cerca y diligentemente todas las transacciones de manera real, lo que le permite identificar de manera r\u00e1pida y decisiva y posteriormente bloquear cualquier transacci\u00f3n sospechosa, frustrando de manera efectiva el de manera efectiva. intenciones nefastas de estafadores y evitando que se procesen cualquier \u00f3rdenes fraudulentos.<\/p>\n<p>Esta ingeniosa herramienta aprovecha la vasta potencia y las capacidades de los algoritmos de vanguardia y los intrincados mecanismos de aprendizaje autom\u00e1tico para analizar y analizar meticulosamente el comportamiento del cliente, estudiando y detectando ampliamente cualquier patr\u00f3n discernible que pueda servir potencialmente como signos reveladores de la actividad fraudulenta. El multifac\u00e9tico WooCommerce Anti fraude tambi\u00e9n le proporciona generosamente un informe en profundidad e integral relacionado con todas y cada una de contra futuros intentos de fraude. Por lo tanto, independientemente de si preside una entidad corporativa pintoresca y modesta a peque\u00f1a escala o una entidad corporativa en expansi\u00f3n y sofisticada, adoptar e integrar WooCommerce Anti fraude es una medida indispensable e indispensable que sin duda demostrar\u00e1 ser fundamental en la presunci\u00f3n y segura de los intereses comerciales y sus intereses comerciales y sus intereses comerciales y y las cosas. Los intereses y el bienestar de su estimada clientela, protegi\u00e9ndolos efectivamente del flagelo de actividades fraudulentas.<\/p>\n<ul>\n<li>Proporciona protecci\u00f3n de fraude avanzada para tiendas en l\u00ednea utilizando la plataforma WooCommerce<\/li>\n<li>Utiliza algoritmos de aprendizaje autom\u00e1tico para detectar y prevenir transacciones fraudulentas<\/li>\n<li>Bloquea autom\u00e1ticamente pedidos de alto riesgo y alerta a los comerciantes de posibles intentos de fraude<\/li>\n<li>Reduce las tasas de devoluci\u00f3n y minimiza las p\u00e9rdidas financieras para las empresas<\/li>\n<li>Incluye monitoreo de pedidos en tiempo real y reglas de fraude personalizables para mayor seguridad<\/li>\n<li>Ofrece an\u00e1lisis detallados de fraude e informes para ayudar a las empresas a obtener informaci\u00f3n sobre sus estrategias de prevenci\u00f3n de fraude<\/li>\n<li>Compatible con varias pasarelas de pago y funciona sin problemas con otras extensiones de WooCommerce<\/li>\n<li>F\u00e1cil de instalar y usar, con interfaz f\u00e1cil de usar y documentaci\u00f3n y soporte integral<\/li>\n<li>Soluci\u00f3n rentable para empresas de todos los tama\u00f1os para mejorar su seguridad en l\u00ednea y proteger sus resultados<\/li>\n<\/ul>\n","protected":false},"excerpt":{"rendered":"<p>WooCommerce contra el fraude sirve como una soluci\u00f3n formidable, lo que permite a las empresas en l\u00ednea identificar de manera efectiva \u00f3rdenes enga\u00f1osas y frustrar de manera proactiva cualquier posible devoluci\u00f3n de cargo. Aprovechando los sofisticados algoritmos de aprendizaje autom\u00e1tico, este complemento analiza meticulosamente varios aspectos, como el comportamiento del cliente, la geolocalizaci\u00f3n de IP y otros factores contribuyentes para marcar r\u00e1pidamente los posibles estafadores. Al ofrecer alertas en tiempo real e implementar reglas automatizadas, las empresas pueden evaluar r\u00e1pidamente los pedidos dudosos y tomar las medidas necesarias para fortalecer sus intereses. Instalar y configurar WooCommerce anti fraude es un proceso sin problemas, y cuenta con un tablero integral que proporciona informaci\u00f3n valiosa sobre sus esfuerzos de prevenci\u00f3n de fraude. Eleve sus ingresos y minimice el riesgo aprovechando el poder de WooCommerce contra el fraude.<\/p>\n","protected":false},"featured_media":168041,"comment_status":"open","ping_status":"open","template":"","meta":[],"product_brand":[2344],"product_cat":[1208,1207,1206],"product_tag":[1423],"class_list":{"0":"post-126519","1":"product","2":"type-product","3":"status-publish","4":"has-post-thumbnail","6":"product_brand-woocommerce","7":"product_cat-administracion","8":"product_cat-comercio-electronico-plugins","9":"product_cat-plugins","10":"product_tag-woocommerce","11":"member-discount","12":"discount-restricted","14":"first","15":"instock","16":"sale","17":"downloadable","18":"virtual","19":"sold-individually","20":"purchasable","21":"product-type-simple"},"_links":{"self":[{"href":"https:\/\/gpl-love.com\/es\/wp-json\/wp\/v2\/product\/126519","targetHints":{"allow":["GET"]}}],"collection":[{"href":"https:\/\/gpl-love.com\/es\/wp-json\/wp\/v2\/product"}],"about":[{"href":"https:\/\/gpl-love.com\/es\/wp-json\/wp\/v2\/types\/product"}],"replies":[{"embeddable":true,"href":"https:\/\/gpl-love.com\/es\/wp-json\/wp\/v2\/comments?post=126519"}],"wp:featuredmedia":[{"embeddable":true,"href":"https:\/\/gpl-love.com\/es\/wp-json\/wp\/v2\/media\/168041"}],"wp:attachment":[{"href":"https:\/\/gpl-love.com\/es\/wp-json\/wp\/v2\/media?parent=126519"}],"wp:term":[{"taxonomy":"product_brand","embeddable":true,"href":"https:\/\/gpl-love.com\/es\/wp-json\/wp\/v2\/product_brand?post=126519"},{"taxonomy":"product_cat","embeddable":true,"href":"https:\/\/gpl-love.com\/es\/wp-json\/wp\/v2\/product_cat?post=126519"},{"taxonomy":"product_tag","embeddable":true,"href":"https:\/\/gpl-love.com\/es\/wp-json\/wp\/v2\/product_tag?post=126519"}],"curies":[{"name":"wp","href":"https:\/\/api.w.org\/{rel}","templated":true}]}}