{"id":126518,"date":"2026-04-18T00:00:00","date_gmt":"2026-04-18T05:00:00","guid":{"rendered":"https:\/\/gpl-love.com\/es\/producto\/woocommerce-amazon-s3-storage\/"},"modified":"2026-04-18T17:16:34","modified_gmt":"2026-04-18T22:16:34","slug":"woocommerce-amazon-s3-storage","status":"publish","type":"product","link":"https:\/\/gpl-love.com\/es\/producto\/woocommerce-amazon-s3-storage\/","title":{"rendered":"WooCommerce Amazon S3 Storage 3.5.1"},"content":{"rendered":"<h3>WooCommerce Amazon S3 Storage Caracteristicas<\/h3>\n<p>El complemento de almacenamiento WooCommerce Amazon S3 es una herramienta muy beneficiosa, ya que le permite almacenar convenientemente los archivos multimedia de su tienda WooCommerce en el servicio de almacenamiento en la nube proporcionado por Amazon S3. Al utilizar este complemento, puede crear m\u00e1s espacio en el servidor de su sitio web, optimizar la velocidad de carga de su sitio web y disfrutar de las ventajas de una soluci\u00f3n de almacenamiento segura y confiable para todos sus archivos.<\/p>\n<p>Este complemento le otorga la capacidad de transferir sin esfuerzo sus archivos multimedia existentes a Amazon S3 y administrarlos sin esfuerzo directamente desde su tablero de WooCommerce. Adem\u00e1s, tiene la opci\u00f3n de establecer pol\u00edticas espec\u00edficas sobre el acceso y la retenci\u00f3n de archivos, e integrarse sin problemas con otros productos notables ofrecidos por Amazon Web Services (AWS), como CloudFront y Elastic Transcoder.<\/p>\n<p>A trav\u00e9s de la utilizaci\u00f3n del complemento de almacenamiento WooCommerce Amazon S3, puede garantizar que sus archivos multimedia siempre permanezcan f\u00e1cilmente accesibles, respaldados de forma segura y bien protegida. Adem\u00e1s, este complemento asegura que sus clientes puedan disfrutar de una experiencia de compra perfecta en su sitio web, mejorando a\u00fan m\u00e1s su satisfacci\u00f3n general.<\/p>\n<ul>\n<li>Integre perfectamente su tienda WooCommerce con Amazon S3 Storage<\/li>\n<li>Administre f\u00e1cilmente sus productos y archivos digitales en Amazon S3<\/li>\n<li>Almacene de forma segura sus archivos digitales con las s\u00f3lidas funciones de seguridad de Amazon<\/li>\n<li>Mejorar el rendimiento del sitio web descargando archivos grandes a Amazon S3<\/li>\n<li>Opciones de almacenamiento flexibles para ayudarlo a encontrar el plan adecuado para sus necesidades comerciales<\/li>\n<li>No m\u00e1s preocupado por las limitaciones de almacenamiento en el anfitri\u00f3n de su sitio web<\/li>\n<li>Automatice su almacenamiento y entrega de productos digitales para optimizar su flujo de trabajo<\/li>\n<li>Obtenga tranquilidad con almacenamiento redundante para una mayor protecci\u00f3n de datos<\/li>\n<li>Atenci\u00f3n al cliente disponible para ayudar en cualquier problema que pueda encontrar<\/li>\n<li>Proceso de instalaci\u00f3n simple con instrucciones claras y paso a paso.<\/li>\n<\/ul>\n","protected":false},"excerpt":{"rendered":"<p>El complemento de almacenamiento de WooCommerce Amazon S3, una herramienta confiable y de alto rendimiento, ofrece a los usuarios la capacidad de guardar sin esfuerzo y sin problemas los datos de su sitio web dentro del robusto almacenamiento en la nube de Amazon S3. Al facilitar la integraci\u00f3n suave y optimizar el proceso de configuraci\u00f3n, este complemento otorga a los clientes una soluci\u00f3n escalable e inexpugnable para manejar y organizar efectivamente el contenido diverso de su sitio web, que abarca im\u00e1genes, audio, video y otros tipos de archivos. En \u00faltima instancia, al aprovechar el complemento de almacenamiento de WooCommerce Amazon S3, los usuarios pueden almacenar sus datos sin ninguna dificultad o preocupaci\u00f3n, mejorando simult\u00e1neamente la velocidad de su sitio web y optimizando su rendimiento general.<\/p>\n","protected":false},"featured_media":168040,"comment_status":"open","ping_status":"open","template":"","meta":[],"product_brand":[2344],"product_cat":[1208,1207,1206],"product_tag":[1423],"class_list":{"0":"post-126518","1":"product","2":"type-product","3":"status-publish","4":"has-post-thumbnail","6":"product_brand-woocommerce","7":"product_cat-administracion","8":"product_cat-comercio-electronico-plugins","9":"product_cat-plugins","10":"product_tag-woocommerce","11":"member-discount","12":"discount-restricted","14":"first","15":"instock","16":"sale","17":"downloadable","18":"virtual","19":"sold-individually","20":"purchasable","21":"product-type-simple"},"_links":{"self":[{"href":"https:\/\/gpl-love.com\/es\/wp-json\/wp\/v2\/product\/126518","targetHints":{"allow":["GET"]}}],"collection":[{"href":"https:\/\/gpl-love.com\/es\/wp-json\/wp\/v2\/product"}],"about":[{"href":"https:\/\/gpl-love.com\/es\/wp-json\/wp\/v2\/types\/product"}],"replies":[{"embeddable":true,"href":"https:\/\/gpl-love.com\/es\/wp-json\/wp\/v2\/comments?post=126518"}],"wp:featuredmedia":[{"embeddable":true,"href":"https:\/\/gpl-love.com\/es\/wp-json\/wp\/v2\/media\/168040"}],"wp:attachment":[{"href":"https:\/\/gpl-love.com\/es\/wp-json\/wp\/v2\/media?parent=126518"}],"wp:term":[{"taxonomy":"product_brand","embeddable":true,"href":"https:\/\/gpl-love.com\/es\/wp-json\/wp\/v2\/product_brand?post=126518"},{"taxonomy":"product_cat","embeddable":true,"href":"https:\/\/gpl-love.com\/es\/wp-json\/wp\/v2\/product_cat?post=126518"},{"taxonomy":"product_tag","embeddable":true,"href":"https:\/\/gpl-love.com\/es\/wp-json\/wp\/v2\/product_tag?post=126518"}],"curies":[{"name":"wp","href":"https:\/\/api.w.org\/{rel}","templated":true}]}}