{"id":126517,"date":"2025-12-23T00:00:00","date_gmt":"2025-12-23T05:00:00","guid":{"rendered":"https:\/\/gpl-love.com\/es\/producto\/woocommerce-amazon-fulfillment\/"},"modified":"2026-03-09T08:19:57","modified_gmt":"2026-03-09T13:19:57","slug":"woocommerce-amazon-fulfillment","status":"publish","type":"product","link":"https:\/\/gpl-love.com\/es\/producto\/woocommerce-amazon-fulfillment\/","title":{"rendered":"WooCommerce Amazon Fulfillment 4.2.9.5"},"content":{"rendered":"<h3>WooCommerce Amazon Fulfillment Caracteristicas<\/h3>\n<p>WooCommerce Amazon Fulfillment es un complemento excepcionalmente poderoso que facilita la racionalizaci\u00f3n de sus operaciones de comercio electr\u00f3nico integrando perfectamente su tienda WooCommerce con el altamente estimado cumplimiento de Amazon por el servicio de Amazon (FBA). Este notable complemento automatiza todo el proceso de cumplimiento, comenzando desde la colocaci\u00f3n de pedidos para administrar con precisi\u00f3n el inventario y concluir con env\u00edo eficiente. En consecuencia, esto no solo le ahorra una cantidad considerable de tiempo valioso, sino que tambi\u00e9n le permite supervisar y administrar efectivamente su tienda en l\u00ednea. Las caracter\u00edsticas multifac\u00e9ticas de WooCommerce Amazon Fulfillment abarcan la gesti\u00f3n sin esfuerzo y el seguimiento de todos los pedidos e inventario de Amazon FBA, acceso a informes integrales de env\u00edo y cumplimiento, as\u00ed como la disponibilidad de apoyo r\u00e1pido al servicio al cliente. Por lo tanto, este complemento es el ep\u00edtome de la perfecci\u00f3n para los minoristas en l\u00ednea que aspiran a ampliar sus horizontes al expiar sus productos en Amazon, todo al tiempo que garantiza una sincronizaci\u00f3n perfecta con su tienda de WooCommerce. Los invaluables beneficios ofrecidos por la red de cumplimiento de clase mundial de Amazon se pueden aprovechar sin esfuerzo a trav\u00e9s de la utilizaci\u00f3n de WooCommerce Amazon Fulfillment, evitando as\u00ed la necesidad de abandonar su preciada tienda de WooCommerce.<\/p>\n<ul>\n<li>Integraci\u00f3n perfecta entre WooCommerce y Amazon Fulfillment<\/li>\n<li>Sincrita autom\u00e1ticamente los datos del pedido y los env\u00eda a Amazon para su cumplimiento<\/li>\n<li>Rastrea el estado del env\u00edo y actualiza el estado del pedido en WooCommerce<\/li>\n<li>Simplifica la gesti\u00f3n de pedidos al eliminar la entrada de datos manuales y la reducci\u00f3n de los errores<\/li>\n<li>Mejora la satisfacci\u00f3n del cliente al proporcionar informaci\u00f3n de entrega m\u00e1s precisa<\/li>\n<li>Ahorra tiempo y aumenta la eficiencia para los comerciantes en l\u00ednea<\/li>\n<li>Proporciona acceso a la red de log\u00edstica y distribuci\u00f3n de clase mundial de Amazon<\/li>\n<li>Ofrece seguimiento de inventario en tiempo real y alertas para productos fuera de existencia<\/li>\n<li>Admite m\u00faltiples opciones de cumplimiento que incluyen FBA, el Vendedor Fulfado Prime y el cumplimiento de los comerciantes<\/li>\n<\/ul>\n","protected":false},"excerpt":{"rendered":"<p>WooCommerce Amazon Fulfillment, un complemento muy potente, sirve como una herramienta invaluable para los minoristas en l\u00ednea que buscan racionalizar y automatizar su proceso de env\u00edo de pedidos a trav\u00e9s de una integraci\u00f3n perfecta con Amazon FBA (Fulfillment by Amazon). Este complemento confiere a los usuarios la capacidad de enviar sin esfuerzo sus pedidos a los almacenes operados por Amazon, lo que posteriormente facilita la entrega r\u00e1pida de productos a su estimada clientela, mientras minimiza cualquier complicaci\u00f3n log\u00edstica que pueda surgir. Adem\u00e1s, las funcionalidades de este complemento se extienden para abarcar el seguimiento en tiempo real de los env\u00edos, lo que permite a los minoristas ejercer un mayor control sobre el proceso de env\u00edo, un factor que invariablemente cataliza la mejora de la satisfacci\u00f3n del cliente. Adem\u00e1s, este complemento revolucionario demuestra su notable versatilidad al armonizar eficazmente la gesti\u00f3n de inventario con el intrincado marco de la cuenta del vendedor de Amazon, eliminando as\u00ed los desaf\u00edos prevalentes que invariablemente acompa\u00f1an tales esfuerzos. Independientemente de si las operaciones de env\u00edo de uno son inherentemente nacionales de naturaleza o poseen una dimensi\u00f3n internacional, la indispensabilidad del cumplimiento de Amazon de WooCommerce se manifiesta en su capacidad para abordar efectivamente el reino multifac\u00e9tico de cumplimiento de pedidos, permitiendo as\u00ed a los minoristas en l\u00ednea para priorizar la expansi\u00f3n y la maduraci\u00f3n de sus Empresas de comercio electr\u00f3nico.<\/p>\n","protected":false},"featured_media":168039,"comment_status":"open","ping_status":"open","template":"","meta":[],"product_brand":[2344],"product_cat":[1208,1207,1206],"product_tag":[1423],"class_list":{"0":"post-126517","1":"product","2":"type-product","3":"status-publish","4":"has-post-thumbnail","6":"product_brand-woocommerce","7":"product_cat-administracion","8":"product_cat-comercio-electronico-plugins","9":"product_cat-plugins","10":"product_tag-woocommerce","11":"member-discount","12":"discount-restricted","14":"first","15":"instock","16":"sale","17":"downloadable","18":"virtual","19":"sold-individually","20":"purchasable","21":"product-type-simple"},"_links":{"self":[{"href":"https:\/\/gpl-love.com\/es\/wp-json\/wp\/v2\/product\/126517","targetHints":{"allow":["GET"]}}],"collection":[{"href":"https:\/\/gpl-love.com\/es\/wp-json\/wp\/v2\/product"}],"about":[{"href":"https:\/\/gpl-love.com\/es\/wp-json\/wp\/v2\/types\/product"}],"replies":[{"embeddable":true,"href":"https:\/\/gpl-love.com\/es\/wp-json\/wp\/v2\/comments?post=126517"}],"wp:featuredmedia":[{"embeddable":true,"href":"https:\/\/gpl-love.com\/es\/wp-json\/wp\/v2\/media\/168039"}],"wp:attachment":[{"href":"https:\/\/gpl-love.com\/es\/wp-json\/wp\/v2\/media?parent=126517"}],"wp:term":[{"taxonomy":"product_brand","embeddable":true,"href":"https:\/\/gpl-love.com\/es\/wp-json\/wp\/v2\/product_brand?post=126517"},{"taxonomy":"product_cat","embeddable":true,"href":"https:\/\/gpl-love.com\/es\/wp-json\/wp\/v2\/product_cat?post=126517"},{"taxonomy":"product_tag","embeddable":true,"href":"https:\/\/gpl-love.com\/es\/wp-json\/wp\/v2\/product_tag?post=126517"}],"curies":[{"name":"wp","href":"https:\/\/api.w.org\/{rel}","templated":true}]}}