{"id":126516,"date":"2026-03-06T00:00:00","date_gmt":"2026-03-06T05:00:00","guid":{"rendered":"https:\/\/gpl-love.com\/es\/producto\/woocommerce-amazon-affiliates-woozone-wordpress-plugin\/"},"modified":"2026-04-10T11:31:18","modified_gmt":"2026-04-10T16:31:18","slug":"woocommerce-amazon-affiliates-woozone-wordpress-plugin","status":"publish","type":"product","link":"https:\/\/gpl-love.com\/es\/producto\/woocommerce-amazon-affiliates-woozone-wordpress-plugin\/","title":{"rendered":"WooCommerce Amazon Affiliates WooZone WordPress Plugin 15.1.0"},"content":{"rendered":"<h3>WooCommerce Amazon Affiliates WooZone WordPress Plugin Caracteristicas<\/h3>\n<p>El complemento WooCommerce Amazon Affiliates Woozone WordPress es una herramienta incre\u00edblemente poderosa que mejora efectivamente las ventas en l\u00ednea al integrar sin problemas el extenso cat\u00e1logo de productos de Amazon en su tienda de WooCommerce. A trav\u00e9s de la utilizaci\u00f3n de este complemento, puede importar sin esfuerzo una amplia gama de productos de Amazon en su tienda, automatizar sin esfuerzo las actualizaciones de productos y obtener comisiones lucrativamente al participar en el programa de afiliados lucrativos de Amazon. Adem\u00e1s, este complemento ofrece una gran cantidad de caracter\u00edsticas avanzadas, incluida la sincronizaci\u00f3n de productos de vanguardia, el control meticuloso de la variaci\u00f3n del producto y la importaci\u00f3n perfecta de las revisiones de productos. En consecuencia, este complemento sirve como la opci\u00f3n por excelencia para cualquier tienda de WooCommerce que aspira a aprovechar la colosal base de clientes de Amazon. Con una interfaz navegable sin esfuerzo y una gama integral de funcionalidades robustas, el WooCommerce Amazon afiliados a Woozone WordPress Plugin surge indudablemente como un activo indispensable para cualquier tienda en l\u00ednea que busque reforzar su crecimiento y expandir sus empresas comerciales.<\/p>\n<ul>\n<li>Conecta su tienda WooCommerce al programa de afiliados de Amazon<\/li>\n<li>Importa productos de Amazon a su tienda con solo unos pocos clics<\/li>\n<li>Informaci\u00f3n del producto de actualizaci\u00f3n autom\u00e1tica que incluye precio, disponibilidad y m\u00e1s<\/li>\n<li>Agrega autom\u00e1ticamente su ID de afiliado de Amazon \u00fanica a todos los enlaces de productos<\/li>\n<li>Permite t\u00edtulos de productos personalizados, descripciones y categor\u00edas<\/li>\n<li>Proporciona informaci\u00f3n detallada del producto, incluidas las revisiones y calificaciones de los clientes.<\/li>\n<li>Incluye filtros de b\u00fasqueda avanzados y opciones para clasificar y priorizar productos.<\/li>\n<li>Ofrece opciones de visualizaci\u00f3n flexibles, que incluyen cuadr\u00edculas, listas y widgets<\/li>\n<li>Le permite obtener comisiones en cada venta realizada a trav\u00e9s de su enlace de afiliado<\/li>\n<li>Ahorra tiempo y aumenta los ingresos al simplificar el proceso de marketing de afiliaci\u00f3n.<\/li>\n<\/ul>\n","protected":false},"excerpt":{"rendered":"<p>WooCommerce Amazon Affiliates Woozone WordPress Plugin, reconocido por su notable funcionalidad, sirve como un activo invaluable para los propietarios de sitios de WordPress que buscan capitalizar eficientemente sus plataformas en l\u00ednea a trav\u00e9s de una integraci\u00f3n perfecta con el estimado programa de Amazon Associates. Ofreciendo una variedad de caracter\u00edsticas de vanguardia, que incluyen importaci\u00f3n automatizada de productos, plantillas personalizables y capacidades integrales de informes, Woozone facilita sin esfuerzo a los usuarios para mostrar una gran cantidad de productos de Amazon, lo que luego les permite obtener comisiones lucrativas para cada venta exitosa. Independientemente de si opera un centro de comercio electr\u00f3nico o un blog cautivador, incorporar este complemento indispensable en su repertorio digital es una necesidad absoluta para aquellos decididos a aumentar sus flujos de ingresos virtuales.<\/p>\n","protected":false},"featured_media":168038,"comment_status":"open","ping_status":"open","template":"","meta":[],"product_brand":[2339],"product_cat":[1207,1225,1206],"product_tag":[1256],"class_list":{"0":"post-126516","1":"product","2":"type-product","3":"status-publish","4":"has-post-thumbnail","6":"product_brand-codecanyon","7":"product_cat-comercio-electronico-plugins","8":"product_cat-marketing","9":"product_cat-plugins","10":"product_tag-codecanyon","11":"member-discount","12":"discount-restricted","14":"first","15":"instock","16":"sale","17":"downloadable","18":"virtual","19":"sold-individually","20":"purchasable","21":"product-type-simple"},"_links":{"self":[{"href":"https:\/\/gpl-love.com\/es\/wp-json\/wp\/v2\/product\/126516","targetHints":{"allow":["GET"]}}],"collection":[{"href":"https:\/\/gpl-love.com\/es\/wp-json\/wp\/v2\/product"}],"about":[{"href":"https:\/\/gpl-love.com\/es\/wp-json\/wp\/v2\/types\/product"}],"replies":[{"embeddable":true,"href":"https:\/\/gpl-love.com\/es\/wp-json\/wp\/v2\/comments?post=126516"}],"wp:featuredmedia":[{"embeddable":true,"href":"https:\/\/gpl-love.com\/es\/wp-json\/wp\/v2\/media\/168038"}],"wp:attachment":[{"href":"https:\/\/gpl-love.com\/es\/wp-json\/wp\/v2\/media?parent=126516"}],"wp:term":[{"taxonomy":"product_brand","embeddable":true,"href":"https:\/\/gpl-love.com\/es\/wp-json\/wp\/v2\/product_brand?post=126516"},{"taxonomy":"product_cat","embeddable":true,"href":"https:\/\/gpl-love.com\/es\/wp-json\/wp\/v2\/product_cat?post=126516"},{"taxonomy":"product_tag","embeddable":true,"href":"https:\/\/gpl-love.com\/es\/wp-json\/wp\/v2\/product_tag?post=126516"}],"curies":[{"name":"wp","href":"https:\/\/api.w.org\/{rel}","templated":true}]}}