{"id":126515,"date":"2022-02-17T00:00:00","date_gmt":"2022-02-17T05:00:00","guid":{"rendered":"https:\/\/gpl-love.com\/es\/producto\/woocommerce-alipay-cross-border-payment-gateway\/"},"modified":"2026-04-10T11:31:18","modified_gmt":"2026-04-10T16:31:18","slug":"woocommerce-alipay-cross-border-payment-gateway","status":"publish","type":"product","link":"https:\/\/gpl-love.com\/es\/producto\/woocommerce-alipay-cross-border-payment-gateway\/","title":{"rendered":"WooCommerce Alipay Cross Border Payment Gateway 3.0"},"content":{"rendered":"<h3>WooCommerce Alipay Cross Border Payment Gateway Caracteristicas<\/h3>\n<p>La pasarela de pago transfronterizo de WooCommerce Alipay es una soluci\u00f3n incre\u00edblemente robusta y altamente efectiva que permite a los comerciantes al facilitar el procesamiento sin problemas de los pagos transfronterizos derivados de los clientes chinos. Esta excepcional pasarela de pago ofrece a las empresas una oportunidad incomparable para integrar sin esfuerzo Alipay, que es indiscutiblemente la plataforma de pago en l\u00ednea m\u00e1s prominente de China, en su tienda WooCommerce. Adem\u00e1s, este notable complemento cuenta con su compatibilidad con una gran cantidad de monedas, al tiempo que proporciona a los consumidores chinos una experiencia de pago simplificada y familiarizada. Adem\u00e1s, la pasarela de pago transfronterizo de WooCommerce Alipay garantiza la m\u00e1xima seguridad en todas las transacciones y empodera a\u00fan m\u00e1s a los comerciantes al proporcionarles la capacidad de administrar competentemente los reembolsos y las devoluciones de cargo. En virtud de su capacidad incomparable para facilitar los pagos transfronterizos, esta invaluable pasarela de pago abre sin duda las compuertas proverbiales a una variedad inimitable de nuevas y emocionantes oportunidades de negocios, sobre todo para aquellos empresarios intr\u00e9pidos que buscan aprovechar el potencial aparentemente ilimitado de la Mercado chino.<\/p>\n<ul>\n<li>Integraci\u00f3n perfecta con las tiendas en l\u00ednea de WooCommerce<\/li>\n<li>Aceptaci\u00f3n de pagos transfronterizos de Alipay, la plataforma de pago m\u00f3vil y en l\u00ednea m\u00e1s grande de China<\/li>\n<li>Capacidad para aumentar la base de clientes y llegar a un p\u00fablico m\u00e1s amplio<\/li>\n<li>Procesamiento de pago seguro y confiable<\/li>\n<li>Tarifas competitivas y tasas de transacci\u00f3n<\/li>\n<li>Configuraci\u00f3n y configuraci\u00f3n f\u00e1cil, con documentaci\u00f3n y soporte claros<\/li>\n<li>Compatible con todas las monedas principales y campos de pago personalizados<\/li>\n<li>Mejora la experiencia del cliente al proporcionar un m\u00e9todo de pago familiar y confiable para los consumidores chinos.<\/li>\n<li>Proceso de pago conveniente y simplificado tanto para comerciantes como para clientes<\/li>\n<li>P\u00e1ginas de pago personalizables y opciones de marca disponibles.<\/li>\n<\/ul>\n","protected":false},"excerpt":{"rendered":"<p>La pasarela de pago transfronterizo de WooCommerce Alipay est\u00e1 dise\u00f1ada para satisfacer las necesidades de los propietarios de tiendas en l\u00ednea de WooCommerce que desean una soluci\u00f3n de pago sin problemas que les permite aceptar pagos de los clientes a trav\u00e9s de las fronteras internacionales. Al integrar esta pasarela de pago en su tienda en l\u00ednea, obtiene la capacidad de recibir sin esfuerzo pagos a trav\u00e9s de Alipay, que es una plataforma de pago ampliamente utilizada en China. Esta puerta de entrada no solo garantiza el procesamiento seguro de los pagos, sino que tambi\u00e9n facilita la expansi\u00f3n de su negocio a escala global. Sin lugar a dudas, esta herramienta es indispensable para cualquier empresa que alberga aspiraciones de penetrar en el mercado chino.<\/p>\n","protected":false},"featured_media":168037,"comment_status":"open","ping_status":"open","template":"","meta":[],"product_brand":[2344],"product_cat":[1207,1426,1206],"product_tag":[1423],"class_list":{"0":"post-126515","1":"product","2":"type-product","3":"status-publish","4":"has-post-thumbnail","6":"product_brand-woocommerce","7":"product_cat-comercio-electronico-plugins","8":"product_cat-pago-comercio-electronico-plugins","9":"product_cat-plugins","10":"product_tag-woocommerce","11":"member-discount","12":"discount-restricted","14":"first","15":"instock","16":"sale","17":"downloadable","18":"virtual","19":"sold-individually","20":"purchasable","21":"product-type-simple"},"_links":{"self":[{"href":"https:\/\/gpl-love.com\/es\/wp-json\/wp\/v2\/product\/126515","targetHints":{"allow":["GET"]}}],"collection":[{"href":"https:\/\/gpl-love.com\/es\/wp-json\/wp\/v2\/product"}],"about":[{"href":"https:\/\/gpl-love.com\/es\/wp-json\/wp\/v2\/types\/product"}],"replies":[{"embeddable":true,"href":"https:\/\/gpl-love.com\/es\/wp-json\/wp\/v2\/comments?post=126515"}],"wp:featuredmedia":[{"embeddable":true,"href":"https:\/\/gpl-love.com\/es\/wp-json\/wp\/v2\/media\/168037"}],"wp:attachment":[{"href":"https:\/\/gpl-love.com\/es\/wp-json\/wp\/v2\/media?parent=126515"}],"wp:term":[{"taxonomy":"product_brand","embeddable":true,"href":"https:\/\/gpl-love.com\/es\/wp-json\/wp\/v2\/product_brand?post=126515"},{"taxonomy":"product_cat","embeddable":true,"href":"https:\/\/gpl-love.com\/es\/wp-json\/wp\/v2\/product_cat?post=126515"},{"taxonomy":"product_tag","embeddable":true,"href":"https:\/\/gpl-love.com\/es\/wp-json\/wp\/v2\/product_tag?post=126515"}],"curies":[{"name":"wp","href":"https:\/\/api.w.org\/{rel}","templated":true}]}}