{"id":126514,"date":"2025-10-29T00:00:00","date_gmt":"2025-10-29T05:00:00","guid":{"rendered":"https:\/\/gpl-love.com\/es\/producto\/woocommerce-ajax-enhanced-layered-navigation\/"},"modified":"2026-03-09T08:19:53","modified_gmt":"2026-03-09T13:19:53","slug":"woocommerce-ajax-enhanced-layered-navigation","status":"publish","type":"product","link":"https:\/\/gpl-love.com\/es\/producto\/woocommerce-ajax-enhanced-layered-navigation\/","title":{"rendered":"WooCommerce Ajax Enhanced Layered Navigation 2.1.0"},"content":{"rendered":"<h3>WooCommerce Ajax Enhanced Layered Navigation Caracteristicas<\/h3>\n<p>El WooCommerce Ajax mejor\u00f3 la navegaci\u00f3n en capas, siendo un complemento muy potente, otorga a los usuarios la capacidad conveniente de examinar y localizar sin esfuerzo los productos deseados dentro de su tienda WooCommerce. Con sus sofisticadas capacidades de filtrado, los clientes pueden identificar de manera r\u00e1pida y efectiva la mercanc\u00eda que buscan en funci\u00f3n de una gran cantidad de atributos exigentes como el precio, el color, el tama\u00f1o y m\u00e1s. Empleando la utilizaci\u00f3n de AJAX, este complemento garantiza una experiencia del usuario perfectamente inmersiva, por lo que los filtros se actualizan din\u00e1micamente en tiempo real, lo que evita la necesidad de que se refrescan las p\u00e1ginas engorrosas. Adem\u00e1s, este complemento ofrece una gran cantidad de opciones personalizables para la presentaci\u00f3n de filtros, acomodando las preferencias est\u00e9ticas divergentes, al tiempo que proporciona apoyo para una variedad de estilos de filtro. En resumen, la naturaleza indispensable de la navegaci\u00f3n en capas mejorada de WooCommerce AJAX lo convierte en un activo invaluable para cualquier establecimiento de comercio electr\u00f3nico que se esfuerce por mejorar la experiencia de compra de su clientela e impulsar aumentos sustanciales en las ventas.<\/p>\n<ul>\n<li>Proporciona a los usuarios una experiencia de navegaci\u00f3n suave y simplificada<\/li>\n<li>Ahorra tiempo y esfuerzo a los usuarios al permitir el filtrado r\u00e1pido de las opciones de productos<\/li>\n<li>Mejora la funcionalidad del widget de navegaci\u00f3n en capas de WooCommerce predeterminado<\/li>\n<li>Permite el filtrado AJAX, lo que significa que las actualizaciones de la p\u00e1gina son innecesarias<\/li>\n<li>Funciona sin problemas con todos los tipos de productos de WooCommerce<\/li>\n<li>Admite opciones de filtrado jer\u00e1rquicos de varios niveles<\/li>\n<li>Proporciona una interfaz intuitiva y f\u00e1cil de usar para filtrar productos<\/li>\n<li>Ofrece opciones de filtro personalizables para un f\u00e1cil reconocimiento de marca<\/li>\n<li>Aumenta la participaci\u00f3n del usuario con navegaci\u00f3n m\u00e1s r\u00e1pida y descubrimiento de productos m\u00e1s f\u00e1cil<\/li>\n<li>Proporciona an\u00e1lisis y seguimiento para una comprensi\u00f3n precisa del comportamiento del usuario<\/li>\n<\/ul>\n","protected":false},"excerpt":{"rendered":"<p>WooCommerce Ajax La navegaci\u00f3n en capas mejorada se jacta de su notable eficacia al racionalizar el procedimiento de filtrado de productos para su tienda virtual. Aprovecha el poder de la tecnolog\u00eda AJAX, lo que permite a los clientes examinar instant\u00e1neamente a trav\u00e9s de una extensa variedad de productos, todo mientras se adhiere a sus preferencias \u00fanicas. En virtud de su notable capacidad para filtrar productos basados \u200b\u200ben criterios como el rango de precios y los atributos de productos, los clientes pueden localizar sin esfuerzo y expediciones los productos espec\u00edficos que buscan. Adem\u00e1s, la funcionalidad de navegaci\u00f3n en capas mejorada facilita m\u00faltiples selecciones y exhibe convenientemente la cantidad de productos asociados con cada filtro, lo que genera una experiencia de usuario impecablemente perfecta. Otorgue a sus valiosos clientes la capacidad incomparable de explorar y adquirir productos de inmediato a trav\u00e9s del empleo de WooCommerce AJAX mejorada en capas de navegaci\u00f3n.<\/p>\n","protected":false},"featured_media":168036,"comment_status":"open","ping_status":"open","template":"","meta":[],"product_brand":[2344],"product_cat":[1207,1248,1206],"product_tag":[1423],"class_list":{"0":"post-126514","1":"product","2":"type-product","3":"status-publish","4":"has-post-thumbnail","6":"product_brand-woocommerce","7":"product_cat-comercio-electronico-plugins","8":"product_cat-personalizacion-comercio-electronico-plugins","9":"product_cat-plugins","10":"product_tag-woocommerce","11":"member-discount","12":"discount-restricted","14":"first","15":"instock","16":"sale","17":"downloadable","18":"virtual","19":"sold-individually","20":"purchasable","21":"product-type-simple"},"_links":{"self":[{"href":"https:\/\/gpl-love.com\/es\/wp-json\/wp\/v2\/product\/126514","targetHints":{"allow":["GET"]}}],"collection":[{"href":"https:\/\/gpl-love.com\/es\/wp-json\/wp\/v2\/product"}],"about":[{"href":"https:\/\/gpl-love.com\/es\/wp-json\/wp\/v2\/types\/product"}],"replies":[{"embeddable":true,"href":"https:\/\/gpl-love.com\/es\/wp-json\/wp\/v2\/comments?post=126514"}],"wp:featuredmedia":[{"embeddable":true,"href":"https:\/\/gpl-love.com\/es\/wp-json\/wp\/v2\/media\/168036"}],"wp:attachment":[{"href":"https:\/\/gpl-love.com\/es\/wp-json\/wp\/v2\/media?parent=126514"}],"wp:term":[{"taxonomy":"product_brand","embeddable":true,"href":"https:\/\/gpl-love.com\/es\/wp-json\/wp\/v2\/product_brand?post=126514"},{"taxonomy":"product_cat","embeddable":true,"href":"https:\/\/gpl-love.com\/es\/wp-json\/wp\/v2\/product_cat?post=126514"},{"taxonomy":"product_tag","embeddable":true,"href":"https:\/\/gpl-love.com\/es\/wp-json\/wp\/v2\/product_tag?post=126514"}],"curies":[{"name":"wp","href":"https:\/\/api.w.org\/{rel}","templated":true}]}}