{"id":126513,"date":"2023-10-17T00:00:00","date_gmt":"2023-10-17T05:00:00","guid":{"rendered":"https:\/\/gpl-love.com\/es\/producto\/woocommerce-aftership\/"},"modified":"2026-03-09T08:19:52","modified_gmt":"2026-03-09T13:19:52","slug":"woocommerce-aftership","status":"publish","type":"product","link":"https:\/\/gpl-love.com\/es\/producto\/woocommerce-aftership\/","title":{"rendered":"WooCommerce AfterShip 9.3"},"content":{"rendered":"<h3>WooCommerce AfterShip Caracteristicas<\/h3>\n<p>WooCommerce Aftership sirve como un complemento imperativo para las personas que son propietarios de tiendas en l\u00ednea y desean racionalizar su proceso de env\u00edo. Este complemento se integra perfectamente con su tienda WooCommerce y le ofrece la capacidad de rastrear efectivamente los env\u00edos desde un asombroso 600 transportistas en todo el mundo. Por medio de actualizaciones de seguimiento en tiempo real y notificaciones de entrega, posee la capacidad de mantener constantemente a sus clientes bien informados durante cada paso del viaje de env\u00edo. Adem\u00e1s, tambi\u00e9n posee la capacidad de generar sin esfuerzo etiquetas de env\u00edo y resbalones de embalaje directamente desde su tablero de WooCommerce, lo que resulta en una reducci\u00f3n significativa de tiempo y esfuerzo. Vale la pena se\u00f1alar que WooCommerce Aftership tambi\u00e9n presenta una variedad de potentes an\u00e1lisis de an\u00e1lisis e informes, que le brindan la capacidad de identificar las tendencias y optimizar su estrategia de env\u00edo en consecuencia. Al implementar WooCommerce Aftership, podr\u00e1 elevar los niveles de satisfacci\u00f3n del cliente y mejorar la experiencia general de env\u00edo para su estimada clientela.<\/p>\n<ul>\n<li>Integre perfectamente la funcionalidad de seguimiento de postes en su tienda WooCommerce<\/li>\n<li>Permitir a los clientes rastrear sus pedidos directamente desde su tienda.<\/li>\n<li>Actualice instant\u00e1neamente la informaci\u00f3n de seguimiento para sus clientes<\/li>\n<li>Personalizar la informaci\u00f3n de seguimiento con su propia marca<\/li>\n<li>Administrar f\u00e1cilmente la informaci\u00f3n de seguimiento para m\u00faltiples operadores<\/li>\n<li>Enviar autom\u00e1ticamente informaci\u00f3n de seguimiento a los clientes a trav\u00e9s de notificaciones por correo electr\u00f3nico<\/li>\n<li>Aumentar la satisfacci\u00f3n del cliente al proporcionar una experiencia de seguimiento optimizada<\/li>\n<li>Monitorear el rendimiento de la entrega y el env\u00edo con ideas y an\u00e1lisis detallados<\/li>\n<li>Mant\u00e9ngase al tanto de los estados de pedido con actualizaciones de seguimiento en tiempo real<\/li>\n<li>Solicitudes de soporte m\u00e1s baja al empoderar a los clientes para rastrear sus pedidos de forma independiente<\/li>\n<\/ul>\n","protected":false},"excerpt":{"rendered":"<p>WooCommerce Aftership es un complemento altamente eficiente y f\u00e1cil de usar que sirve para facilitar el seguimiento sin esfuerzo de sus env\u00edos. Se integra impecablemente con su tienda WooCommerce, lo que permite la extracci\u00f3n autom\u00e1tica de la informaci\u00f3n de seguimiento de operadores prominentes como UPS, USPS, FedEx y DHL. Adem\u00e1s, le permite ingresar los n\u00fameros de seguimiento manualmente y monitorear de cerca el progreso de entrega de sus pedidos, todo desde la conveniencia de su tablero de WooCommerce. Adem\u00e1s, este notable complemento hace un esfuerzo adicional al comunicarse de manera efectiva con sus valiosos clientes a trav\u00e9s de notificaciones por correo electr\u00f3nico y SMS, asegurando as\u00ed que se mantengan bien informadas sobre cualquier actualizaci\u00f3n pertinente con respecto al estado de sus entregas. En \u00faltima instancia, al incorporar a WooCommerce Aftership en sus operaciones, tiene la oportunidad de brindar un servicio al cliente estelar y elevar la experiencia general de compra.<\/p>\n","protected":false},"featured_media":168035,"comment_status":"open","ping_status":"open","template":"","meta":[],"product_brand":[2339],"product_cat":[1207,1248,1206],"product_tag":[1256],"class_list":{"0":"post-126513","1":"product","2":"type-product","3":"status-publish","4":"has-post-thumbnail","6":"product_brand-codecanyon","7":"product_cat-comercio-electronico-plugins","8":"product_cat-personalizacion-comercio-electronico-plugins","9":"product_cat-plugins","10":"product_tag-codecanyon","11":"member-discount","12":"discount-restricted","14":"first","15":"instock","16":"sale","17":"downloadable","18":"virtual","19":"sold-individually","20":"purchasable","21":"product-type-simple"},"_links":{"self":[{"href":"https:\/\/gpl-love.com\/es\/wp-json\/wp\/v2\/product\/126513","targetHints":{"allow":["GET"]}}],"collection":[{"href":"https:\/\/gpl-love.com\/es\/wp-json\/wp\/v2\/product"}],"about":[{"href":"https:\/\/gpl-love.com\/es\/wp-json\/wp\/v2\/types\/product"}],"replies":[{"embeddable":true,"href":"https:\/\/gpl-love.com\/es\/wp-json\/wp\/v2\/comments?post=126513"}],"wp:featuredmedia":[{"embeddable":true,"href":"https:\/\/gpl-love.com\/es\/wp-json\/wp\/v2\/media\/168035"}],"wp:attachment":[{"href":"https:\/\/gpl-love.com\/es\/wp-json\/wp\/v2\/media?parent=126513"}],"wp:term":[{"taxonomy":"product_brand","embeddable":true,"href":"https:\/\/gpl-love.com\/es\/wp-json\/wp\/v2\/product_brand?post=126513"},{"taxonomy":"product_cat","embeddable":true,"href":"https:\/\/gpl-love.com\/es\/wp-json\/wp\/v2\/product_cat?post=126513"},{"taxonomy":"product_tag","embeddable":true,"href":"https:\/\/gpl-love.com\/es\/wp-json\/wp\/v2\/product_tag?post=126513"}],"curies":[{"name":"wp","href":"https:\/\/api.w.org\/{rel}","templated":true}]}}