{"id":126512,"date":"2025-11-30T00:00:00","date_gmt":"2025-11-30T05:00:00","guid":{"rendered":"https:\/\/gpl-love.com\/es\/producto\/woocommerce-advanced-product-labels\/"},"modified":"2026-03-09T08:19:51","modified_gmt":"2026-03-09T13:19:51","slug":"woocommerce-advanced-product-labels","status":"publish","type":"product","link":"https:\/\/gpl-love.com\/es\/producto\/woocommerce-advanced-product-labels\/","title":{"rendered":"WooCommerce Advanced Product Labels 1.3.3"},"content":{"rendered":"<h3>WooCommerce Advanced Product Labels Caracteristicas<\/h3>\n<p>El complemento de WooCommerce Advanced Product Etele ofrece una gama de caracter\u00edsticas innovadoras que potencian a los propietarios de tiendas en l\u00ednea para generar y administrar etiquetas personalizadas para su tienda WooCommerce. Este notable complemento proporciona una interfaz f\u00e1cil de usar que facilita la creaci\u00f3n de diversos tipos de etiquetas, incluidas las etiquetas de venta, las nuevas etiquetas, las etiquetas de existencia y m\u00e1s. Al brindar a los propietarios de tiendas la capacidad de personalizar la apariencia, la posici\u00f3n y el comportamiento de la etiqueta, este complemento les permite enfatizar efectivamente productos, promociones y ventas espec\u00edficas, lo que, a su vez, estimula las conversiones y amplifica las ventas. Adem\u00e1s, este complemento excepcional presenta capacidades din\u00e1micas de generaci\u00f3n de etiquetas, facilitando as\u00ed la generaci\u00f3n automatizada de etiquetas basadas en una variedad de criterios de productos. La demanda de esta herramienta indispensable es alta entre las tiendas en l\u00ednea que se esfuerzan por optimizar sus ventas mostrando h\u00e1bilmente sus productos a sus estimados clientes.<\/p>\n<ul>\n<li>Proporciona opciones de personalizaci\u00f3n de etiquetas avanzadas para productos WooCommerce<\/li>\n<li>Permite la creaci\u00f3n de etiquetas personalizadas basadas en criterios de productos como categor\u00eda, rango de precios o estado de stock<\/li>\n<li>Ofrece una amplia gama de estilos y dise\u00f1os de etiquetas, que incluyen texto, icono y etiquetas de cinta.<\/li>\n<li>Permite que las etiquetas se apliquen a productos individuales o a todos los productos en una categor\u00eda<\/li>\n<li>Proporciona la capacidad de programar etiquetas para aparecer y desaparecer en momentos y fechas espec\u00edficas<\/li>\n<li>Permite la creaci\u00f3n de etiquetas listas para la traducci\u00f3n para admitir m\u00faltiples idiomas<\/li>\n<li>Ofrece una gesti\u00f3n de etiquetas r\u00e1pida y f\u00e1cil de la pantalla de edici\u00f3n de productos de WooCommerce<\/li>\n<li>Compatible con una gama de temas y complementos de WordPress y WooCommerce.<\/li>\n<\/ul>\n","protected":false},"excerpt":{"rendered":"<p>WooCommerce Advanced Product Etsels es un complemento incre\u00edblemente confiable y altamente eficiente que ofrece una forma perfecta y sin esfuerzo para que usted se integre y administre sin esfuerzo las etiquetas de productos en su tienda en l\u00ednea de WooCommerce. A trav\u00e9s de su interfaz f\u00e1cil e intuitiva, se le otorga la capacidad excepcional para crear y dise\u00f1ar etiquetas personalizadas sin esfuerzo y convenientemente dise\u00f1adas espec\u00edficamente para resaltar y acentuar informaci\u00f3n crucial y significativa relacionada con su variedad de productos. Estas etiquetas pueden llamar la atenci\u00f3n de manera efectiva a aspectos notables, como las ventas atractivas o los art\u00edculos con descuento, los reci\u00e9n llegados atractivos y atractivos, o incluso los productos m\u00e1s destacados que ofrece. Adem\u00e1s, al utilizar este complemento invaluable y robusto, se le otorga la capacidad de establecer y configurar las etiquetas para que se muestren din\u00e1mica y autom\u00e1ticamente en funci\u00f3n de una innumerable surtido de reglas predeterminadas y predefinidas que puede definir y especificar. Estas reglas pueden basarse en una amplia y diversa gama de criterios, incluidos, entre otros, la categor\u00eda de productos, el per\u00edodo de venta actual o pr\u00f3ximo, o incluso los niveles existentes de acciones de los productos en cuesti\u00f3n. Por lo tanto, las etiquetas de productos avanzados de WooCommerce sirven sin lugar a dudas como un activo indispensable y supremamente invaluable para los propietarios de tiendas, ya que no solo mejora enormemente la experiencia general del cliente, sino que tambi\u00e9n maximiza y optimiza efectivamente las diversas oportunidades de ventas que se les presentan.<\/p>\n","protected":false},"featured_media":168034,"comment_status":"open","ping_status":"open","template":"","meta":[],"product_brand":[2344],"product_cat":[1207,1248,1206],"product_tag":[1423],"class_list":{"0":"post-126512","1":"product","2":"type-product","3":"status-publish","4":"has-post-thumbnail","6":"product_brand-woocommerce","7":"product_cat-comercio-electronico-plugins","8":"product_cat-personalizacion-comercio-electronico-plugins","9":"product_cat-plugins","10":"product_tag-woocommerce","11":"member-discount","12":"discount-restricted","14":"first","15":"instock","16":"sale","17":"downloadable","18":"virtual","19":"sold-individually","20":"purchasable","21":"product-type-simple"},"_links":{"self":[{"href":"https:\/\/gpl-love.com\/es\/wp-json\/wp\/v2\/product\/126512","targetHints":{"allow":["GET"]}}],"collection":[{"href":"https:\/\/gpl-love.com\/es\/wp-json\/wp\/v2\/product"}],"about":[{"href":"https:\/\/gpl-love.com\/es\/wp-json\/wp\/v2\/types\/product"}],"replies":[{"embeddable":true,"href":"https:\/\/gpl-love.com\/es\/wp-json\/wp\/v2\/comments?post=126512"}],"wp:featuredmedia":[{"embeddable":true,"href":"https:\/\/gpl-love.com\/es\/wp-json\/wp\/v2\/media\/168034"}],"wp:attachment":[{"href":"https:\/\/gpl-love.com\/es\/wp-json\/wp\/v2\/media?parent=126512"}],"wp:term":[{"taxonomy":"product_brand","embeddable":true,"href":"https:\/\/gpl-love.com\/es\/wp-json\/wp\/v2\/product_brand?post=126512"},{"taxonomy":"product_cat","embeddable":true,"href":"https:\/\/gpl-love.com\/es\/wp-json\/wp\/v2\/product_cat?post=126512"},{"taxonomy":"product_tag","embeddable":true,"href":"https:\/\/gpl-love.com\/es\/wp-json\/wp\/v2\/product_tag?post=126512"}],"curies":[{"name":"wp","href":"https:\/\/api.w.org\/{rel}","templated":true}]}}