{"id":126511,"date":"2026-02-18T00:00:00","date_gmt":"2026-02-18T05:00:00","guid":{"rendered":"https:\/\/gpl-love.com\/es\/producto\/woocommerce-advanced-notifications\/"},"modified":"2026-04-10T11:31:17","modified_gmt":"2026-04-10T16:31:17","slug":"woocommerce-advanced-notifications","status":"publish","type":"product","link":"https:\/\/gpl-love.com\/es\/producto\/woocommerce-advanced-notifications\/","title":{"rendered":"WooCommerce Advanced Notifications 1.6.5"},"content":{"rendered":"<h3>WooCommerce Advanced Notifications Caracteristicas<\/h3>\n<p>WooCommerce Advanced Notifications es un complemento extremadamente ventajoso que le brinda la oportunidad de permanecer actualizado sobre la mir\u00edada de actividades que se producen dentro de su estimado emporio virtual. Al aprovechar este invaluable complemento, est\u00e1 facultado para establecer sin esfuerzo un sistema por el cual las notificaciones se materialicen de inmediato en su dominio personal siempre que varios eventos significativos se despliegan en su sitio web, ya sea el advenimiento de nuevas \u00f3rdenes, el agotamiento de las acciones o el lamentable. eventualidad de la falta de disponibilidad de un producto. Adem\u00e1s, posee la capacidad de modelar notificaciones a medida que satisfacen sus exigencias espec\u00edficas, asegurando as\u00ed que est\u00e9 bien versado en cualquier circunstancia particular que requiere su atenci\u00f3n sin divisi\u00f3n. Este complemento cuenta con un grado incomparable de adaptabilidad, con una verdadera cornucopia de tipos de notificaci\u00f3n a su disposici\u00f3n, incluidos, entre otros, correo electr\u00f3nico, servicio de mensajer\u00eda corta y notificaciones push. Por lo tanto, con la ayuda de las notificaciones avanzadas de WooCommerce, poseer\u00e1 una comprensi\u00f3n inquebrantable de todos los sucesos destacados que se producen en su estimado sitio web, facilitando as\u00ed su ascenso sin obst\u00e1culos al \u00e9xito empresarial a trav\u00e9s de la toma de decisiones juiciosas.<\/p>\n<ul>\n<li>Proporciona notificaciones avanzadas para las tiendas de WooCommerce<\/li>\n<li>Permite a los usuarios crear plantillas personalizadas para correos electr\u00f3nicos y notificaciones de SMS<\/li>\n<li>Permite mensajes personalizados basados \u200b\u200ben el estado del pedido, el tipo de cliente y otros factores<\/li>\n<li>Se integra con servicios de correo electr\u00f3nico populares como Gmail y MailChimp<\/li>\n<li>Env\u00eda notificaciones para varios eventos, como nuevos pedidos, actualizaciones de pedidos e informes programados.<\/li>\n<li>Ofrece notificaciones en tiempo real para garantizar la comunicaci\u00f3n oportuna del cliente<\/li>\n<li>F\u00e1cil de configurar y administrar a trav\u00e9s de la interfaz de complemento de WooCommerce<\/li>\n<li>Proporciona una amplia documentaci\u00f3n y apoyo del equipo de desarrolladores<\/li>\n<li>Mejora la experiencia general del cliente al proporcionar actualizaciones oportunas y relevantes a trav\u00e9s de m\u00faltiples canales.<\/li>\n<\/ul>\n","protected":false},"excerpt":{"rendered":"<p>WooCommerce Advanced Notifications es un complemento extremadamente potente que le otorga la capacidad de fabricar notificaciones de correo electr\u00f3nico personalizadas para su tienda WooCommerce. Al emplear este complemento, tiene sin esfuerzo los medios para enviar notificaciones de correo electr\u00f3nico automatizadas a sus estimados clientes cuando sus pedidos se procesan, env\u00edan o entregan. Adem\u00e1s, posee la capacidad de forjar plantillas de correo electr\u00f3nico personalizadas para una innumerable estado de pedido y categor\u00edas de productos, e incluso puede configurar recordatorios por correo electr\u00f3nico para perseguir h\u00e1bilmente a la posible clientela que a\u00fan no ha finalizado su compra. En consecuencia, este complemento ejemplifica el ep\u00edtome de la imperfacci\u00f3n para los propietarios de las tiendas de WooCommerce que aspiran a mejorar las correspondencias de sus clientes y reforzar su rendimiento de ventas.<\/p>\n","protected":false},"featured_media":168033,"comment_status":"open","ping_status":"open","template":"","meta":[],"product_brand":[2344],"product_cat":[1207,1248,1206],"product_tag":[1423],"class_list":{"0":"post-126511","1":"product","2":"type-product","3":"status-publish","4":"has-post-thumbnail","6":"product_brand-woocommerce","7":"product_cat-comercio-electronico-plugins","8":"product_cat-personalizacion-comercio-electronico-plugins","9":"product_cat-plugins","10":"product_tag-woocommerce","11":"member-discount","12":"discount-restricted","14":"first","15":"instock","16":"sale","17":"downloadable","18":"virtual","19":"sold-individually","20":"purchasable","21":"product-type-simple"},"_links":{"self":[{"href":"https:\/\/gpl-love.com\/es\/wp-json\/wp\/v2\/product\/126511","targetHints":{"allow":["GET"]}}],"collection":[{"href":"https:\/\/gpl-love.com\/es\/wp-json\/wp\/v2\/product"}],"about":[{"href":"https:\/\/gpl-love.com\/es\/wp-json\/wp\/v2\/types\/product"}],"replies":[{"embeddable":true,"href":"https:\/\/gpl-love.com\/es\/wp-json\/wp\/v2\/comments?post=126511"}],"wp:featuredmedia":[{"embeddable":true,"href":"https:\/\/gpl-love.com\/es\/wp-json\/wp\/v2\/media\/168033"}],"wp:attachment":[{"href":"https:\/\/gpl-love.com\/es\/wp-json\/wp\/v2\/media?parent=126511"}],"wp:term":[{"taxonomy":"product_brand","embeddable":true,"href":"https:\/\/gpl-love.com\/es\/wp-json\/wp\/v2\/product_brand?post=126511"},{"taxonomy":"product_cat","embeddable":true,"href":"https:\/\/gpl-love.com\/es\/wp-json\/wp\/v2\/product_cat?post=126511"},{"taxonomy":"product_tag","embeddable":true,"href":"https:\/\/gpl-love.com\/es\/wp-json\/wp\/v2\/product_tag?post=126511"}],"curies":[{"name":"wp","href":"https:\/\/api.w.org\/{rel}","templated":true}]}}