{"id":126510,"date":"2026-03-06T00:00:00","date_gmt":"2026-03-06T05:00:00","guid":{"rendered":"https:\/\/gpl-love.com\/es\/producto\/woocommerce-advanced-bulk-edit\/"},"modified":"2026-04-10T11:31:16","modified_gmt":"2026-04-10T16:31:16","slug":"woocommerce-advanced-bulk-edit","status":"publish","type":"product","link":"https:\/\/gpl-love.com\/es\/producto\/woocommerce-advanced-bulk-edit\/","title":{"rendered":"WooCommerce Advanced Bulk Edit 6.1.2.2"},"content":{"rendered":"<h3>WooCommerce Advanced Bulk Edit Caracteristicas<\/h3>\n<p>El complemento de edici\u00f3n a granel Advanced WooCommerce es una herramienta incre\u00edblemente robusta que ofrece asistencia invaluable a los propietarios de tiendas en l\u00ednea que buscan alterar eficiente y ampliamente una multitud de detalles del producto a granel. Este complemento altamente eficiente est\u00e1 hecho a medida para las personas que priorizan las t\u00e9cnicas de ahorro de tiempo mientras administran diligentemente su escaparate virtual. A trav\u00e9s de la utilizaci\u00f3n de este complemento avanzado, los usuarios tienen la notable oportunidad de modificar sin esfuerzo una variedad de atributos del producto, como t\u00edtulos, descripciones, precios, categor\u00edas, etiquetas y una variedad de otros detalles intrincados, todos los cuales se pueden ejecutar solo con solo Unos meros clics. En particular, este complemento cuenta con una interfaz notablemente f\u00e1cil de usar e intuitiva, lo que lo hace accesible para los usuarios de todos los niveles de competencia. Al aprovechar esta poderosa herramienta, los propietarios de tiendas en l\u00ednea est\u00e1n facultados para administrar de manera r\u00e1pida y efectiva sus extensos cat\u00e1logos de productos, brind\u00e1ndoles as\u00ed la invaluable oportunidad para asignar su precioso tiempo y recursos hacia otras facetas fundamentales de sus empresas florecientes.<\/p>\n<ul>\n<li>Editar eficiente y f\u00e1cilmente m\u00faltiples productos y variaciones de productos en su tienda WooCommerce<\/li>\n<li>Personalizar precios, niveles de acciones, atributos y m\u00e1s con solo unos pocos clics<\/li>\n<li>Ahorre tiempo y agilice los procesos de gesti\u00f3n de su tienda haciendo cambios a granel a la vez<\/li>\n<li>Las potentes opciones de filtrado le permiten seleccionar productos o variaciones espec\u00edficas para editar<\/li>\n<li>No hay necesidad de entrada manual de datos o trabajo de hoja de c\u00e1lculo tedioso<\/li>\n<li>Admite una amplia gama de tipos de productos de WooCommerce, incluidos productos simples, variables y agrupados<\/li>\n<li>Integraci\u00f3n perfecta con su panel de control de WooCommerce para una experiencia de usuario suave e intuitiva<\/li>\n<li>Interfaz flexible y f\u00e1cil de usar, con opciones para deshacer y rehacer cambios, as\u00ed como para guardar presets de edici\u00f3n para uso futuro<\/li>\n<li>Documentaci\u00f3n integral y apoyo receptivo para cualquier problema que pueda surgir<\/li>\n<\/ul>\n","protected":false},"excerpt":{"rendered":"<p>WooCommerce avanz\u00f3 la edici\u00f3n a granel se enorgullece de un instrumento extremadamente potente que agiliza el intrincado procedimiento de modificar simult\u00e1neamente una multitud de productos. Poseiendo este notable complemento, se le otorga la notable capacidad de revisar sin esfuerzo, los precios, las cantidades de acciones, las descripciones de productos y varios otros atributos, en consecuencia, conservando una cantidad significativa de su tiempo y esfuerzo invaluables. Adem\u00e1s, dotada de una interfaz que es directa e instintiva, esta herramienta puede ser utilizada de manera eficiente, incluso por personas que no est\u00e1n bien versadas en el desarrollo. Independientemente de si sus requisitos implican ejecutar ajustes menores o realizar alteraciones extensas, tenga la seguridad de que la edici\u00f3n a granel avanzada de WooCommerce facilitar\u00e1 competentemente la gesti\u00f3n eficiente de su cat\u00e1logo integral de productos, todo dentro de los l\u00edmites de una sola plataforma centralizada.<\/p>\n","protected":false},"featured_media":168032,"comment_status":"open","ping_status":"open","template":"","meta":[],"product_brand":[2339],"product_cat":[1208,1207,1206],"product_tag":[1256],"class_list":{"0":"post-126510","1":"product","2":"type-product","3":"status-publish","4":"has-post-thumbnail","6":"product_brand-codecanyon","7":"product_cat-administracion","8":"product_cat-comercio-electronico-plugins","9":"product_cat-plugins","10":"product_tag-codecanyon","11":"member-discount","12":"discount-restricted","14":"first","15":"instock","16":"sale","17":"downloadable","18":"virtual","19":"sold-individually","20":"purchasable","21":"product-type-simple"},"_links":{"self":[{"href":"https:\/\/gpl-love.com\/es\/wp-json\/wp\/v2\/product\/126510","targetHints":{"allow":["GET"]}}],"collection":[{"href":"https:\/\/gpl-love.com\/es\/wp-json\/wp\/v2\/product"}],"about":[{"href":"https:\/\/gpl-love.com\/es\/wp-json\/wp\/v2\/types\/product"}],"replies":[{"embeddable":true,"href":"https:\/\/gpl-love.com\/es\/wp-json\/wp\/v2\/comments?post=126510"}],"wp:featuredmedia":[{"embeddable":true,"href":"https:\/\/gpl-love.com\/es\/wp-json\/wp\/v2\/media\/168032"}],"wp:attachment":[{"href":"https:\/\/gpl-love.com\/es\/wp-json\/wp\/v2\/media?parent=126510"}],"wp:term":[{"taxonomy":"product_brand","embeddable":true,"href":"https:\/\/gpl-love.com\/es\/wp-json\/wp\/v2\/product_brand?post=126510"},{"taxonomy":"product_cat","embeddable":true,"href":"https:\/\/gpl-love.com\/es\/wp-json\/wp\/v2\/product_cat?post=126510"},{"taxonomy":"product_tag","embeddable":true,"href":"https:\/\/gpl-love.com\/es\/wp-json\/wp\/v2\/product_tag?post=126510"}],"curies":[{"name":"wp","href":"https:\/\/api.w.org\/{rel}","templated":true}]}}