{"id":126509,"date":"2021-06-08T00:00:00","date_gmt":"2021-06-08T05:00:00","guid":{"rendered":"https:\/\/gpl-love.com\/es\/producto\/woocommerce-advance-product-label-y-badge-pro\/"},"modified":"2026-04-10T11:31:15","modified_gmt":"2026-04-10T16:31:15","slug":"woocommerce-advance-product-label-y-badge-pro","status":"publish","type":"product","link":"https:\/\/gpl-love.com\/es\/producto\/woocommerce-advance-product-label-y-badge-pro\/","title":{"rendered":"WooCommerce Advance Product Label y Badge Pro 1.8.6"},"content":{"rendered":"<h3>WooCommerce Advance Product Label y Badge Pro Caracteristicas<\/h3>\n<p>WooCommerce Advance Product Etiquet y Badge Pro Plugin es una herramienta incre\u00edblemente robusta que empodera a los propietarios de tiendas en l\u00ednea con la capacidad de generar y personalizar sin esfuerzo etiquetas e insignias para sus ofertas de productos. A trav\u00e9s de la utilizaci\u00f3n de este complemento, se puede fabricar efectivamente las etiquetas visualmente cautivadoras que enfatizan efectivamente promociones especiales, atributos \u00fanicos del producto y otras caracter\u00edsticas notables. Adem\u00e1s, este complemento ofrece una variedad diversa de plantillas e \u00edconos preestablecidos, facilitando as\u00ed la creaci\u00f3n perfecta de etiquetas e insignias que exudan una est\u00e9tica profesional con un esfuerzo m\u00ednimo. Adem\u00e1s, la personalizaci\u00f3n de estas etiquetas e insignias garantiza la armon\u00eda con la marca y el estilo de la tienda en l\u00ednea. En \u00faltima instancia, la implementaci\u00f3n de este complemento sirve como una v\u00eda excepcional para mejorar la visibilidad y la conveniencia de los productos, fomentando as\u00ed un impulso significativo en las ventas.<\/p>\n<ul>\n<li>Agregue etiquetas e insignias llamativas a sus productos WooCommerce<\/li>\n<li>Elija entre una variedad de formas, tama\u00f1os y colores de etiquetas<\/li>\n<li>Cree etiquetas e insignias personalizadas para adaptarse a sus necesidades de marca y productos<\/li>\n<li>Aplicar etiquetas e insignias a productos, categor\u00edas o etiquetas espec\u00edficas<\/li>\n<li>Mostrar etiquetas e insignias en p\u00e1ginas de productos, p\u00e1ginas de categor\u00edas y m\u00e1s<\/li>\n<li>Resaltar caracter\u00edsticas del producto, promociones y ventas con etiquetas e insignias personalizadas<\/li>\n<li>Aumentar la visibilidad del producto y atraer la atenci\u00f3n del cliente con el etiquetado llamativo<\/li>\n<li>Complemento f\u00e1cil de usar sin codificaci\u00f3n se requiere<\/li>\n<li>Actualizaciones y soporte regulares para garantizar la compatibilidad con las actualizaciones de WooCommerce<\/li>\n<\/ul>\n","protected":false},"excerpt":{"rendered":"<p>WooCommerce Advance Product Label and Badge Pro es un complemento excepcionalmente \u00fatil y transformador que tiene como objetivo elevar su tienda en l\u00ednea a nuevas alturas. Su objetivo principal es brindarle la oportunidad de incorporar etiquetas e insignias atractivas en sus productos, mejorando as\u00ed su atractivo visual y atrayendo a m\u00e1s clientes. Esta notable herramienta le otorga la capacidad de personalizar las etiquetas de sus productos, generar insignias \u00fanicas para varias categor\u00edas de productos y promover ofertas especiales con etiquetas de descuento que llamen la atenci\u00f3n. La interfaz f\u00e1cil de usar de este complemento garantiza que pueda crear sin esfuerzo etiquetas e insignias de aspecto profesional en cuesti\u00f3n de minutos, infundiendo instant\u00e1neamente su tienda en l\u00ednea con un toque de elegancia y funcionalidad. Independientemente de si se considera un novato o un comerciante en l\u00ednea experto, tenga la seguridad de que la etiqueta de productos WooCommerce Advance y Badge Pro es una adici\u00f3n indispensable a cualquier tienda de WooCommerce.<\/p>\n","protected":false},"featured_media":168031,"comment_status":"open","ping_status":"open","template":"","meta":[],"product_brand":[2339],"product_cat":[1207,1248,1206],"product_tag":[1256],"class_list":{"0":"post-126509","1":"product","2":"type-product","3":"status-publish","4":"has-post-thumbnail","6":"product_brand-codecanyon","7":"product_cat-comercio-electronico-plugins","8":"product_cat-personalizacion-comercio-electronico-plugins","9":"product_cat-plugins","10":"product_tag-codecanyon","11":"member-discount","12":"discount-restricted","14":"first","15":"instock","16":"sale","17":"downloadable","18":"virtual","19":"sold-individually","20":"purchasable","21":"product-type-simple"},"_links":{"self":[{"href":"https:\/\/gpl-love.com\/es\/wp-json\/wp\/v2\/product\/126509","targetHints":{"allow":["GET"]}}],"collection":[{"href":"https:\/\/gpl-love.com\/es\/wp-json\/wp\/v2\/product"}],"about":[{"href":"https:\/\/gpl-love.com\/es\/wp-json\/wp\/v2\/types\/product"}],"replies":[{"embeddable":true,"href":"https:\/\/gpl-love.com\/es\/wp-json\/wp\/v2\/comments?post=126509"}],"wp:featuredmedia":[{"embeddable":true,"href":"https:\/\/gpl-love.com\/es\/wp-json\/wp\/v2\/media\/168031"}],"wp:attachment":[{"href":"https:\/\/gpl-love.com\/es\/wp-json\/wp\/v2\/media?parent=126509"}],"wp:term":[{"taxonomy":"product_brand","embeddable":true,"href":"https:\/\/gpl-love.com\/es\/wp-json\/wp\/v2\/product_brand?post=126509"},{"taxonomy":"product_cat","embeddable":true,"href":"https:\/\/gpl-love.com\/es\/wp-json\/wp\/v2\/product_cat?post=126509"},{"taxonomy":"product_tag","embeddable":true,"href":"https:\/\/gpl-love.com\/es\/wp-json\/wp\/v2\/product_tag?post=126509"}],"curies":[{"name":"wp","href":"https:\/\/api.w.org\/{rel}","templated":true}]}}