{"id":126508,"date":"2025-10-23T00:00:00","date_gmt":"2025-10-23T05:00:00","guid":{"rendered":"https:\/\/gpl-love.com\/es\/producto\/woocommerce-admin-custom-order-fields\/"},"modified":"2026-03-09T08:19:45","modified_gmt":"2026-03-09T13:19:45","slug":"woocommerce-admin-custom-order-fields","status":"publish","type":"product","link":"https:\/\/gpl-love.com\/es\/producto\/woocommerce-admin-custom-order-fields\/","title":{"rendered":"WooCommerce Admin Custom Order Fields 1.17.2"},"content":{"rendered":"<h3>WooCommerce Admin Custom Order Fields Caracteristicas<\/h3>\n<p>El complemento de campos de pedidos personalizados de WooCommerce Admin es una herramienta altamente efectiva que integra perfectamente campos personalizados en la p\u00e1gina Detalles del pedido dentro de la amplia extensi\u00f3n del \u00e1rea de administraci\u00f3n de WooCommerce. Esta valiosa funcionalidad le impulsa a obtener informaci\u00f3n complementaria sin esfuerzo de sus estimados clientes durante la fase de pago fundamental, que abarca una amplia gama de posibilidades que van desde grabados personalizados hasta directivas espec\u00edficas relacionadas con la intrincada log\u00edstica de entrega. La implementaci\u00f3n perfecta de este complemento le permite generar y administrar sin esfuerzo campos personalizados, que finalmente culminan en una visualizaci\u00f3n integral y cohesiva de datos dentro de la secci\u00f3n Detalles del pedido. En virtud de este complemento innovador, su proceso de gesti\u00f3n de pedidos est\u00e1 listo para someterse a una racionalizaci\u00f3n sin precedentes, fomentando concomitantemente una experiencia de compra claramente personalizada que resonar\u00e1 indudablemente con su apreciada clientela.<\/p>\n<ul>\n<li>Agregue f\u00e1cilmente campos de pedido personalizados en su panel de administraci\u00f3n de WooCommerce<\/li>\n<li>Mejore la gesti\u00f3n y el seguimiento de su pedido agregando informaci\u00f3n espec\u00edfica a cada pedido<\/li>\n<li>Personalizar campos para que se ajuste a sus necesidades comerciales<\/li>\n<li>Elija entre varios tipos de campos, incluyendo texto, men\u00fa desplegable, casilla de verificaci\u00f3n y selecci\u00f3n de fecha<\/li>\n<li>Opci\u00f3n para mostrar campos en correos electr\u00f3nicos y facturas de pedido para mejorar la comunicaci\u00f3n con los clientes<\/li>\n<li>Interfaz simple y f\u00e1cil de usar para agregar y editar campos<\/li>\n<li>Compatible con las \u00faltimas versiones de WooCommerce y WordPress<\/li>\n<li>Ahorra tiempo y optimiza el proceso de gesti\u00f3n de su pedido<\/li>\n<li>Ideal para empresas con requisitos de pedido \u00fanicos o productos especializados<\/li>\n<\/ul>\n","protected":false},"excerpt":{"rendered":"<p>WooCommerce Admin Custom Order Fields se presenta como un complemento muy potente que otorga a los usuarios la capacidad de adaptar el proceso de pago para sus clientes mediante el aumento de los campos suplementarios a su p\u00e1gina de pedidos de WooCommerce. Al implementar este complemento, uno puede agregar sin esfuerzo campos personalizados a la p\u00e1gina de pago, que puede abarcar casillas de verificaci\u00f3n, campos de texto, men\u00fas desplegables y una gran cantidad de otras opciones. Adem\u00e1s, incluso uno puede incluso los campos de moda que se manifiestan exclusivamente para productos particulares o categor\u00edas de clientes, conferirse as\u00ed a s\u00ed misma una autoridad absoluta sobre la progresi\u00f3n de pago. La facilidad de uso del complemento, junto con su amplia gama de posibilidades de personalizaci\u00f3n, lo convierte en una selecci\u00f3n ejemplar para los propietarios de establecimientos de WooCommerce que buscan mejorar la experiencia general de su clientela.<\/p>\n","protected":false},"featured_media":168030,"comment_status":"open","ping_status":"open","template":"","meta":[],"product_brand":[2344],"product_cat":[1208,1207,1206],"product_tag":[1423],"class_list":{"0":"post-126508","1":"product","2":"type-product","3":"status-publish","4":"has-post-thumbnail","6":"product_brand-woocommerce","7":"product_cat-administracion","8":"product_cat-comercio-electronico-plugins","9":"product_cat-plugins","10":"product_tag-woocommerce","11":"member-discount","12":"discount-restricted","14":"first","15":"instock","16":"sale","17":"downloadable","18":"virtual","19":"sold-individually","20":"purchasable","21":"product-type-simple"},"_links":{"self":[{"href":"https:\/\/gpl-love.com\/es\/wp-json\/wp\/v2\/product\/126508","targetHints":{"allow":["GET"]}}],"collection":[{"href":"https:\/\/gpl-love.com\/es\/wp-json\/wp\/v2\/product"}],"about":[{"href":"https:\/\/gpl-love.com\/es\/wp-json\/wp\/v2\/types\/product"}],"replies":[{"embeddable":true,"href":"https:\/\/gpl-love.com\/es\/wp-json\/wp\/v2\/comments?post=126508"}],"wp:featuredmedia":[{"embeddable":true,"href":"https:\/\/gpl-love.com\/es\/wp-json\/wp\/v2\/media\/168030"}],"wp:attachment":[{"href":"https:\/\/gpl-love.com\/es\/wp-json\/wp\/v2\/media?parent=126508"}],"wp:term":[{"taxonomy":"product_brand","embeddable":true,"href":"https:\/\/gpl-love.com\/es\/wp-json\/wp\/v2\/product_brand?post=126508"},{"taxonomy":"product_cat","embeddable":true,"href":"https:\/\/gpl-love.com\/es\/wp-json\/wp\/v2\/product_cat?post=126508"},{"taxonomy":"product_tag","embeddable":true,"href":"https:\/\/gpl-love.com\/es\/wp-json\/wp\/v2\/product_tag?post=126508"}],"curies":[{"name":"wp","href":"https:\/\/api.w.org\/{rel}","templated":true}]}}