{"id":126507,"date":"2023-05-16T00:00:00","date_gmt":"2023-05-16T05:00:00","guid":{"rendered":"https:\/\/gpl-love.com\/es\/producto\/woocommerce-additional-variation-images\/"},"modified":"2026-04-10T11:31:14","modified_gmt":"2026-04-10T16:31:14","slug":"woocommerce-additional-variation-images","status":"publish","type":"product","link":"https:\/\/gpl-love.com\/es\/producto\/woocommerce-additional-variation-images\/","title":{"rendered":"WooCommerce Additional Variation Images 2.3.3"},"content":{"rendered":"<h3>WooCommerce Additional Variation Images Caracteristicas<\/h3>\n<p>El complemento de im\u00e1genes de variaci\u00f3n adicionales de WooCommerce ofrece una soluci\u00f3n conveniente para los usuarios de WooCommerce que desean incorporar numerosas im\u00e1genes para cada variaci\u00f3n de productos individuales. Al utilizar este complemento, los usuarios pueden presentar sin esfuerzo diversas perspectivas, tonos y dise\u00f1os para cada variaci\u00f3n del producto, proporcionando as\u00ed a los clientes una comprensi\u00f3n m\u00e1s integral del producto que pretenden obtener. Principalmente adecuado para tiendas en l\u00ednea que se especializan en la venta de productos con una variedad de variaciones, como atuendos o art\u00edculos de muebles, este complemento se caracteriza por su instalaci\u00f3n directa e interfaz f\u00e1cil de usar, lo que le es un activo invaluable para cualquier tienda de wooCommerce. En general, el complemento de im\u00e1genes de variaciones adicionales de WooCommerce sirve como un instrumento excepcional para elevar la experiencia del usuario e instigar las ventas amplificadas para las tiendas en l\u00ednea.<\/p>\n<ul>\n<li>WooCommerce Variaci\u00f3n adicional Las im\u00e1genes de la variaci\u00f3n son un complemento que mejora la funcionalidad de la funci\u00f3n de variaciones del producto WooCommerce al permitirle agregar m\u00faltiples im\u00e1genes para cada variaci\u00f3n.<\/li>\n<li>Con este complemento, puede mostrar sus productos desde diferentes \u00e1ngulos, resaltar sus caracter\u00edsticas \u00fanicas y proporcionar una mejor experiencia de compra para sus clientes.<\/li>\n<li>El complemento es f\u00e1cil de instalar y usar, y se integra perfectamente con su configuraci\u00f3n existente de WooCommerce.<\/li>\n<li>Puede cargar y administrar sus im\u00e1genes de variaci\u00f3n directamente desde la pantalla de edici\u00f3n de su producto, sin necesidad de codificaci\u00f3n o habilidades t\u00e9cnicas.<\/li>\n<li>El complemento admite todo tipo de variaciones de productos, como color, tama\u00f1o, material y m\u00e1s, y le permite establecer un conjunto diferente de im\u00e1genes para cada opci\u00f3n.<\/li>\n<li>Tambi\u00e9n puede habilitar un modo de galer\u00eda para las variaciones de su producto, que muestra todas las im\u00e1genes en formato desplazable o de carrusel, para una navegaci\u00f3n y comparaci\u00f3n m\u00e1s f\u00e1cil.<\/li>\n<li>Las im\u00e1genes de variaci\u00f3n adicionales de WooCommerce son totalmente receptivas y amigables con los dispositivos m\u00f3viles, lo que garantiza que las im\u00e1genes de su producto se vean muy bien en cualquier dispositivo o tama\u00f1o de pantalla.<\/li>\n<li>El complemento tambi\u00e9n es compatible con temas populares de WordPress y otras extensiones de WooCommerce, lo que le brinda m\u00e1s opciones de flexibilidad y personalizaci\u00f3n.<\/li>\n<li>Con las im\u00e1genes de variaci\u00f3n adicionales de WooCommerce, puede mejorar el atractivo visual de sus p\u00e1ginas de productos, aumentar el compromiso y las ventas, y diferenciar su tienda de la competencia.<\/li>\n<\/ul>\n","protected":false},"excerpt":{"rendered":"<p>El complemento de im\u00e1genes de variaci\u00f3n adicionales de WooCommerce es una herramienta inmensamente potente y f\u00e1cil de usar que le otorga la capacidad de incorporar sin esfuerzo m\u00faltiples im\u00e1genes para cada variaci\u00f3n de productos individual dentro de su estimada tienda de WooCommerce. Este notable complemento le ofrece la oportunidad de exhibir su diversa gama de productos desde una multitud de \u00e1ngulos, otorgando as\u00ed a su estimada clientela una experiencia de compra verdaderamente inmersiva y que lo abarca todo. No importa si se especializa en la venta de prendas de moda, joyas exquisitas o dispositivos electr\u00f3nicos de vanguardia; Este complemento es inequ\u00edvocamente la soluci\u00f3n final para mostrar efectivamente cada variaci\u00f3n concebible de sus productos estimados. Al aprovechar el complemento de im\u00e1genes de variaciones adicionales de WooCommerce, sin duda ser\u00e1 testigo de un pico encomiable en la tasa de conversi\u00f3n de su tienda, experimentar\u00e1 una mejora discernible en la satisfacci\u00f3n del cliente y, en \u00faltima instancia, observar\u00e1 un aumento sustancial en sus cifras de ventas generales.<\/p>\n","protected":false},"featured_media":168029,"comment_status":"open","ping_status":"open","template":"","meta":[],"product_brand":[2344],"product_cat":[1207,1248,1206],"product_tag":[1423],"class_list":{"0":"post-126507","1":"product","2":"type-product","3":"status-publish","4":"has-post-thumbnail","6":"product_brand-woocommerce","7":"product_cat-comercio-electronico-plugins","8":"product_cat-personalizacion-comercio-electronico-plugins","9":"product_cat-plugins","10":"product_tag-woocommerce","11":"member-discount","12":"discount-restricted","14":"first","15":"instock","16":"sale","17":"downloadable","18":"virtual","19":"sold-individually","20":"purchasable","21":"product-type-simple"},"_links":{"self":[{"href":"https:\/\/gpl-love.com\/es\/wp-json\/wp\/v2\/product\/126507","targetHints":{"allow":["GET"]}}],"collection":[{"href":"https:\/\/gpl-love.com\/es\/wp-json\/wp\/v2\/product"}],"about":[{"href":"https:\/\/gpl-love.com\/es\/wp-json\/wp\/v2\/types\/product"}],"replies":[{"embeddable":true,"href":"https:\/\/gpl-love.com\/es\/wp-json\/wp\/v2\/comments?post=126507"}],"wp:featuredmedia":[{"embeddable":true,"href":"https:\/\/gpl-love.com\/es\/wp-json\/wp\/v2\/media\/168029"}],"wp:attachment":[{"href":"https:\/\/gpl-love.com\/es\/wp-json\/wp\/v2\/media?parent=126507"}],"wp:term":[{"taxonomy":"product_brand","embeddable":true,"href":"https:\/\/gpl-love.com\/es\/wp-json\/wp\/v2\/product_brand?post=126507"},{"taxonomy":"product_cat","embeddable":true,"href":"https:\/\/gpl-love.com\/es\/wp-json\/wp\/v2\/product_cat?post=126507"},{"taxonomy":"product_tag","embeddable":true,"href":"https:\/\/gpl-love.com\/es\/wp-json\/wp\/v2\/product_tag?post=126507"}],"curies":[{"name":"wp","href":"https:\/\/api.w.org\/{rel}","templated":true}]}}