{"id":126506,"date":"2026-04-18T00:00:00","date_gmt":"2026-04-18T05:00:00","guid":{"rendered":"https:\/\/gpl-love.com\/es\/producto\/woocommerce-account-funds\/"},"modified":"2026-04-18T17:16:33","modified_gmt":"2026-04-18T22:16:33","slug":"woocommerce-account-funds","status":"publish","type":"product","link":"https:\/\/gpl-love.com\/es\/producto\/woocommerce-account-funds\/","title":{"rendered":"WooCommerce Account Funds 4.2.1"},"content":{"rendered":"<h3>WooCommerce Account Funds Caracteristicas<\/h3>\n<p>La funci\u00f3n de fondos de cuentas de WooCommerce sirve como una opci\u00f3n de pago excepcional que otorga a los clientes la capacidad de aumentar el saldo de su cuenta y posteriormente emplea estos fondos para compras posteriores, por lo que racionaliza significativamente el proceso de pago. Este atributo particular resulta especialmente ventajoso para los clientes que participan en transacciones frecuentes dentro de su tienda y buscan un procedimiento de pago acelerado. Con la funcionalidad de los fondos de la cuenta de WooCommerce, los clientes disfrutan de la conveniencia de reponer sin esfuerzo el saldo de su cuenta a trav\u00e9s de una amplia gama de alternativas de pago, como tarjetas de cr\u00e9dito, PayPal o transferencias bancarias. Esta soluci\u00f3n de pago no solo satisface las necesidades de los clientes, sino que tambi\u00e9n otorga numerosas ventajas a los comerciantes, incluida la reducci\u00f3n de las tarifas de transacci\u00f3n y la simplificaci\u00f3n del proceso de pago. En consecuencia, los fondos de la cuenta de WooCommerce constituyen una herramienta invaluable tanto para los clientes como para los comerciantes que aspiran a elevar sus esfuerzos de compras en l\u00ednea a alturas sin precedentes.<\/p>\n<ul>\n<li>Gesti\u00f3n f\u00e1cil de fondos de cuentas para clientes que usan WooCommerce<\/li>\n<li>Los clientes pueden depositar fondos en su cuenta y usarlos f\u00e1cilmente para futuras compras<\/li>\n<li>Ayuda a aumentar la lealtad del cliente y fomentar las compras repetidas<\/li>\n<li>Los clientes pueden monitorear f\u00e1cilmente el saldo de su cuenta y agregar fondos seg\u00fan sea necesario<\/li>\n<li>Proporciona una experiencia de pago simplificada para los clientes al permitirles usar sus fondos de cuenta sin tener que ingresar informaci\u00f3n de pago<\/li>\n<li>Ayuda a reducir las tarifas de procesamiento de pagos tanto para el cliente como para el comerciante<\/li>\n<li>Se puede utilizar junto con otros m\u00e9todos de pago para una mayor flexibilidad<\/li>\n<li>Compatible con una amplia variedad de pasarelas de pago compatibles con WooCommerce<\/li>\n<li>Instalaci\u00f3n simple y proceso de configuraci\u00f3n con documentaci\u00f3n y soporte claros disponibles.<\/li>\n<\/ul>\n","protected":false},"excerpt":{"rendered":"<p>La funci\u00f3n de fondos de cuentas de WooCommerce es una herramienta robusta y altamente eficiente que permite a los clientes mejorar el saldo de su cuenta dentro de su tienda WooCommerce. Esta valiosa funcionalidad resulta particularmente ventajosa para los clientes devotos que imaginan realizar compras regulares de su estimado establecimiento. Los fondos adicionales adquiridos se pueden utilizar sin esfuerzo para adquirir una variedad de productos y servicios impresionantes de su dominio de comercio electr\u00f3nico incomparable. En consecuencia, esta ingeniosa soluci\u00f3n evita la necesidad de que los clientes ingresen tediosamente su informaci\u00f3n de pago para cada transacci\u00f3n, otorg\u00e1ndoles as\u00ed una experiencia perfecta y sin fricci\u00f3n. Las capacidades multifac\u00e9ticas de los fondos de la cuenta de WooCommerce le permiten, como el estimado comerciante, ejercer un control incomparable sobre descuentos y bonos, al tiempo que le brinda la capacidad de monitorear meticulosamente y administrar efectivamente los saldos de cuenta de sus patrocinados patrocinados. Adem\u00e1s, esta invaluable extensi\u00f3n de WooCommerce facilita el seguimiento sin problemas y simplificado de las ventas, lo que le proporciona informaci\u00f3n y an\u00e1lisis exhaustivos. A fin de cuentas, la funci\u00f3n de fondos de cuentas de WooCommerce surge como un medio ejemplar para mejorar la experiencia de pago para su estimada clientela y, a su vez, fomentar un sentido inquebrantable de lealtad hacia su estimada marca.<\/p>\n","protected":false},"featured_media":168028,"comment_status":"open","ping_status":"open","template":"","meta":[],"product_brand":[2344],"product_cat":[1208,1207,1206],"product_tag":[1423],"class_list":{"0":"post-126506","1":"product","2":"type-product","3":"status-publish","4":"has-post-thumbnail","6":"product_brand-woocommerce","7":"product_cat-administracion","8":"product_cat-comercio-electronico-plugins","9":"product_cat-plugins","10":"product_tag-woocommerce","11":"member-discount","12":"discount-restricted","14":"first","15":"instock","16":"sale","17":"downloadable","18":"virtual","19":"sold-individually","20":"purchasable","21":"product-type-simple"},"_links":{"self":[{"href":"https:\/\/gpl-love.com\/es\/wp-json\/wp\/v2\/product\/126506","targetHints":{"allow":["GET"]}}],"collection":[{"href":"https:\/\/gpl-love.com\/es\/wp-json\/wp\/v2\/product"}],"about":[{"href":"https:\/\/gpl-love.com\/es\/wp-json\/wp\/v2\/types\/product"}],"replies":[{"embeddable":true,"href":"https:\/\/gpl-love.com\/es\/wp-json\/wp\/v2\/comments?post=126506"}],"wp:featuredmedia":[{"embeddable":true,"href":"https:\/\/gpl-love.com\/es\/wp-json\/wp\/v2\/media\/168028"}],"wp:attachment":[{"href":"https:\/\/gpl-love.com\/es\/wp-json\/wp\/v2\/media?parent=126506"}],"wp:term":[{"taxonomy":"product_brand","embeddable":true,"href":"https:\/\/gpl-love.com\/es\/wp-json\/wp\/v2\/product_brand?post=126506"},{"taxonomy":"product_cat","embeddable":true,"href":"https:\/\/gpl-love.com\/es\/wp-json\/wp\/v2\/product_cat?post=126506"},{"taxonomy":"product_tag","embeddable":true,"href":"https:\/\/gpl-love.com\/es\/wp-json\/wp\/v2\/product_tag?post=126506"}],"curies":[{"name":"wp","href":"https:\/\/api.w.org\/{rel}","templated":true}]}}