{"id":126503,"date":"2025-10-14T00:00:00","date_gmt":"2025-10-14T05:00:00","guid":{"rendered":"https:\/\/gpl-love.com\/es\/producto\/woocommerce-360-image\/"},"modified":"2026-03-09T08:19:39","modified_gmt":"2026-03-09T13:19:39","slug":"woocommerce-360-image","status":"publish","type":"product","link":"https:\/\/gpl-love.com\/es\/producto\/woocommerce-360-image\/","title":{"rendered":"WooCommerce 360 Degree Image 1.4.2"},"content":{"rendered":"<h3>WooCommerce 360 Degree Image Caracteristicas<\/h3>\n<p>El complemento de imagen WooCommerce 360 \u200b\u200bofrece una funcionalidad notablemente robusta, lo que le permite incorporar im\u00e1genes interactivas de 360 \u200b\u200bgrados interactivas en sus p\u00e1ginas de productos de WooCommerce. Al aprovechar las capacidades de este complemento, puede generar sin esfuerzo visualizaciones de productos cautivadoras que otorgan a sus clientes estimados una perspectiva que lo abarca todo de su mercanc\u00eda desde cada \u00e1ngulo concebible. Lo que distingue a este complemento es su facilidad de uso e integraci\u00f3n perfecta con su tienda WooCommerce, asegurando una experiencia m\u00e1s aerodin\u00e1mica y sin problemas. Adem\u00e1s, cuenta con una compatibilidad integral con todos los principales formatos de imagen, lo que le brinda la flexibilidad de trabajar con el formato que mejor se adapte a sus necesidades. Adem\u00e1s, el complemento le permite la capacidad de personalizar la est\u00e9tica del espectador de 360 \u200b\u200bgrados, armoniz\u00e1ndolo con su imagen de marca y estableciendo una identidad visual cohesiva. Al incorporar el complemento de imagen WooCommerce 360 \u200b\u200ben su plataforma de comercio electr\u00f3nico, puede aumentar el atractivo de sus p\u00e1ginas de productos, cultivando as\u00ed un viaje de compras m\u00e1s inmersivo y atractivo para su estimada clientela.<\/p>\n<ul>\n<li>Un complemento para WooCommerce que permite la visualizaci\u00f3n de im\u00e1genes de productos de 360 \u200b\u200bgrados.<\/li>\n<li>Experiencia de visualizaci\u00f3n interactiva para los clientes, lo que les permite examinar el producto desde todos los \u00e1ngulos.<\/li>\n<li>F\u00e1cil integraci\u00f3n con los sitios web existentes de WooCommerce, no se requiere codificaci\u00f3n adicional.<\/li>\n<li>Admite m\u00faltiples formatos de imagen que incluyen JPEG, PNG y GIF.<\/li>\n<li>Opci\u00f3n para personalizar la configuraci\u00f3n de visualizaci\u00f3n, como la velocidad y la direcci\u00f3n de rotaci\u00f3n.<\/li>\n<li>Dise\u00f1o amigable para dispositivos m\u00f3viles para una visualizaci\u00f3n perfecta en tel\u00e9fonos inteligentes y tabletas.<\/li>\n<li>Mejora la experiencia general del usuario y aumenta el compromiso con el producto.<\/li>\n<li>Aumenta las ventas al proporcionar a los clientes una visi\u00f3n m\u00e1s realista e inmersiva del producto.<\/li>\n<li>Compatible con una amplia gama de productos, desde ropa y accesorios hasta electr\u00f3nica y art\u00edculos para el hogar.<\/li>\n<li>Documentaci\u00f3n y soporte integral disponibles para la instalaci\u00f3n y la resoluci\u00f3n de problemas.<\/li>\n<\/ul>\n","protected":false},"excerpt":{"rendered":"<p>El complemento de imagen WooCommerce 360 \u200b\u200bdemuestra ser una herramienta extremadamente conveniente y valiosa, ya que le otorga la capacidad de exhibir sus productos de una manera que cautiva e involucre a su audiencia. A trav\u00e9s de este ingenioso complemento, se le facilita la carga sin esfuerzo y exhibe im\u00e1genes rotativas de 360 \u200b\u200bgrados de sus productos, lo que brinda a sus clientes la oportunidad de disfrutar de una inspecci\u00f3n completamente completa y detallada de cada \u00e1ngulo concebible, textura y caracter\u00edsticas intrincadas que su mercanc\u00eda posee. Este notable complemento es particularmente adecuado para las empresas especializadas en el comercio minorista de prendas de moda, joyas exquisitas, muebles de lujo e innumerables otras ofertas similares. Al emplear el complemento de imagen WooCommerce 360, permitir\u00e1 que su estimada clientela disfrute de una experiencia de compra verdaderamente encantadora e inmersiva, lo que lleva a un aumento sustancial en sus cifras generales de ventas.<\/p>\n","protected":false},"featured_media":168025,"comment_status":"open","ping_status":"open","template":"","meta":[],"product_brand":[2344],"product_cat":[1207,1248,1206],"product_tag":[1423],"class_list":{"0":"post-126503","1":"product","2":"type-product","3":"status-publish","4":"has-post-thumbnail","6":"product_brand-woocommerce","7":"product_cat-comercio-electronico-plugins","8":"product_cat-personalizacion-comercio-electronico-plugins","9":"product_cat-plugins","10":"product_tag-woocommerce","11":"member-discount","12":"discount-restricted","14":"first","15":"instock","16":"sale","17":"downloadable","18":"virtual","19":"sold-individually","20":"purchasable","21":"product-type-simple"},"_links":{"self":[{"href":"https:\/\/gpl-love.com\/es\/wp-json\/wp\/v2\/product\/126503","targetHints":{"allow":["GET"]}}],"collection":[{"href":"https:\/\/gpl-love.com\/es\/wp-json\/wp\/v2\/product"}],"about":[{"href":"https:\/\/gpl-love.com\/es\/wp-json\/wp\/v2\/types\/product"}],"replies":[{"embeddable":true,"href":"https:\/\/gpl-love.com\/es\/wp-json\/wp\/v2\/comments?post=126503"}],"wp:featuredmedia":[{"embeddable":true,"href":"https:\/\/gpl-love.com\/es\/wp-json\/wp\/v2\/media\/168025"}],"wp:attachment":[{"href":"https:\/\/gpl-love.com\/es\/wp-json\/wp\/v2\/media?parent=126503"}],"wp:term":[{"taxonomy":"product_brand","embeddable":true,"href":"https:\/\/gpl-love.com\/es\/wp-json\/wp\/v2\/product_brand?post=126503"},{"taxonomy":"product_cat","embeddable":true,"href":"https:\/\/gpl-love.com\/es\/wp-json\/wp\/v2\/product_cat?post=126503"},{"taxonomy":"product_tag","embeddable":true,"href":"https:\/\/gpl-love.com\/es\/wp-json\/wp\/v2\/product_tag?post=126503"}],"curies":[{"name":"wp","href":"https:\/\/api.w.org\/{rel}","templated":true}]}}