{"id":126502,"date":"2021-02-09T00:00:00","date_gmt":"2021-02-09T05:00:00","guid":{"rendered":"https:\/\/gpl-love.com\/es\/producto\/woocommerce-2checkout-inline-checkout\/"},"modified":"2026-04-10T11:31:12","modified_gmt":"2026-04-10T16:31:12","slug":"woocommerce-2checkout-inline-checkout","status":"publish","type":"product","link":"https:\/\/gpl-love.com\/es\/producto\/woocommerce-2checkout-inline-checkout\/","title":{"rendered":"WooCommerce 2Checkout Inline Checkout 1.1.15"},"content":{"rendered":"<h3>WooCommerce 2Checkout Inline Checkout Caracteristicas<\/h3>\n<p>El complemento de pago en l\u00ednea de WooCommerce 2checkout es una herramienta incre\u00edblemente robusta, meticulosamente elaborada para racionalizar el procedimiento de pago para escaparates digitales. A trav\u00e9s de su integraci\u00f3n perfecta con WooCommerce, este ingenioso complemento faculta a los clientes para finalizar sin esfuerzo sus transacciones, imbuyendo el proceso con un sentido incomparable de facilidad y conveniencia. Adem\u00e1s de su conveniencia inigualable, este complemento cuenta con una gran cantidad de caracter\u00edsticas de vanguardia, como la funcionalidad de pago \u00fanica altamente codiciada, un dise\u00f1o exquisitamente receptivo que atiende a diversos dispositivos y un soporte inquebrantable para una amplia gama de monedas e idiomas. Como testimonio de su compromiso con la satisfacci\u00f3n del cliente, este complemento tambi\u00e9n prioriza la m\u00e1xima seguridad en cada experiencia de pago, asegurando la protecci\u00f3n impermeable de los datos personales y financieros confidentes de los clientes. En resumen, el complemento de pago en l\u00ednea de WooCommerce 2 Checkout se considera como la soluci\u00f3n por excelencia para propietarios ambiciosos de las tiendas en l\u00ednea, que buscan seriamente optimizar su proceso de pago y al mismo tiempo impulsar las ventas a alturas sin precedentes.<\/p>\n<ul>\n<li>Integraci\u00f3n perfecta del pago en l\u00ednea de 2 checkout con WooCommerce.<\/li>\n<li>Pasarela de pago f\u00e1cil de usar y personalizable.<\/li>\n<li>Procesamiento de pago seguro para los clientes.<\/li>\n<li>Ofrece m\u00faltiples opciones de pago que incluyen tarjetas de cr\u00e9dito, PayPal y m\u00e1s.<\/li>\n<li>Admite 87 monedas y 15 idiomas, lo que facilita a los clientes globales.<\/li>\n<li>Informes y an\u00e1lisis en tiempo real para ayudar a las empresas a tomar decisiones informadas.<\/li>\n<li>Permite a los comerciantes crear una experiencia de pago personalizada con opciones de marca.<\/li>\n<li>Proporciona protecci\u00f3n de fraude para evitar transacciones no autorizadas.<\/li>\n<li>Instalaci\u00f3n f\u00e1cil y proceso de configuraci\u00f3n, incluso para usuarios no t\u00e9cnicos.<\/li>\n<li>Atenci\u00f3n al cliente confiable para garantizar una experiencia sin problemas para empresas y clientes por igual.<\/li>\n<\/ul>\n","protected":false},"excerpt":{"rendered":"<p>El complemento de pago en l\u00ednea de WooCommerce 2checkout es una herramienta muy f\u00e1cil de usar y sin esfuerzo que facilita la integraci\u00f3n perfecta de la funci\u00f3n de pago en l\u00ednea de 2 checkout en su tienda WooCommerce. Al emplear este complemento, puede capacitar a su estimada clientela para finalizar sin esfuerzo sus transacciones sin ser redirigida de su sitio web, mejorando as\u00ed el proceso de pago general y potencialmente conduciendo a tasas de conversi\u00f3n m\u00e1s altas. El proceso de instalaci\u00f3n es lo m\u00e1s sencillo posible: simplemente agregue el complemento a su sistema y configure la configuraci\u00f3n para comenzar a aceptar pagos a trav\u00e9s de 2 checkout sin ning\u00fan retraso!<\/p>\n","protected":false},"featured_media":168024,"comment_status":"open","ping_status":"open","template":"","meta":[],"product_brand":[2344],"product_cat":[1207,1248,1206],"product_tag":[1423],"class_list":{"0":"post-126502","1":"product","2":"type-product","3":"status-publish","4":"has-post-thumbnail","6":"product_brand-woocommerce","7":"product_cat-comercio-electronico-plugins","8":"product_cat-personalizacion-comercio-electronico-plugins","9":"product_cat-plugins","10":"product_tag-woocommerce","11":"member-discount","12":"discount-restricted","14":"first","15":"instock","16":"sale","17":"downloadable","18":"virtual","19":"sold-individually","20":"purchasable","21":"product-type-simple"},"_links":{"self":[{"href":"https:\/\/gpl-love.com\/es\/wp-json\/wp\/v2\/product\/126502","targetHints":{"allow":["GET"]}}],"collection":[{"href":"https:\/\/gpl-love.com\/es\/wp-json\/wp\/v2\/product"}],"about":[{"href":"https:\/\/gpl-love.com\/es\/wp-json\/wp\/v2\/types\/product"}],"replies":[{"embeddable":true,"href":"https:\/\/gpl-love.com\/es\/wp-json\/wp\/v2\/comments?post=126502"}],"wp:featuredmedia":[{"embeddable":true,"href":"https:\/\/gpl-love.com\/es\/wp-json\/wp\/v2\/media\/168024"}],"wp:attachment":[{"href":"https:\/\/gpl-love.com\/es\/wp-json\/wp\/v2\/media?parent=126502"}],"wp:term":[{"taxonomy":"product_brand","embeddable":true,"href":"https:\/\/gpl-love.com\/es\/wp-json\/wp\/v2\/product_brand?post=126502"},{"taxonomy":"product_cat","embeddable":true,"href":"https:\/\/gpl-love.com\/es\/wp-json\/wp\/v2\/product_cat?post=126502"},{"taxonomy":"product_tag","embeddable":true,"href":"https:\/\/gpl-love.com\/es\/wp-json\/wp\/v2\/product_tag?post=126502"}],"curies":[{"name":"wp","href":"https:\/\/api.w.org\/{rel}","templated":true}]}}