{"id":126501,"date":"2021-02-09T00:00:00","date_gmt":"2021-02-09T05:00:00","guid":{"rendered":"https:\/\/gpl-love.com\/es\/producto\/woochimp-woocommerce-mailchimp-integration\/"},"modified":"2026-04-10T11:31:11","modified_gmt":"2026-04-10T16:31:11","slug":"woochimp-woocommerce-mailchimp-integration","status":"publish","type":"product","link":"https:\/\/gpl-love.com\/es\/producto\/woochimp-woocommerce-mailchimp-integration\/","title":{"rendered":"WooChimp WooCommerce MailChimp Integration 2.2.7"},"content":{"rendered":"<h3>WooChimp WooCommerce MailChimp Integration Caracteristicas<\/h3>\n<p>Woochimp WooCommerce MailChimp Integration es una herramienta altamente eficiente y efectiva que otorga a los usuarios la capacidad perfecta de integrar sin esfuerzo su tienda WooCommerce con su cuenta de MailChimp, lo que resulta en una experiencia optimizada y unificada. Con esta integraci\u00f3n excepcional, los usuarios pueden sincronizar sin esfuerzo sus valiosos datos de clientes y pedidos, elaborar campa\u00f1as de correo electr\u00f3nico dirigidas con precisi\u00f3n y monitorear y evaluar diligentemente su rendimiento de marketing por correo electr\u00f3nico, todo dentro de una plataforma \u00fanica e integral. La interfaz f\u00e1cil de usar y la configuraci\u00f3n personalizable aseguran la m\u00e1xima simplicidad y conveniencia en la adaptaci\u00f3n de campa\u00f1as de correo electr\u00f3nico para adaptarse a segmentos espec\u00edficos de los clientes, lo que finalmente resulta en mayores tasas de participaci\u00f3n y conversi\u00f3n. Adem\u00e1s, esta notable integraci\u00f3n abarca una gran cantidad de caracter\u00edsticas avanzadas, incluidos flujos de trabajo de correo electr\u00f3nico automatizados, recuperaci\u00f3n de carros abandonados y recomendaciones de productos, solidificando as\u00ed su estado como una herramienta indispensable para cualquier empresa de comercio electr\u00f3nico que se esfuerza por un aumento de la eficacia de su estrategia de marketing por correo electr\u00f3nico. En conclusi\u00f3n, la integraci\u00f3n de Woochimp WooCommerce MailChimp emerge inequ\u00edvocamente como un activo indispensable para cualquier propietario de negocios astuto que busque optimizar sus esfuerzos de marketing y refuerzos de ventas.<\/p>\n<ul>\n<li>Integra perfectamente sus cuentas de WooCommerce y MailChimp<\/li>\n<li>Sincroniza autom\u00e1ticamente los datos del cliente entre plataformas<\/li>\n<li>Habilita el marketing por correo electr\u00f3nico dirigido basado en el historial de compras de los clientes<\/li>\n<li>Permite plantillas y campa\u00f1as de correo electr\u00f3nico personalizables<\/li>\n<li>Admite el uso de las potentes funciones de automatizaci\u00f3n de MailChimp<\/li>\n<li>Ofrece an\u00e1lisis en tiempo real e informes sobre el rendimiento de la campa\u00f1a de correo electr\u00f3nico<\/li>\n<li>La interfaz f\u00e1cil de usar facilita la configuraci\u00f3n y la administraci\u00f3n<\/li>\n<li>Proporciona una excelente atenci\u00f3n al cliente para cualquier pregunta o problema.<\/li>\n<\/ul>\n","protected":false},"excerpt":{"rendered":"<p>La integraci\u00f3n de Woochimp WooCommerce MailChimp, una herramienta incre\u00edblemente robusta, sirve como un conducto impecable que establece sin problemas una conexi\u00f3n entre su estimada tienda de WooCommerce y la famosa plataforma MailChimp. A trav\u00e9s de esta integraci\u00f3n fenomenal, puede sincronizar sin esfuerzo todos sus invaluables datos de clientes y pedidos, facilitando as\u00ed la automatizaci\u00f3n de sus campa\u00f1as de marketing por correo electr\u00f3nico altamente efectivas, lo que inevitablemente resulta en un aumento sustancial en los ingresos de su tienda estimada. Como un complemento notablemente f\u00e1cil de usar, garantiza que cada correo electr\u00f3nico enviado est\u00e1 meticulosamente adaptado y dirigido meticulosamente al cliente preciso, lo que hace que sea un esencial absoluto para cualquier ambicioso propietario de la tienda de WooCommerce con un ferviente deseo de ascender a las alturas sin igual en sus esfuerzos de marketing. .<\/p>\n","protected":false},"featured_media":168023,"comment_status":"open","ping_status":"open","template":"","meta":[],"product_brand":[2339],"product_cat":[1207,1225,1206],"product_tag":[1256],"class_list":{"0":"post-126501","1":"product","2":"type-product","3":"status-publish","4":"has-post-thumbnail","6":"product_brand-codecanyon","7":"product_cat-comercio-electronico-plugins","8":"product_cat-marketing","9":"product_cat-plugins","10":"product_tag-codecanyon","11":"member-discount","12":"discount-restricted","14":"first","15":"instock","16":"sale","17":"downloadable","18":"virtual","19":"sold-individually","20":"purchasable","21":"product-type-simple"},"_links":{"self":[{"href":"https:\/\/gpl-love.com\/es\/wp-json\/wp\/v2\/product\/126501","targetHints":{"allow":["GET"]}}],"collection":[{"href":"https:\/\/gpl-love.com\/es\/wp-json\/wp\/v2\/product"}],"about":[{"href":"https:\/\/gpl-love.com\/es\/wp-json\/wp\/v2\/types\/product"}],"replies":[{"embeddable":true,"href":"https:\/\/gpl-love.com\/es\/wp-json\/wp\/v2\/comments?post=126501"}],"wp:featuredmedia":[{"embeddable":true,"href":"https:\/\/gpl-love.com\/es\/wp-json\/wp\/v2\/media\/168023"}],"wp:attachment":[{"href":"https:\/\/gpl-love.com\/es\/wp-json\/wp\/v2\/media?parent=126501"}],"wp:term":[{"taxonomy":"product_brand","embeddable":true,"href":"https:\/\/gpl-love.com\/es\/wp-json\/wp\/v2\/product_brand?post=126501"},{"taxonomy":"product_cat","embeddable":true,"href":"https:\/\/gpl-love.com\/es\/wp-json\/wp\/v2\/product_cat?post=126501"},{"taxonomy":"product_tag","embeddable":true,"href":"https:\/\/gpl-love.com\/es\/wp-json\/wp\/v2\/product_tag?post=126501"}],"curies":[{"name":"wp","href":"https:\/\/api.w.org\/{rel}","templated":true}]}}