{"id":126500,"date":"2025-05-05T00:00:00","date_gmt":"2025-05-05T05:00:00","guid":{"rendered":"https:\/\/gpl-love.com\/es\/producto\/woobe-woocommerce-bulk-editor-y-products-manager-professional\/"},"modified":"2026-04-10T11:31:10","modified_gmt":"2026-04-10T16:31:10","slug":"woobe-woocommerce-bulk-editor-y-products-manager-professional","status":"publish","type":"product","link":"https:\/\/gpl-love.com\/es\/producto\/woobe-woocommerce-bulk-editor-y-products-manager-professional\/","title":{"rendered":"WOOBE WooCommerce Bulk Editor y Products Manager Professional 2.1.7"},"content":{"rendered":"<h3>WOOBE WooCommerce Bulk Editor y Products Manager Professional Caracteristicas<\/h3>\n<p>Woobe WooCommerce Bulk Editor and Productser Professional es una herramienta incre\u00edblemente potente espec\u00edficamente dise\u00f1ada para satisfacer las necesidades de las empresas que dependen en gran medida de WooCommerce. Este software excepcional proporciona a los usuarios la capacidad de administrar sin esfuerzo su inventario y actualizar de manera eficiente m\u00faltiples productos simult\u00e1neamente. La funci\u00f3n de editor a granel ingenioso otorga a los usuarios el poder de hacer cambios en una multitud de productos simult\u00e1neamente, lo que finalmente ahorra un tiempo y un esfuerzo valiosos. Adem\u00e1s, el software ofrece la comodidad de crear nuevos productos a granel a trav\u00e9s de una conveniente importaci\u00f3n de archivos CSV. Adem\u00e1s, la caracter\u00edstica del gerente de productos otorga a los usuarios un control incomparable sobre el inventario de su tienda, permiti\u00e9ndolos a agregar, modificar y eliminar productos sin esfuerzo a su discreci\u00f3n. En resumen, el editor a granel y gerente de productos de Woobe WooCommerce y el profesional de los productos representa sin lugar a dudas una herramienta indispensable para cualquier empresa que busque optimizar sus operaciones de comercio electr\u00f3nico y mejorar su rentabilidad general.<\/p>\n<ul>\n<li>Administre m\u00faltiples productos a la vez con capacidades de edici\u00f3n a granel<\/li>\n<li>Simplifique la gesti\u00f3n de productos creando reglas para las actualizaciones de productos<\/li>\n<li>Actualizar atributos del producto, categor\u00edas y etiquetas a granel<\/li>\n<li>Agregar o eliminar f\u00e1cilmente productos de ventas y promociones<\/li>\n<li>Exportar e importar datos de productos para actualizaciones r\u00e1pidas<\/li>\n<li>Capacidades de b\u00fasqueda avanzadas para la gesti\u00f3n de productos r\u00e1pida y eficiente<\/li>\n<li>Personalizar las tablas de productos para mostrar solo la informaci\u00f3n necesaria<\/li>\n<li>Filtros de productos para actualizaciones y organizaci\u00f3n espec\u00edficas<\/li>\n<li>Programar actualizaciones de productos para una futura implementaci\u00f3n<\/li>\n<li>Integraci\u00f3n con WooCommerce para la gesti\u00f3n de productos sin problemas.<\/li>\n<\/ul>\n","protected":false},"excerpt":{"rendered":"<p>El Profesional de Bulk Bulk y Professional de Woobe WooCommerce Bulk es una herramienta incre\u00edblemente robusta y eficiente que ofrece un nivel incomparable de conveniencia cuando se trata de administrar de manera efectiva su tienda de WooCommerce. Este complemento altamente intuitivo presenta a los usuarios la capacidad de realizar cambios sin esfuerzo en numerosos detalles del producto, manejar expertamente la gesti\u00f3n de existencias y clasificar por expertos productos durante unos pocos clics simples. Independientemente de la escala de su inventario o el tama\u00f1o de su negocio, el Woobe WooCommerce Bulk Editor y el Professional de Gerente de Productos sin duda revolucionar\u00e1 su flujo de trabajo, lo que le permitir\u00e1 maximizar la eficiencia y ahorrar tiempo invaluable en el proceso.<\/p>\n","protected":false},"featured_media":168022,"comment_status":"open","ping_status":"open","template":"","meta":[],"product_brand":[2339],"product_cat":[1208,1207,1206],"product_tag":[1256],"class_list":{"0":"post-126500","1":"product","2":"type-product","3":"status-publish","4":"has-post-thumbnail","6":"product_brand-codecanyon","7":"product_cat-administracion","8":"product_cat-comercio-electronico-plugins","9":"product_cat-plugins","10":"product_tag-codecanyon","11":"member-discount","12":"discount-restricted","14":"first","15":"instock","16":"sale","17":"downloadable","18":"virtual","19":"sold-individually","20":"purchasable","21":"product-type-simple"},"_links":{"self":[{"href":"https:\/\/gpl-love.com\/es\/wp-json\/wp\/v2\/product\/126500","targetHints":{"allow":["GET"]}}],"collection":[{"href":"https:\/\/gpl-love.com\/es\/wp-json\/wp\/v2\/product"}],"about":[{"href":"https:\/\/gpl-love.com\/es\/wp-json\/wp\/v2\/types\/product"}],"replies":[{"embeddable":true,"href":"https:\/\/gpl-love.com\/es\/wp-json\/wp\/v2\/comments?post=126500"}],"wp:featuredmedia":[{"embeddable":true,"href":"https:\/\/gpl-love.com\/es\/wp-json\/wp\/v2\/media\/168022"}],"wp:attachment":[{"href":"https:\/\/gpl-love.com\/es\/wp-json\/wp\/v2\/media?parent=126500"}],"wp:term":[{"taxonomy":"product_brand","embeddable":true,"href":"https:\/\/gpl-love.com\/es\/wp-json\/wp\/v2\/product_brand?post=126500"},{"taxonomy":"product_cat","embeddable":true,"href":"https:\/\/gpl-love.com\/es\/wp-json\/wp\/v2\/product_cat?post=126500"},{"taxonomy":"product_tag","embeddable":true,"href":"https:\/\/gpl-love.com\/es\/wp-json\/wp\/v2\/product_tag?post=126500"}],"curies":[{"name":"wp","href":"https:\/\/api.w.org\/{rel}","templated":true}]}}