{"id":126499,"date":"2026-04-16T00:00:00","date_gmt":"2026-04-16T05:00:00","guid":{"rendered":"https:\/\/gpl-love.com\/es\/producto\/woo-product-table-pro-2\/"},"modified":"2026-04-16T17:16:50","modified_gmt":"2026-04-16T22:16:50","slug":"woo-product-table-pro-2","status":"publish","type":"product","link":"https:\/\/gpl-love.com\/es\/producto\/woo-product-table-pro-2\/","title":{"rendered":"WooCommerce Product Table 2.2.9"},"content":{"rendered":"<h3>WooCommerce Product Table Caracteristicas<\/h3>\n<p>Woo Product Table Pro es un complemento extremadamente potente y notablemente flexible, que permite a los propietarios de las tiendas en l\u00ednea exhibir sus productos variados en un formato de tabla notablemente f\u00e1cil de usar y f\u00e1cilmente navegable. Este complemento fenomenal otorga a los clientes la notable capacidad de localizar r\u00e1pida y sin esfuerzo los productos espec\u00edficos que desean, al tiempo que les ofrece simult\u00e1neamente la capacidad extraordinaria de filtrar dichos productos por varias categor\u00edas o clasificarlos diligentemente por precio, popularidad o cualquier otro criterio para que deseen as\u00ed que deseen as\u00ed que deseen . Este complemento est\u00e1 ingeniosamente dise\u00f1ado para ser completamente personalizable, lo que le brinda a los propietarios de tiendas la capacidad incomparable para seleccionar expertamente a qu\u00e9 columnas desean mostrar prominentemente, alterar ingeniosamente los colores y las fuentes como lo desean, e incluso incorporar elegantemente sus propios estilos CSS Mejore a\u00fan m\u00e1s el atractivo est\u00e9tico de su tienda en l\u00ednea. La tabla de productos Woo tambi\u00e9n es notablemente receptiva y funciona perfectamente en todo tipo de dispositivos, lo que lo hace exquisitamente adecuado para tiendas en l\u00ednea que priorizan un enfoque m\u00f3vil primero. En conclusi\u00f3n, este complemento es una necesidad absoluta para cualquier tienda en l\u00ednea exigente que anhele mejorar genuinamente la experiencia de compra general de sus valiosos clientes y maximizar simult\u00e1neamente sus ventas al mostrar su prodigiosa gama de productos de una manera exquisitamente clara y presentada concisamente.<\/p>\n<ul>\n<li>Complemento de tabla de productos de WooCommerce dise\u00f1ado para aumentar las ventas y las conversiones<\/li>\n<li>Proporciona un dise\u00f1o de tabla de productos personalizable y receptivo para que los clientes naveguen f\u00e1cilmente y seleccionan productos<\/li>\n<li>Permite ordenar y pagar r\u00e1pidamente con la capacidad de agregar m\u00faltiples elementos al carrito a la vez<\/li>\n<li>Columnas personalizables y opciones de clasificaci\u00f3n para cada tabla de productos para adaptarse a las necesidades y preferencias \u00fanicas<\/li>\n<li>Opci\u00f3n para integrarse con PayPal, Stripe y otras pasarelas de pago populares para pagos y transacciones seguras<\/li>\n<li>Funcionalidad avanzada de b\u00fasqueda y filtro para ayudar a los clientes a encontrar productos m\u00e1s r\u00e1pido y reducir f\u00e1cilmente las opciones<\/li>\n<li>Compatible con todos los tipos de productos de WooCommerce (simples, variables, agrupados y externos) y campos personalizados<\/li>\n<li>Optimizado para SEO para ayudar a aumentar la clasificaci\u00f3n de los motores de b\u00fasqueda y conducir m\u00e1s tr\u00e1fico a su sitio<\/li>\n<li>Incluye documentaci\u00f3n detallada y atenci\u00f3n al cliente para garantizar un proceso de configuraci\u00f3n e integraci\u00f3n sin problemas<\/li>\n<li>Ideal para empresas de comercio electr\u00f3nico que buscan mejorar su experiencia de compra de clientes e impulsar las ventas.<\/li>\n<\/ul>\n","protected":false},"excerpt":{"rendered":"<p>Woo Product Table Pro, un complemento de WordPress altamente sofisticado, ofrece la notable capacidad de desarrollar tablas de productos personalizadas y adaptables para su estimada tienda de WooCommerce. Al aprovechar sus capacidades formidables, puede exhibir sin esfuerzo su mercanc\u00eda, repleta de im\u00e1genes cautivadoras, descripciones integrales, precios atractivos y otros detalles pertinentes, todos perfectamente organizados dentro de un formato de tabla simplificado. Adem\u00e1s, este complemento excepcional cuenta con una gran cantidad de filtros personalizables, alternativas de clasificaci\u00f3n y una ingeniosa funcionalidad de b\u00fasqueda de productos, que sirve para elevar las empresas de compras de sus clientes apreciados a alturas sin precedentes de conveniencia y satisfacci\u00f3n. Adem\u00e1s, la instalaci\u00f3n y utilizaci\u00f3n de la tabla de productos WOO Table Pro es un esfuerzo notablemente f\u00e1cil, ya que ha sido meticulosamente dise\u00f1ado para integrarse perfectamente con cualquier tema de WooCommerce de su preferencia. No dude por m\u00e1s tiempo, se embarque en un viaje estimulante de excelencia minorista adoptando la mesa de productos Woo Pro y su tienda WooCommerce asciende a un nivel completamente nuevo de \u00e9xito y prosperidad.<\/p>\n","protected":false},"featured_media":168021,"comment_status":"open","ping_status":"open","template":"","meta":[],"product_brand":[2559],"product_cat":[1207,1248,1206],"product_tag":[2237],"class_list":{"0":"post-126499","1":"product","2":"type-product","3":"status-publish","4":"has-post-thumbnail","6":"product_brand-woobewoo","7":"product_cat-comercio-electronico-plugins","8":"product_cat-personalizacion-comercio-electronico-plugins","9":"product_cat-plugins","10":"product_tag-woobewoo","11":"member-discount","12":"discount-restricted","14":"first","15":"instock","16":"sale","17":"downloadable","18":"virtual","19":"sold-individually","20":"purchasable","21":"product-type-simple"},"_links":{"self":[{"href":"https:\/\/gpl-love.com\/es\/wp-json\/wp\/v2\/product\/126499","targetHints":{"allow":["GET"]}}],"collection":[{"href":"https:\/\/gpl-love.com\/es\/wp-json\/wp\/v2\/product"}],"about":[{"href":"https:\/\/gpl-love.com\/es\/wp-json\/wp\/v2\/types\/product"}],"replies":[{"embeddable":true,"href":"https:\/\/gpl-love.com\/es\/wp-json\/wp\/v2\/comments?post=126499"}],"wp:featuredmedia":[{"embeddable":true,"href":"https:\/\/gpl-love.com\/es\/wp-json\/wp\/v2\/media\/168021"}],"wp:attachment":[{"href":"https:\/\/gpl-love.com\/es\/wp-json\/wp\/v2\/media?parent=126499"}],"wp:term":[{"taxonomy":"product_brand","embeddable":true,"href":"https:\/\/gpl-love.com\/es\/wp-json\/wp\/v2\/product_brand?post=126499"},{"taxonomy":"product_cat","embeddable":true,"href":"https:\/\/gpl-love.com\/es\/wp-json\/wp\/v2\/product_cat?post=126499"},{"taxonomy":"product_tag","embeddable":true,"href":"https:\/\/gpl-love.com\/es\/wp-json\/wp\/v2\/product_tag?post=126499"}],"curies":[{"name":"wp","href":"https:\/\/api.w.org\/{rel}","templated":true}]}}