{"id":126498,"date":"2023-11-04T00:00:00","date_gmt":"2023-11-04T05:00:00","guid":{"rendered":"https:\/\/gpl-love.com\/es\/producto\/woo-product-table-pro\/"},"modified":"2026-04-10T11:31:08","modified_gmt":"2026-04-10T16:31:08","slug":"woo-product-table-pro","status":"publish","type":"product","link":"https:\/\/gpl-love.com\/es\/producto\/woo-product-table-pro\/","title":{"rendered":"Woo Product Table Pro 9.1.0"},"content":{"rendered":"<h3>Woo Product Table Pro Caracteristicas<\/h3>\n<p>Woo Product Table Pro, una herramienta incre\u00edblemente robusta, atiende a los propietarios de la tienda de WooCommerce con el objetivo de presentar su mercanc\u00eda en un dise\u00f1o tabular inmaculado y met\u00f3dico. Este complemento fenomenal capacita a los usuarios para modificar tablas de productos que son profundamente configurables y se pueden organizar y tamizar en funci\u00f3n de una amplia gama de criterios. Adem\u00e1s, este complemento ofrece caracter\u00edsticas convenientes, como incorporar variaciones de productos, selectores de cantidad y la inclusi\u00f3n de botones de suma de carto directamente dentro de la tabla. Dicha exposici\u00f3n de mercanc\u00edas aerodin\u00e1mica sin duda mejora la experiencia general del usuario e invariablemente aumenta las ventas para cualquier escaparate virtual.<\/p>\n<ul>\n<li>Complemento de tabla de productos de WooCommerce dise\u00f1ado para aumentar las ventas y las conversiones<\/li>\n<li>Proporciona un dise\u00f1o de tabla de productos personalizable y receptivo para que los clientes naveguen f\u00e1cilmente y seleccionan productos<\/li>\n<li>Permite ordenar y pagar r\u00e1pidamente con la capacidad de agregar m\u00faltiples elementos al carrito a la vez<\/li>\n<li>Columnas personalizables y opciones de clasificaci\u00f3n para cada tabla de productos para adaptarse a las necesidades y preferencias \u00fanicas<\/li>\n<li>Opci\u00f3n para integrarse con PayPal, Stripe y otras pasarelas de pago populares para pagos y transacciones seguras<\/li>\n<li>Funcionalidad avanzada de b\u00fasqueda y filtro para ayudar a los clientes a encontrar productos m\u00e1s r\u00e1pido y reducir f\u00e1cilmente las opciones<\/li>\n<li>Compatible con todos los tipos de productos de WooCommerce (simples, variables, agrupados y externos) y campos personalizados<\/li>\n<li>Optimizado para SEO para ayudar a aumentar la clasificaci\u00f3n de los motores de b\u00fasqueda y conducir m\u00e1s tr\u00e1fico a su sitio<\/li>\n<li>Incluye documentaci\u00f3n detallada y atenci\u00f3n al cliente para garantizar un proceso de configuraci\u00f3n e integraci\u00f3n sin problemas<\/li>\n<li>Ideal para empresas de comercio electr\u00f3nico que buscan mejorar su experiencia de compra de clientes e impulsar las ventas.<\/li>\n<\/ul>\n","protected":false},"excerpt":{"rendered":"<p>Woo Product Table Pro, un complemento notablemente potente, faculta a los usuarios generar tablas din\u00e1micas y personalizables espec\u00edficamente atendidas a sus productos de WooCommerce. El complemento presenta sin problemas y cuidadosamente una variedad de datos de productos, que abarca informaci\u00f3n esencial como nombres, precios, im\u00e1genes y atributos, en un formato de tabla meticulosamente organizado. Adem\u00e1s, los usuarios tienen la autonom\u00eda completa de manipular el dise\u00f1o y la funcionalidad de sus tablas, que abarcan desde filtros personalizables hasta una amplia gama de opciones de clasificaci\u00f3n. Sin lugar a dudas, Woo Product Table Pro se hace absolutamente indispensable para los comerciantes en l\u00ednea, proporcion\u00e1ndoles efectivamente un medio inigualable para exhibir y vender sus productos con la mayor profesionalidad y eficiencia.<\/p>\n","protected":false},"featured_media":168020,"comment_status":"open","ping_status":"open","template":"","meta":[],"product_brand":[2339],"product_cat":[1207,1248,1206],"product_tag":[1256],"class_list":{"0":"post-126498","1":"product","2":"type-product","3":"status-publish","4":"has-post-thumbnail","6":"product_brand-codecanyon","7":"product_cat-comercio-electronico-plugins","8":"product_cat-personalizacion-comercio-electronico-plugins","9":"product_cat-plugins","10":"product_tag-codecanyon","11":"member-discount","12":"discount-restricted","14":"first","15":"instock","16":"sale","17":"downloadable","18":"virtual","19":"sold-individually","20":"purchasable","21":"product-type-simple"},"_links":{"self":[{"href":"https:\/\/gpl-love.com\/es\/wp-json\/wp\/v2\/product\/126498","targetHints":{"allow":["GET"]}}],"collection":[{"href":"https:\/\/gpl-love.com\/es\/wp-json\/wp\/v2\/product"}],"about":[{"href":"https:\/\/gpl-love.com\/es\/wp-json\/wp\/v2\/types\/product"}],"replies":[{"embeddable":true,"href":"https:\/\/gpl-love.com\/es\/wp-json\/wp\/v2\/comments?post=126498"}],"wp:featuredmedia":[{"embeddable":true,"href":"https:\/\/gpl-love.com\/es\/wp-json\/wp\/v2\/media\/168020"}],"wp:attachment":[{"href":"https:\/\/gpl-love.com\/es\/wp-json\/wp\/v2\/media?parent=126498"}],"wp:term":[{"taxonomy":"product_brand","embeddable":true,"href":"https:\/\/gpl-love.com\/es\/wp-json\/wp\/v2\/product_brand?post=126498"},{"taxonomy":"product_cat","embeddable":true,"href":"https:\/\/gpl-love.com\/es\/wp-json\/wp\/v2\/product_cat?post=126498"},{"taxonomy":"product_tag","embeddable":true,"href":"https:\/\/gpl-love.com\/es\/wp-json\/wp\/v2\/product_tag?post=126498"}],"curies":[{"name":"wp","href":"https:\/\/api.w.org\/{rel}","templated":true}]}}