{"id":126497,"date":"2026-03-21T00:00:00","date_gmt":"2026-03-21T05:00:00","guid":{"rendered":"https:\/\/gpl-love.com\/es\/producto\/woo-product-filter-pro\/"},"modified":"2026-03-21T17:15:59","modified_gmt":"2026-03-21T22:15:59","slug":"woo-product-filter-pro","status":"publish","type":"product","link":"https:\/\/gpl-love.com\/es\/producto\/woo-product-filter-pro\/","title":{"rendered":"Woo Product Filter Pro 3.1.3"},"content":{"rendered":"<h3>Woo Product Filter Pro Caracteristicas<\/h3>\n<p>Woo Product Filter Pro, una herramienta robusta, sirve para simplificar el proceso de b\u00fasqueda de productos para clientes y due\u00f1os de negocios. Presenta un sistema de filtro f\u00e1cil de usar que se integra perfectamente con cualquier tienda WooCommerce. Al utilizar el Filtro de productos WOO Pro, los clientes obtienen la ventaja de buscar r\u00e1pidamente y sin esfuerzo los productos que desean. Esto se puede lograr seleccionando desde una gran cantidad de opciones de filtro, que incluyen, entre otros, el rango de precios, las categor\u00edas de productos, las etiquetas y los atributos. Para satisfacer a\u00fan m\u00e1s las necesidades espec\u00edficas, los due\u00f1os de negocios reciben una multitud de opciones de personalizaci\u00f3n, lo que les permite configurar y administrar los filtros sin esfuerzo. En su totalidad, Woo Product Filter Pro sirve como una herramienta indispensable para cualquier tienda WooCommerce, ya que mejora efectivamente la experiencia de compra general para los clientes al tiempo que aumenta la capacidad de descubrimiento de los productos.<\/p>\n<ul>\n<li>Una poderosa herramienta de filtrado de productos para tiendas en l\u00ednea que usa las plataformas de WordPress y WooCommerce.<\/li>\n<li>Permite a los clientes clasificar y filtrar f\u00e1cilmente productos basados \u200b\u200ben atributos como color, tama\u00f1o, rango de precios y m\u00e1s.<\/li>\n<li>Ofrece opciones de filtro de barra lateral y de barra superior para la m\u00e1xima personalizaci\u00f3n y facilidad de uso.<\/li>\n<li>Incluye la funcionalidad de b\u00fasqueda avanzada, que permite a los usuarios ingresar palabras clave y reducir a\u00fan m\u00e1s sus resultados de b\u00fasqueda.<\/li>\n<li>Compatible con una amplia gama de tipos de productos, incluidos productos simples, variables y agrupados.<\/li>\n<li>Viene con una variedad de plantillas de filtro predise\u00f1adas para elegir, o puede crear su propio dise\u00f1o personalizado.<\/li>\n<li>Ofrece una integraci\u00f3n perfecta con el dise\u00f1o y el dise\u00f1o de su tienda en l\u00ednea existente.<\/li>\n<li>Proporciona an\u00e1lisis detallados e informes sobre el comportamiento de filtrado de clientes, lo que le brinda una idea de los productos m\u00e1s populares y c\u00f3mo los clientes est\u00e1n interactuando con su tienda.<\/li>\n<li>Constantemente actualizado y mejorado con nuevas caracter\u00edsticas y funcionalidad basadas en comentarios de los clientes y tendencias del mercado.<\/li>\n<li>Respaldado por la atenci\u00f3n al cliente amigable y receptiva para garantizar una experiencia sin problemas y sin estr\u00e9s tanto para usted como para sus clientes.<\/li>\n<\/ul>\n","protected":false},"excerpt":{"rendered":"<p>Woo Product Filter Pro es un complemento incre\u00edblemente rico en funciones e integral dise\u00f1ado espec\u00edficamente para WooCommerce que otorga a los clientes la capacidad perfecta de buscar y examinar sin esfuerzo a trav\u00e9s de una amplia gama de productos diversificados. Al implementar Woo Product Filter Pro, sin duda elevar\u00e1 y aumentar\u00e1 la experiencia general de compra para su estimada clientela al empoderarlos con la invaluable capacidad de examinar y investigar productos basados \u200b\u200ben una mir\u00edada de atributos que incluyen, pero no limitados a, categor\u00eda, precio, precio, precio, precio, precio, precio, y varias otras caracter\u00edsticas distintivas. Este complemento de filtro excepcionalmente potente y din\u00e1mico tambi\u00e9n ofrece a los clientes la conveniencia de emplear filtros de marca, color y tama\u00f1o, facilitando y simplificando tangiblemente la ardua tarea de localizar y adquirir precisamente los productos que desean y requieren y requieren. Adem\u00e1s, el proceso de instalaci\u00f3n y personalizaci\u00f3n para el filtro de productos WOO Pro es felizmente sin complicaciones y f\u00e1cil de usar, asegurando una experiencia sin problemas para todos los usuarios. Tome el audaz salto de fe y adopte las maravillas incomparables que Woo Product Filter Pro tiene que ofrecer hoy para cultivar diligentemente y fomentar una experiencia de compra superlativa e inteligente para su estimada base de clientes.<\/p>\n","protected":false},"featured_media":168019,"comment_status":"open","ping_status":"open","template":"","meta":[],"product_brand":[2559],"product_cat":[1207,1248,1206],"product_tag":[2237],"class_list":{"0":"post-126497","1":"product","2":"type-product","3":"status-publish","4":"has-post-thumbnail","6":"product_brand-woobewoo","7":"product_cat-comercio-electronico-plugins","8":"product_cat-personalizacion-comercio-electronico-plugins","9":"product_cat-plugins","10":"product_tag-woobewoo","11":"member-discount","12":"discount-restricted","14":"first","15":"instock","16":"sale","17":"downloadable","18":"virtual","19":"sold-individually","20":"purchasable","21":"product-type-simple"},"_links":{"self":[{"href":"https:\/\/gpl-love.com\/es\/wp-json\/wp\/v2\/product\/126497","targetHints":{"allow":["GET"]}}],"collection":[{"href":"https:\/\/gpl-love.com\/es\/wp-json\/wp\/v2\/product"}],"about":[{"href":"https:\/\/gpl-love.com\/es\/wp-json\/wp\/v2\/types\/product"}],"replies":[{"embeddable":true,"href":"https:\/\/gpl-love.com\/es\/wp-json\/wp\/v2\/comments?post=126497"}],"wp:featuredmedia":[{"embeddable":true,"href":"https:\/\/gpl-love.com\/es\/wp-json\/wp\/v2\/media\/168019"}],"wp:attachment":[{"href":"https:\/\/gpl-love.com\/es\/wp-json\/wp\/v2\/media?parent=126497"}],"wp:term":[{"taxonomy":"product_brand","embeddable":true,"href":"https:\/\/gpl-love.com\/es\/wp-json\/wp\/v2\/product_brand?post=126497"},{"taxonomy":"product_cat","embeddable":true,"href":"https:\/\/gpl-love.com\/es\/wp-json\/wp\/v2\/product_cat?post=126497"},{"taxonomy":"product_tag","embeddable":true,"href":"https:\/\/gpl-love.com\/es\/wp-json\/wp\/v2\/product_tag?post=126497"}],"curies":[{"name":"wp","href":"https:\/\/api.w.org\/{rel}","templated":true}]}}