{"id":126496,"date":"2023-12-17T00:00:00","date_gmt":"2023-12-17T05:00:00","guid":{"rendered":"https:\/\/gpl-love.com\/es\/producto\/woo-infinite-options\/"},"modified":"2026-03-09T08:19:29","modified_gmt":"2026-03-09T13:19:29","slug":"woo-infinite-options","status":"publish","type":"product","link":"https:\/\/gpl-love.com\/es\/producto\/woo-infinite-options\/","title":{"rendered":"Woo Infinite Options 1.116"},"content":{"rendered":"<h3>Woo Infinite Options Caracteristicas<\/h3>\n<p>El complemento Woo Infinite Options es una herramienta incre\u00edblemente robusta y vers\u00e1til que otorga a los usuarios la capacidad de incorporar una cantidad ilimitada de opciones en sus productos de WooCommerce. Al expandir las capacidades de este complemento, los usuarios pueden generar sin esfuerzo opciones personalizadas que se manifiestan en diversas formas, incluidos, entre otros, men\u00fas desplegables, campos de texto e incluso im\u00e1genes. Adem\u00e1s, el complemento permite el establecimiento de precios distintos para cada opci\u00f3n individual, lo que brinda a los usuarios la oportunidad de implementar una estructura de precios que se alinee con sus necesidades espec\u00edficas. Adem\u00e1s, el complemento ofrece a los usuarios la capacidad de incorporar a la perfecci\u00f3n la l\u00f3gica condicional, lo que resulta en la capacidad de mostrar o ocultar opciones selectivamente basadas en las preferencias del usuario. A la luz de estas caracter\u00edsticas, se hace evidente que este complemento es ideal para empresas que se especializan en ofrecer productos personalizables, como moda, accesorios y muebles. Al incorporar opciones de Woo Infinite, los comerciantes pueden elevar sin esfuerzo sus ofertas de productos imbuyendo con una funcionalidad mejorada y el potencial de crear experiencias verdaderamente \u00fanicas y personalizadas para su valiosa clientela. En consecuencia, est\u00e1 inequ\u00edvocamente claro que Woo Infinite Opciones es un complemento indispensablemente indispensable para cualquier proveedor en l\u00ednea que busque aumentar las elecciones y las experiencias de sus clientes.<\/p>\n<ul>\n<li>Ofrece opciones ilimitadas para la personalizaci\u00f3n del producto<\/li>\n<li>Permite a los clientes personalizar sus productos con una variedad de opciones<\/li>\n<li>Interfaz f\u00e1cil de usar tanto para propietarios de tiendas como para clientes<\/li>\n<li>Compatible con todos los temas de WordPress<\/li>\n<li>Ofrece diferentes opciones para diferentes precios<\/li>\n<li>Asegura una instalaci\u00f3n r\u00e1pida y sin problemas<\/li>\n<li>Proporciona precios en tiempo real basado en opciones seleccionadas<\/li>\n<li>Compatible con idiomas distintos al ingl\u00e9s<\/li>\n<li>Proporciona a los clientes un proceso de personalizaci\u00f3n suave y totalmente integrado<\/li>\n<li>Permite a los propietarios de tiendas vender productos m\u00e1s personalizados<\/li>\n<li>Ayuda a los propietarios de las tiendas a establecer su identidad de marca a trav\u00e9s de productos personalizados<\/li>\n<\/ul>\n","protected":false},"excerpt":{"rendered":"<p>Woo Infinite Opciones, un complemento incre\u00edblemente potente meticulosamente elaborado para aumentar la funcionalidad de su tienda WooCommerce, surge como un activo indispensable. Esta ingeniosa herramienta le permite generar sin esfuerzo una gama infinita de opciones de productos, campos a medida y variaciones vers\u00e1tiles. Al aprovechar el poder de las opciones de Woo Infinite, puede forjar sin esfuerzo p\u00e1ginas din\u00e1micas de productos que personifican una experiencia de compra incomparable para sus estimados clientes. Ya sea que su objetivo es complementar su mercanc\u00eda con informaci\u00f3n vital complementaria o construir alternativas de precios personalizadas, la interfaz intuitiva e intuitiva de las opciones de Woo Infinite le otorga un proceso sin esfuerzo y optimizado. Sea testigo de un aumento sin precedentes en las conversiones, una notable declive en las tarifas de rebote y la facilitaci\u00f3n de un viaje de compras armonioso e ininterrumpido, todo gracias a la invaluable asistencia prestada por Woo Infinite Opciones.<\/p>\n","protected":false},"featured_media":168018,"comment_status":"open","ping_status":"open","template":"","meta":[],"product_brand":[2339],"product_cat":[1207,1248,1206],"product_tag":[1256],"class_list":{"0":"post-126496","1":"product","2":"type-product","3":"status-publish","4":"has-post-thumbnail","6":"product_brand-codecanyon","7":"product_cat-comercio-electronico-plugins","8":"product_cat-personalizacion-comercio-electronico-plugins","9":"product_cat-plugins","10":"product_tag-codecanyon","11":"member-discount","12":"discount-restricted","14":"first","15":"instock","16":"sale","17":"downloadable","18":"virtual","19":"sold-individually","20":"purchasable","21":"product-type-simple"},"_links":{"self":[{"href":"https:\/\/gpl-love.com\/es\/wp-json\/wp\/v2\/product\/126496","targetHints":{"allow":["GET"]}}],"collection":[{"href":"https:\/\/gpl-love.com\/es\/wp-json\/wp\/v2\/product"}],"about":[{"href":"https:\/\/gpl-love.com\/es\/wp-json\/wp\/v2\/types\/product"}],"replies":[{"embeddable":true,"href":"https:\/\/gpl-love.com\/es\/wp-json\/wp\/v2\/comments?post=126496"}],"wp:featuredmedia":[{"embeddable":true,"href":"https:\/\/gpl-love.com\/es\/wp-json\/wp\/v2\/media\/168018"}],"wp:attachment":[{"href":"https:\/\/gpl-love.com\/es\/wp-json\/wp\/v2\/media?parent=126496"}],"wp:term":[{"taxonomy":"product_brand","embeddable":true,"href":"https:\/\/gpl-love.com\/es\/wp-json\/wp\/v2\/product_brand?post=126496"},{"taxonomy":"product_cat","embeddable":true,"href":"https:\/\/gpl-love.com\/es\/wp-json\/wp\/v2\/product_cat?post=126496"},{"taxonomy":"product_tag","embeddable":true,"href":"https:\/\/gpl-love.com\/es\/wp-json\/wp\/v2\/product_tag?post=126496"}],"curies":[{"name":"wp","href":"https:\/\/api.w.org\/{rel}","templated":true}]}}