{"id":126495,"date":"2026-03-16T00:00:00","date_gmt":"2026-03-16T05:00:00","guid":{"rendered":"https:\/\/gpl-love.com\/es\/producto\/woo-import-export\/"},"modified":"2026-04-10T11:31:06","modified_gmt":"2026-04-10T16:31:06","slug":"woo-import-export","status":"publish","type":"product","link":"https:\/\/gpl-love.com\/es\/producto\/woo-import-export\/","title":{"rendered":"Woo Import Export 6.0.11"},"content":{"rendered":"<h3>Woo Import Export Caracteristicas<\/h3>\n<p>Woo Import Export, un complemento altamente sofisticado y efectivo, ha sido meticulosamente elaborado para racionalizar y acelerar la intrincada tarea de importar y exportar datos de WooCommerce. Este notable complemento le permite la capacidad de transferir sin esfuerzo y sin problemas una amplia gama de datos, que van desde productos, pedidos, clientes y m\u00e1s all\u00e1, entre varias tiendas de WooCommerce. Un atributo ejemplar de este complemento se encuentra en su interfaz f\u00e1cil de usar, que no solo cuenta con un dise\u00f1o simplista, sino que tambi\u00e9n le permite retirar y seleccionar meticulosamente de mano los datos espec\u00edficos que desea importar o exportar. Adem\u00e1s, extiende su funcionalidad al presentar opciones avanzadas que le permiten adaptar y personalizar el proceso de transferencia a sus especificaciones \u00fanicas. Independientemente de si se encuentra en medio de la actualizaci\u00f3n a una nueva tienda WooCommerce de azote o anhelar simplemente actualizar y renovar su tienda existente, la indispensabilidad de la exportaci\u00f3n de importaci\u00f3n woo no puede ser exagerada. Aprovechando su incomparable destreza y caracter\u00edsticas navegables sin esfuerzo, este asombroso complemento sin duda sirve como la m\u00e1xima panacea para administrar y supervisar de manera efectiva la totalidad de sus datos de WooCommerce.<\/p>\n<ul>\n<li>Importar y exportar productos sin problemas hacia y desde su tienda WooCommerce<\/li>\n<li>Elimine la necesidad de entrada de datos manuales con capacidades de procesamiento por lotes<\/li>\n<li>Elija entre una variedad de formatos de archivo, incluidos CSV, Excel y XML<\/li>\n<li>Mapa de campos personalizados para que coincida con su esquema de datos actual<\/li>\n<li>Ahorre tiempo y reduzca errores con formato autom\u00e1tico y validaci\u00f3n<\/li>\n<li>Transferir f\u00e1cilmente productos entre diferentes tiendas de WooCommerce<\/li>\n<li>Administrar y actualizar los datos del producto a granel<\/li>\n<li>Programar y automatizar las importaciones y exportaciones de acuerdo con sus necesidades<\/li>\n<li>Obtenga informes de error integrales para resolver r\u00e1pidamente los problemas de transferencia de datos<\/li>\n<li>Asegure la compatibilidad con las \u00faltimas actualizaciones y extensiones de WooCommerce.<\/li>\n<\/ul>\n","protected":false},"excerpt":{"rendered":"<p>Woo Import Export es un complemento incre\u00edblemente robusto y eficiente que se ha dise\u00f1ado meticulosamente con la intenci\u00f3n de optimizar la ardua tarea de importar y exportar datos dentro de la plataforma WooCommerce. Esta ingeniosa herramienta ofrece una facilidad de uso incomparable, lo que permite a los usuarios importar y exportar sin esfuerzo una amplia gama de datos, como informaci\u00f3n del producto, detalles del cliente y registros de pedidos, entre otras categor\u00edas de datos. La versatilidad de Woo Import Export es realmente excepcional, ya que atiende a una multitud de escenarios, incluida la transferencia perfecta de datos entre sitios web distintos de WooCommerce, la preparaci\u00f3n meticulosa de datos para la integraci\u00f3n con soluciones de software de terceros, as\u00ed como la tarea esencial. de hacer una copia de seguridad de datos cruciales del sitio web. Las medidas de eficiencia y seguridad implementadas dentro de la exportaci\u00f3n de importaci\u00f3n de WOO aseguran que este proceso no solo sea r\u00e1pido sino tambi\u00e9n incre\u00edblemente libre y seguro. La interfaz f\u00e1cil e intuitiva de este complemento mejora a\u00fan m\u00e1s su atractivo, complementando su amplia gama de caracter\u00edsticas avanzadas, lo que lo convierte en una herramienta indispensable para cualquier usuario devoto de la plataforma WooCommerce.<\/p>\n","protected":false},"featured_media":168017,"comment_status":"open","ping_status":"open","template":"","meta":[],"product_brand":[2339],"product_cat":[1212,1206,1211],"product_tag":[1256],"class_list":{"0":"post-126495","1":"product","2":"type-product","3":"status-publish","4":"has-post-thumbnail","6":"product_brand-codecanyon","7":"product_cat-administracion-wordpress-plugins","8":"product_cat-plugins","9":"product_cat-wordpress-plugins","10":"product_tag-codecanyon","11":"member-discount","12":"discount-restricted","14":"first","15":"instock","16":"sale","17":"downloadable","18":"virtual","19":"sold-individually","20":"purchasable","21":"product-type-simple"},"_links":{"self":[{"href":"https:\/\/gpl-love.com\/es\/wp-json\/wp\/v2\/product\/126495","targetHints":{"allow":["GET"]}}],"collection":[{"href":"https:\/\/gpl-love.com\/es\/wp-json\/wp\/v2\/product"}],"about":[{"href":"https:\/\/gpl-love.com\/es\/wp-json\/wp\/v2\/types\/product"}],"replies":[{"embeddable":true,"href":"https:\/\/gpl-love.com\/es\/wp-json\/wp\/v2\/comments?post=126495"}],"wp:featuredmedia":[{"embeddable":true,"href":"https:\/\/gpl-love.com\/es\/wp-json\/wp\/v2\/media\/168017"}],"wp:attachment":[{"href":"https:\/\/gpl-love.com\/es\/wp-json\/wp\/v2\/media?parent=126495"}],"wp:term":[{"taxonomy":"product_brand","embeddable":true,"href":"https:\/\/gpl-love.com\/es\/wp-json\/wp\/v2\/product_brand?post=126495"},{"taxonomy":"product_cat","embeddable":true,"href":"https:\/\/gpl-love.com\/es\/wp-json\/wp\/v2\/product_cat?post=126495"},{"taxonomy":"product_tag","embeddable":true,"href":"https:\/\/gpl-love.com\/es\/wp-json\/wp\/v2\/product_tag?post=126495"}],"curies":[{"name":"wp","href":"https:\/\/api.w.org\/{rel}","templated":true}]}}