{"id":126493,"date":"2025-12-28T00:00:00","date_gmt":"2025-12-28T05:00:00","guid":{"rendered":"https:\/\/gpl-love.com\/es\/producto\/wolverine-responsive-multi-purpose-theme\/"},"modified":"2026-03-13T17:33:00","modified_gmt":"2026-03-13T22:33:00","slug":"wolverine-responsive-multi-purpose-theme","status":"publish","type":"product","link":"https:\/\/gpl-love.com\/es\/producto\/wolverine-responsive-multi-purpose-theme\/","title":{"rendered":"Wolverine Responsive Multi-Purpose Theme 3.7"},"content":{"rendered":"<h3>Wolverine Responsive Multi-Purpose Theme Caracteristicas<\/h3>\n<p>El tema multiprop\u00f3sito que responde a Wolverine demuestra ser una alternativa excepcional para aquellos individuos en busca de una presencia en l\u00ednea vers\u00e1til e inmensamente personalizable. Poseer un dise\u00f1o elegante y contempor\u00e1neo, este tema particular atribuye su perfecci\u00f3n a su capacidad para atender a empresas, creativos e individuos por igual, todos los cuales desean un sitio web que no solo sea visualmente atractivo, sino tambi\u00e9n altamente funcional. Adem\u00e1s, es imperativo reconocer que este tema es notablemente receptivo, ya que se adapta sin esfuerzo a una gran cantidad de dispositivos, que abarcan escritorios, tabletas y m\u00f3viles. Adem\u00e1s, el tema Wolverine ofrece una variedad de caracter\u00edsticas robustas, como optimizaci\u00f3n de SEO incorporada, opciones de tipograf\u00eda avanzada y un constructor de dise\u00f1o flexible que le brinda la oportunidad de personalizar cada aspecto de su sitio web. Ya sea que se est\u00e9 embarcando en un esfuerzo empresarial, con el objetivo de presentar su cartera o simplemente anhelar establecer una presencia en l\u00ednea impresionante, el tema multiprop\u00f3sito que responde a Wolverine se considera como la elecci\u00f3n por excelencia.<\/p>\n<ul>\n<li>Un tema totalmente receptivo y vers\u00e1til dise\u00f1ado para una multitud de prop\u00f3sitos<\/li>\n<li>Dise\u00f1os de varias p\u00e1ginas y una p\u00e1gina disponibles para la personalizaci\u00f3n para que coincidan con sus necesidades de estilo y contenido<\/li>\n<li>Viene equipado con m\u00e1s de 15 p\u00e1ginas de inicio predise\u00f1adas para elegir<\/li>\n<li>Complemento de compositor visual incorporado para el edificio de la p\u00e1gina de arrastrar y soltar<\/li>\n<li>M\u00e1s de 70 elementos predise\u00f1ados para agregar a sus p\u00e1ginas para una funcionalidad y personalizaci\u00f3n adicionales.<\/li>\n<li>Admite numerosos complementos para una funcionalidad adicional, incluido WooCommerce para capacidades de comercio electr\u00f3nico y el Formulario de contacto 7 para una f\u00e1cil construcci\u00f3n de formulaciones de contacto y gesti\u00f3n<\/li>\n<li>SEO optimizado para mejorar la clasificaci\u00f3n de los motores de b\u00fasqueda y la visibilidad<\/li>\n<li>Gu\u00eda de configuraci\u00f3n y personalizaci\u00f3n bien documentada y f\u00e1cil de seguir incluida con su compra<\/li>\n<li>Funci\u00f3n de importaci\u00f3n de demostraci\u00f3n de un solo clic para una f\u00e1cil configuraci\u00f3n de p\u00e1ginas y dise\u00f1os predise\u00f1ados<\/li>\n<li>Constantemente actualizado con nuevas caracter\u00edsticas y mejoras para mantenerse a la vanguardia de las \u00faltimas tendencias y tecnolog\u00edas de dise\u00f1o web<\/li>\n<\/ul>\n","protected":false},"excerpt":{"rendered":"<p>El tema multiprop\u00f3sito que responde a Wolverine es una soluci\u00f3n de sitio web excepcional que satisface las necesidades de empresas o personas que buscan mostrar de manera efectiva sus productos o servicios en l\u00ednea. Con un dise\u00f1o elegante y contempor\u00e1neo, este tema ofrece una personalizaci\u00f3n completa y la capacidad de adaptarse perfectamente a pantallas de varios tama\u00f1os, lo que lo hace ideal para usuarios en dispositivos m\u00f3viles, de tabletas y de escritorio por igual. Este tema vers\u00e1til est\u00e1 equipado con una variedad de caracter\u00edsticas impresionantes, que abarca diversos dise\u00f1os de p\u00e1ginas, iconos personalizables y un constructor de p\u00e1ginas de arrastrar y soltar intuitivo, que simplifica el proceso de construcci\u00f3n de su sitio web. Adem\u00e1s, sus tiempos de carga r\u00e1pidos y sus capacidades de optimizaci\u00f3n de motores de b\u00fasqueda aseguran que su sitio est\u00e9 preparado para atraer a los visitantes y elevar su presencia en l\u00ednea de manera eficiente. Independientemente de si su objetivo es establecer una tienda, cartera o blog en l\u00ednea, el tema multiprop\u00f3sito de Wolverine receptivo proporciona una soluci\u00f3n integral y de abarrotes que cumplir\u00e1 con sus requisitos.<\/p>\n","protected":false},"featured_media":168015,"comment_status":"open","ping_status":"open","template":"","meta":[],"product_brand":[2337],"product_cat":[1239,1237,1238],"product_tag":[1391],"class_list":{"0":"post-126493","1":"product","2":"type-product","3":"status-publish","4":"has-post-thumbnail","6":"product_brand-themeforest","7":"product_cat-de-multiples-fines","8":"product_cat-temas","9":"product_cat-wordpress-temas","10":"product_tag-themeforest","11":"member-discount","12":"discount-restricted","14":"first","15":"instock","16":"sale","17":"downloadable","18":"virtual","19":"sold-individually","20":"purchasable","21":"product-type-simple"},"_links":{"self":[{"href":"https:\/\/gpl-love.com\/es\/wp-json\/wp\/v2\/product\/126493","targetHints":{"allow":["GET"]}}],"collection":[{"href":"https:\/\/gpl-love.com\/es\/wp-json\/wp\/v2\/product"}],"about":[{"href":"https:\/\/gpl-love.com\/es\/wp-json\/wp\/v2\/types\/product"}],"replies":[{"embeddable":true,"href":"https:\/\/gpl-love.com\/es\/wp-json\/wp\/v2\/comments?post=126493"}],"wp:featuredmedia":[{"embeddable":true,"href":"https:\/\/gpl-love.com\/es\/wp-json\/wp\/v2\/media\/168015"}],"wp:attachment":[{"href":"https:\/\/gpl-love.com\/es\/wp-json\/wp\/v2\/media?parent=126493"}],"wp:term":[{"taxonomy":"product_brand","embeddable":true,"href":"https:\/\/gpl-love.com\/es\/wp-json\/wp\/v2\/product_brand?post=126493"},{"taxonomy":"product_cat","embeddable":true,"href":"https:\/\/gpl-love.com\/es\/wp-json\/wp\/v2\/product_cat?post=126493"},{"taxonomy":"product_tag","embeddable":true,"href":"https:\/\/gpl-love.com\/es\/wp-json\/wp\/v2\/product_tag?post=126493"}],"curies":[{"name":"wp","href":"https:\/\/api.w.org\/{rel}","templated":true}]}}