{"id":126492,"date":"2026-03-02T00:00:00","date_gmt":"2026-03-02T05:00:00","guid":{"rendered":"https:\/\/gpl-love.com\/es\/producto\/woffice-intranet-extranet-wordpress-theme\/"},"modified":"2026-03-13T17:32:59","modified_gmt":"2026-03-13T22:32:59","slug":"woffice-intranet-extranet-wordpress-theme","status":"publish","type":"product","link":"https:\/\/gpl-love.com\/es\/producto\/woffice-intranet-extranet-wordpress-theme\/","title":{"rendered":"Woffice Intranet Extranet WordPress Theme 5.4.34"},"content":{"rendered":"<h3>Woffice Intranet Extranet WordPress Theme Caracteristicas<\/h3>\n<p>El tema de WordPress de Wordet de Woffice, reconocido por su alta funcionalidad y versatilidad, sirve como una plataforma excepcional para que las empresas y organizaciones administren efectivamente sus intranets y extranetas. Este tema ofrece una amplia gama de caracter\u00edsticas personalizables y herramientas robustas que capacitan a los usuarios para construir y supervisar sin esfuerzo sus sistemas personalizados de intranet o extratanet, que abarca todo, desde la gesti\u00f3n de proyectos hasta el intercambio de archivos, las instalaciones de comunicaci\u00f3n y colaboraci\u00f3n. Con una interfaz f\u00e1cil de usar y una variedad de opciones de personalizaci\u00f3n, el tema de WordPress de Wordet Intranet de Woffice surge como la soluci\u00f3n \u00f3ptima para empresas e instituciones que buscan optimizar sus procesos internos y elevar su eficacia general y productividad a alturas sin precedentes.<\/p>\n<ul>\n<li>Tema de WordPress de Intranet y Extranet altamente personalizable<\/li>\n<li>Dise\u00f1o f\u00e1cil de usar con navegaci\u00f3n intuitiva<\/li>\n<li>Integraci\u00f3n perfecta con complementos populares como BuddyPress y BbPress<\/li>\n<li>Caracter\u00edsticas incorporadas para administrar tareas comerciales, como herramientas de gesti\u00f3n de proyectos y directorio de empleados<\/li>\n<li>Dise\u00f1o de respuesta m\u00f3vil para acceso sobre la marcha<\/li>\n<li>Capacidades multiling\u00fces para apoyar a los equipos globales<\/li>\n<li>Compatible con navegadores populares y versiones de WordPress<\/li>\n<li>Actualizaciones y soporte regulares del equipo de desarrolladores<\/li>\n<li>Opciones de precios flexibles para diferentes necesidades comerciales<\/li>\n<li>Una soluci\u00f3n confiable para crear un espacio de trabajo en l\u00ednea seguro y colaborativo.<\/li>\n<\/ul>\n","protected":false},"excerpt":{"rendered":"<p>El tema de WordPress de Woffice Intranet es una opci\u00f3n muy recomendable si busca una soluci\u00f3n de intranet o extra de TRANET potente y vers\u00e1til para su negocio. Este tema en particular, que se puede personalizar de acuerdo con sus preferencias, ha sido meticulosamente dise\u00f1ado para integrarse perfectamente con WordPress. Como resultado, proporciona a los usuarios una interfaz robusta y notablemente f\u00e1cil de usar que permita la creaci\u00f3n de una plataforma o una plataforma de intranet profesional y rica en caracter\u00edsticas en un per\u00edodo de tiempo notablemente corto. Con una variedad de herramientas poderosas para la gesti\u00f3n de usuarios, la creaci\u00f3n de contenido y el intercambio de archivos, Woffice es la respuesta final para las empresas que requieren una colaboraci\u00f3n m\u00e1s eficiente y efectiva. Ya sea que est\u00e9 buscando mejorar la comunicaci\u00f3n interna, racionalizar los flujos de trabajo u optimizar la colaboraci\u00f3n del equipo, el tema de WordPress de Woftice Intranet es, sin duda, una elecci\u00f3n excepcional capaz de ayudarlo a la realizaci\u00f3n de sus objetivos.<\/p>\n","protected":false},"featured_media":168014,"comment_status":"open","ping_status":"open","template":"","meta":[],"product_brand":[2337],"product_cat":[1239,1237,1238],"product_tag":[1391],"class_list":{"0":"post-126492","1":"product","2":"type-product","3":"status-publish","4":"has-post-thumbnail","6":"product_brand-themeforest","7":"product_cat-de-multiples-fines","8":"product_cat-temas","9":"product_cat-wordpress-temas","10":"product_tag-themeforest","11":"member-discount","12":"discount-restricted","14":"first","15":"instock","16":"sale","17":"downloadable","18":"virtual","19":"sold-individually","20":"purchasable","21":"product-type-simple"},"_links":{"self":[{"href":"https:\/\/gpl-love.com\/es\/wp-json\/wp\/v2\/product\/126492","targetHints":{"allow":["GET"]}}],"collection":[{"href":"https:\/\/gpl-love.com\/es\/wp-json\/wp\/v2\/product"}],"about":[{"href":"https:\/\/gpl-love.com\/es\/wp-json\/wp\/v2\/types\/product"}],"replies":[{"embeddable":true,"href":"https:\/\/gpl-love.com\/es\/wp-json\/wp\/v2\/comments?post=126492"}],"wp:featuredmedia":[{"embeddable":true,"href":"https:\/\/gpl-love.com\/es\/wp-json\/wp\/v2\/media\/168014"}],"wp:attachment":[{"href":"https:\/\/gpl-love.com\/es\/wp-json\/wp\/v2\/media?parent=126492"}],"wp:term":[{"taxonomy":"product_brand","embeddable":true,"href":"https:\/\/gpl-love.com\/es\/wp-json\/wp\/v2\/product_brand?post=126492"},{"taxonomy":"product_cat","embeddable":true,"href":"https:\/\/gpl-love.com\/es\/wp-json\/wp\/v2\/product_cat?post=126492"},{"taxonomy":"product_tag","embeddable":true,"href":"https:\/\/gpl-love.com\/es\/wp-json\/wp\/v2\/product_tag?post=126492"}],"curies":[{"name":"wp","href":"https:\/\/api.w.org\/{rel}","templated":true}]}}