{"id":126491,"date":"2022-01-20T00:00:00","date_gmt":"2022-01-20T05:00:00","guid":{"rendered":"https:\/\/gpl-love.com\/es\/producto\/wizestore-multipurpose-woocommerce-shop\/"},"modified":"2026-04-10T11:31:04","modified_gmt":"2026-04-10T16:31:04","slug":"wizestore-multipurpose-woocommerce-shop","status":"publish","type":"product","link":"https:\/\/gpl-love.com\/es\/producto\/wizestore-multipurpose-woocommerce-shop\/","title":{"rendered":"WizeStore Multipurpose WooCommerce Shop 1.14.9"},"content":{"rendered":"<h3>WizeStore Multipurpose WooCommerce Shop Caracteristicas<\/h3>\n<p>Wizestore Multipurpose WooCommerce Shop, que atiende a empresas de todos los tama\u00f1os, presenta una soluci\u00f3n integral y vers\u00e1til de comercio electr\u00f3nico. Esta plataforma innovadora cuenta con una variedad de funcionalidades integradas, como gesti\u00f3n eficiente de productos, seguimiento de pedidos convenientes y procesamiento de pagos sin problemas, facilitando as\u00ed el establecimiento sin esfuerzo y la operaci\u00f3n de una tienda en l\u00ednea. Adem\u00e1s, el dise\u00f1o de respuesta m\u00f3vil de WizeStore garantiza una presentaci\u00f3n visual impecable en varios dispositivos, mientras que su interfaz f\u00e1cil de usar optimiza la experiencia de compra para su estimada clientela. Independientemente de si se especializa en la venta de mercanc\u00edas tangibles o descargas digitales, tenga la seguridad de que WizeStore cumplir\u00e1 con sus requisitos espec\u00edficos. Entonces, \u00bfpor qu\u00e9 prolongar la espera? \u00a1Inicie el establecimiento de su propia tienda en l\u00ednea hoy, aprovechando las capacidades excepcionales de la tienda de WooCommerce de WizeSpose!<\/p>\n<ul>\n<li>Potente plataforma de comercio electr\u00f3nico con funcionalidad vers\u00e1til<\/li>\n<li>Construido sobre WordPress y WooCommerce<\/li>\n<li>F\u00e1cil de instalar y personalizar para satisfacer sus necesidades<\/li>\n<li>Compatible con una amplia gama de temas y complementos<\/li>\n<li>Incluye una biblioteca de plantillas y dise\u00f1os predise\u00f1ados<\/li>\n<li>Dise\u00f1o totalmente receptivo para usuarios m\u00f3viles y de tabletas<\/li>\n<li>Optimizado para la velocidad y el rendimiento para mejorar la experiencia del cliente<\/li>\n<li>Filtros de productos avanzados para una f\u00e1cil navegaci\u00f3n y b\u00fasqueda<\/li>\n<li>Opciones de pago y env\u00edo m\u00faltiples para flexibilidad<\/li>\n<li>Sistema de gesti\u00f3n de inventario robusto para rastrear los niveles de stock<\/li>\n<li>1 Comprehensive Reporting and Analytics Herramientas para ideas basadas en datos<\/li>\n<li>1 Equipo de soporte de 1 dedicado para ayudar con cualquier pregunta o problema<\/li>\n<\/ul>\n","protected":false},"excerpt":{"rendered":"<p>WizeStore es un tema de tienda de WooCommerce incre\u00edblemente vers\u00e1til que est\u00e1 meticulosamente dise\u00f1ado para satisfacer las necesidades de cualquier tipo de tienda en l\u00ednea, independientemente de su nicho o industria. Con m\u00faltiples dise\u00f1os preconstruidos y una amplia gama de opciones de personalizaci\u00f3n, este tema le permite crear sin esfuerzo una tienda en l\u00ednea visualmente llamativa y altamente profesional que seguramente cautivar\u00e1 a su p\u00fablico objetivo. Con su compromiso inquebrantable de ofrecer una experiencia de usuario perfecta, WizeStore garantiza un rendimiento impecable y una funcionalidad \u00f3ptima en todos los dispositivos y plataformas, ya sea escritorio o m\u00f3vil. Adem\u00e1s, este notable tema est\u00e1 equipado con una variedad de caracter\u00edsticas inmensamente potentes que lo elevan al pin\u00e1culo de las soluciones de tiendas en l\u00ednea. Las opciones de b\u00fasqueda avanzadas, los controles deslizantes de carrusel cautivadores y un mega men\u00fa impresionante son solo algunos ejemplos de las innumerables funcionalidades que WizeStore trae a la mesa, asegurando que su tienda en l\u00ednea permanezca a la vanguardia de la innovaci\u00f3n y la satisfacci\u00f3n del cliente.<\/p>\n","protected":false},"featured_media":168013,"comment_status":"open","ping_status":"open","template":"","meta":[],"product_brand":[2337],"product_cat":[1263,1397,1237],"product_tag":[1391],"class_list":{"0":"post-126491","1":"product","2":"type-product","3":"status-publish","4":"has-post-thumbnail","6":"product_brand-themeforest","7":"product_cat-comercio-electronico-temas","8":"product_cat-de-multiples-fines-comercio-electronico-temas","9":"product_cat-temas","10":"product_tag-themeforest","11":"member-discount","12":"discount-restricted","14":"first","15":"instock","16":"sale","17":"downloadable","18":"virtual","19":"sold-individually","20":"purchasable","21":"product-type-simple"},"_links":{"self":[{"href":"https:\/\/gpl-love.com\/es\/wp-json\/wp\/v2\/product\/126491","targetHints":{"allow":["GET"]}}],"collection":[{"href":"https:\/\/gpl-love.com\/es\/wp-json\/wp\/v2\/product"}],"about":[{"href":"https:\/\/gpl-love.com\/es\/wp-json\/wp\/v2\/types\/product"}],"replies":[{"embeddable":true,"href":"https:\/\/gpl-love.com\/es\/wp-json\/wp\/v2\/comments?post=126491"}],"wp:featuredmedia":[{"embeddable":true,"href":"https:\/\/gpl-love.com\/es\/wp-json\/wp\/v2\/media\/168013"}],"wp:attachment":[{"href":"https:\/\/gpl-love.com\/es\/wp-json\/wp\/v2\/media?parent=126491"}],"wp:term":[{"taxonomy":"product_brand","embeddable":true,"href":"https:\/\/gpl-love.com\/es\/wp-json\/wp\/v2\/product_brand?post=126491"},{"taxonomy":"product_cat","embeddable":true,"href":"https:\/\/gpl-love.com\/es\/wp-json\/wp\/v2\/product_cat?post=126491"},{"taxonomy":"product_tag","embeddable":true,"href":"https:\/\/gpl-love.com\/es\/wp-json\/wp\/v2\/product_tag?post=126491"}],"curies":[{"name":"wp","href":"https:\/\/api.w.org\/{rel}","templated":true}]}}