{"id":126490,"date":"2026-01-28T00:00:00","date_gmt":"2026-01-28T05:00:00","guid":{"rendered":"https:\/\/gpl-love.com\/es\/producto\/wishlist-member-wordpress-membership-plugin\/"},"modified":"2026-04-10T11:31:02","modified_gmt":"2026-04-10T16:31:02","slug":"wishlist-member-wordpress-membership-plugin","status":"publish","type":"product","link":"https:\/\/gpl-love.com\/es\/producto\/wishlist-member-wordpress-membership-plugin\/","title":{"rendered":"WishList Member X WordPress Membership Plugin 3.30.1"},"content":{"rendered":"<h3>WishList Member X WordPress Membership Plugin Caracteristicas<\/h3>\n<p>El miembro de la lista de deseos, un complemento de membres\u00eda de WordPress incre\u00edblemente potente, ofrece a los propietarios de sitios web una experiencia perfecta en la creaci\u00f3n y supervisi\u00f3n de sitios de membres\u00eda. A trav\u00e9s de su extensa gama de caracter\u00edsticas e interfaz f\u00e1cil de usar, los usuarios pueden establecer sin esfuerzo niveles de membres\u00eda diversos, ejercer un control total sobre las cuentas de los miembros y establecer regulaciones personalizadas de acceso a contenido. Adem\u00e1s, este complemento cuenta con una multitud de integraciones formidables, conect\u00e1ndose sin problemas con pasarelas de pago de renombre, plataformas de marketing por correo electr\u00f3nico y programas de afiliados, simplificando efectivamente las operaciones comerciales. En general, el miembro de la lista de deseos sirve como un instrumento excepcional para las personas que buscan monetizar sus sitios web y proporcionar contenido premium exclusivo a sus estimados miembros.<\/p>\n<ul>\n<li>Lo ayuda a crear y administrar su propio sitio de membres\u00eda en WordPress<\/li>\n<li>Ofrece potente protecci\u00f3n de contenido y control de acceso, lo que le permite decidir qui\u00e9n puede ver su contenido y cu\u00e1ndo<\/li>\n<li>Se integra con las pasarelas de pago populares como PayPal y Stripe, para que pueda cobrar f\u00e1cilmente los pagos recurrentes de sus miembros<\/li>\n<li>Proporciona p\u00e1ginas de registro e inicio de sesi\u00f3n personalizables, dando a su sitio de membres\u00eda un aspecto profesional y confiable<\/li>\n<li>Ofrece niveles de membres\u00eda flexibles y opciones de precios, lo que le permite crear m\u00faltiples niveles de membres\u00eda con diferentes beneficios y estructuras de precios<\/li>\n<li>Facilita el contenido de alimentaci\u00f3n de goteo a sus miembros en un horario establecido, manteni\u00e9ndolos comprometidos y regresar para m\u00e1s<\/li>\n<li>Incluye un programa de afiliados incorporado, que le permite configurar y rastrear comisiones para sus afiliados que promocionan su sitio de membres\u00eda<\/li>\n<li>Proporciona informes detallados y an\u00e1lisis, brind\u00e1ndole informaci\u00f3n sobre el desempe\u00f1o y la actividad de los miembros de su sitio de membres\u00eda<\/li>\n<\/ul>\n","protected":false},"excerpt":{"rendered":"<p>El miembro de la lista de deseos, un complemento de membres\u00eda altamente robusto dise\u00f1ado espec\u00edficamente para WordPress, presenta un enfoque sin esfuerzo para establecer y supervisar los sitios de membres\u00eda. Su extensa gama de atributos din\u00e1micos abarca la capacidad de generar un n\u00famero infinito de niveles de membres\u00eda, extender descuentos y cupones, y regular efectivamente la accesibilidad del contenido. En consecuencia, el miembro de la lista de deseos simplifica notablemente el proceso de monetizar su sitio web y construir una comunidad armoniosa centrada en su invaluable contenido. Adem\u00e1s, su integraci\u00f3n perfecta con pasarelas de pago prominentes, como PayPal y Stripe, eleva la conveniencia de administrar suscripciones y pagos recurrentes a niveles de eficiencia sin precedentes. Independientemente de si se identifica como un blogger competente, un creador de cursos en l\u00ednea consumado o un vendedor digital experimentado, el miembro de la lista de deseos sirve como la soluci\u00f3n por excelencia para la creaci\u00f3n y el cultivo de una comunidad en l\u00ednea floreciente.<\/p>\n","protected":false},"featured_media":168011,"comment_status":"open","ping_status":"open","template":"","meta":[],"product_brand":[2598],"product_cat":[1325,1206,1211],"product_tag":[1803],"class_list":{"0":"post-126490","1":"product","2":"type-product","3":"status-publish","4":"has-post-thumbnail","6":"product_brand-wishlist-member","7":"product_cat-afiliacion","8":"product_cat-plugins","9":"product_cat-wordpress-plugins","10":"product_tag-wishlist-member","11":"member-discount","12":"discount-restricted","14":"first","15":"instock","16":"sale","17":"downloadable","18":"virtual","19":"sold-individually","20":"purchasable","21":"product-type-simple"},"_links":{"self":[{"href":"https:\/\/gpl-love.com\/es\/wp-json\/wp\/v2\/product\/126490","targetHints":{"allow":["GET"]}}],"collection":[{"href":"https:\/\/gpl-love.com\/es\/wp-json\/wp\/v2\/product"}],"about":[{"href":"https:\/\/gpl-love.com\/es\/wp-json\/wp\/v2\/types\/product"}],"replies":[{"embeddable":true,"href":"https:\/\/gpl-love.com\/es\/wp-json\/wp\/v2\/comments?post=126490"}],"wp:featuredmedia":[{"embeddable":true,"href":"https:\/\/gpl-love.com\/es\/wp-json\/wp\/v2\/media\/168011"}],"wp:attachment":[{"href":"https:\/\/gpl-love.com\/es\/wp-json\/wp\/v2\/media?parent=126490"}],"wp:term":[{"taxonomy":"product_brand","embeddable":true,"href":"https:\/\/gpl-love.com\/es\/wp-json\/wp\/v2\/product_brand?post=126490"},{"taxonomy":"product_cat","embeddable":true,"href":"https:\/\/gpl-love.com\/es\/wp-json\/wp\/v2\/product_cat?post=126490"},{"taxonomy":"product_tag","embeddable":true,"href":"https:\/\/gpl-love.com\/es\/wp-json\/wp\/v2\/product_tag?post=126490"}],"curies":[{"name":"wp","href":"https:\/\/api.w.org\/{rel}","templated":true}]}}