{"id":126489,"date":"2021-08-26T00:00:00","date_gmt":"2021-08-26T05:00:00","guid":{"rendered":"https:\/\/gpl-love.com\/es\/producto\/wise-chat-pro-fully-featured-chat-plugin-for-wordpress\/"},"modified":"2026-04-10T11:31:01","modified_gmt":"2026-04-10T16:31:01","slug":"wise-chat-pro-fully-featured-chat-plugin-for-wordpress","status":"publish","type":"product","link":"https:\/\/gpl-love.com\/es\/producto\/wise-chat-pro-fully-featured-chat-plugin-for-wordpress\/","title":{"rendered":"Wise Chat Pro Fully Featured Chat Plugin For WordPress 2.5.5"},"content":{"rendered":"<h3>Wise Chat Pro Fully Featured Chat Plugin For WordPress Caracteristicas<\/h3>\n<p>Wise Chat Pro, un complemento de chat que abarca exclusivamente para sitios web de WordPress, presenta una variedad de funcionalidades totalmente equipadas que ofrecen una experiencia de usuario intuitiva a todos los visitantes del sitio web. Este complemento de chat permite a los usuarios participar sin esfuerzo en conversaciones en tiempo real, establecer salas de chat privadas o p\u00fablicas, intercambiar archivos e im\u00e1genes e incluso participar en videollamadas. Adem\u00e1s, Wise Chat Pro ofrece una amplia gama de opciones de personalizaci\u00f3n, lo que permite a los usuarios modificar la est\u00e9tica visual de la interfaz de chat para alinearse perfectamente con la marca \u00fanica de su sitio web. Al adoptar las capacidades de Wise Chat Pro, los propietarios de sitios web pueden elevar la funcionalidad general de su sitio web y proporcionar a sus usuarios una plataforma de comunicaci\u00f3n excepcionalmente robusta.<\/p>\n<ul>\n<li>Proporciona una plataforma de chat totalmente destacada para sitios web de WordPress<\/li>\n<li>Admite chat en vivo entre visitantes y administradores del sitio<\/li>\n<li>Ofrece m\u00faltiples salas de chat para discusiones organizadas<\/li>\n<li>Incluye emojis, archivos adjuntos y compartir im\u00e1genes para una comunicaci\u00f3n mejorada<\/li>\n<li>Se puede personalizar para que coincida con el dise\u00f1o y la marca<\/li>\n<li>Responsable para dispositivos m\u00f3viles para chatear sin costuras en cualquier dispositivo<\/li>\n<li>Proporciona notificaciones en tiempo real para nuevos mensajes<\/li>\n<li>Ofrece herramientas avanzadas de moderaci\u00f3n para administrar conversaciones<\/li>\n<li>Admite roles de usuario y permisos para experiencias de chat a medida<\/li>\n<li>Se integra con herramientas populares de terceros como Slack, Discord y Zapier<\/li>\n<\/ul>\n","protected":false},"excerpt":{"rendered":"<p>Wise Chat Pro, un complemento de chat altamente sofisticado y abarcador que ha sido especialmente dise\u00f1ado para sitios web de WordPress, ofrece una gran cantidad de caracter\u00edsticas notables que permiten a los propietarios de sitios establecer y regular los chats en tiempo real sin esfuerzo. Con su interfaz notablemente f\u00e1cil de usar y una amplia gama de opciones personalizables, este complemento garantiza una experiencia excepcionalmente personalizada y personalizada para los usuarios. Adem\u00e1s, cuenta con plena capacidad de respuesta, asegurando as\u00ed una funcionalidad perfecta en todos y cada uno de los dispositivos. A los usuarios se les otorga acceso a una amplia gama de caracter\u00edsticas, que incluyen, entre otros, avatares, mensajes personalizados, capacidades de intercambio de archivos e incluso traducciones, entre innumerables otros. En consecuencia, Wise Chat Pro se erige como la mejor soluci\u00f3n para empresas y sitios web por igual, que aspira a elevar sus niveles de compromiso y mejorar la experiencia general del usuario mediante interacciones inmersivas de chat en vivo.<\/p>\n","protected":false},"featured_media":168010,"comment_status":"open","ping_status":"open","template":"","meta":[],"product_brand":[2597],"product_cat":[1214,1206,1211],"product_tag":[2197],"class_list":{"0":"post-126489","1":"product","2":"type-product","3":"status-publish","4":"has-post-thumbnail","6":"product_brand-kainex","7":"product_cat-personalizacion","8":"product_cat-plugins","9":"product_cat-wordpress-plugins","10":"product_tag-kainex","11":"member-discount","12":"discount-restricted","14":"first","15":"instock","16":"sale","17":"downloadable","18":"virtual","19":"sold-individually","20":"purchasable","21":"product-type-simple"},"_links":{"self":[{"href":"https:\/\/gpl-love.com\/es\/wp-json\/wp\/v2\/product\/126489","targetHints":{"allow":["GET"]}}],"collection":[{"href":"https:\/\/gpl-love.com\/es\/wp-json\/wp\/v2\/product"}],"about":[{"href":"https:\/\/gpl-love.com\/es\/wp-json\/wp\/v2\/types\/product"}],"replies":[{"embeddable":true,"href":"https:\/\/gpl-love.com\/es\/wp-json\/wp\/v2\/comments?post=126489"}],"wp:featuredmedia":[{"embeddable":true,"href":"https:\/\/gpl-love.com\/es\/wp-json\/wp\/v2\/media\/168010"}],"wp:attachment":[{"href":"https:\/\/gpl-love.com\/es\/wp-json\/wp\/v2\/media?parent=126489"}],"wp:term":[{"taxonomy":"product_brand","embeddable":true,"href":"https:\/\/gpl-love.com\/es\/wp-json\/wp\/v2\/product_brand?post=126489"},{"taxonomy":"product_cat","embeddable":true,"href":"https:\/\/gpl-love.com\/es\/wp-json\/wp\/v2\/product_cat?post=126489"},{"taxonomy":"product_tag","embeddable":true,"href":"https:\/\/gpl-love.com\/es\/wp-json\/wp\/v2\/product_tag?post=126489"}],"curies":[{"name":"wp","href":"https:\/\/api.w.org\/{rel}","templated":true}]}}