{"id":126488,"date":"2025-02-25T00:00:00","date_gmt":"2025-02-25T05:00:00","guid":{"rendered":"https:\/\/gpl-love.com\/es\/producto\/winehouse-wordpress-theme\/"},"modified":"2026-04-10T11:31:00","modified_gmt":"2026-04-10T16:31:00","slug":"winehouse-wordpress-theme","status":"publish","type":"product","link":"https:\/\/gpl-love.com\/es\/producto\/winehouse-wordpress-theme\/","title":{"rendered":"Winehouse WordPress Theme 3.0.4"},"content":{"rendered":"<h3>Winehouse WordPress Theme Caracteristicas<\/h3>\n<p>El tema de Winehouse WordPress, con su dise\u00f1o y capacidad de respuesta exquisitamente elaborado, es una elecci\u00f3n excepcional para las personas que poseen una adoraci\u00f3n por el vino y para los profesionales en el campo. Este tema cuenta con un dise\u00f1o elegante y tipograf\u00eda que es realmente impresionante, lo que es la selecci\u00f3n \u00f3ptima para aquellos que buscan exhibir su colecci\u00f3n y establecer una existencia en l\u00ednea refinada. La gran ventaja de este tema radica en su completa personalizaci\u00f3n, ya que proporciona una variedad de opciones de color y opciones de dise\u00f1o, lo que le permite forjar un sitio web que sea \u00fanico y adaptado a sus preferencias personales. Adem\u00e1s, el tema de Winehouse WordPress ha sido considerado cuidadosamente dise\u00f1ado para ser f\u00e1cil de usar y navegable sin esfuerzo, atendiendo las necesidades de los usuarios novatos y experimentados por igual. En virtud de sus caracter\u00edsticas sofisticadas y complementos potentes, mantener y actualizar su sitio web se convierte en una tarea simple. Independientemente de si es un conocedor de vinos, el due\u00f1o de un vi\u00f1edo o un sumiller, el tema de Winhouse WordPress sirve como una soluci\u00f3n impecable para dise\u00f1ar una presencia en l\u00ednea profesional y elegante.<\/p>\n<ul>\n<li>Dise\u00f1o elegante y moderno perfecto para exhibir productos y servicios de vino<\/li>\n<li>Totalmente personalizable con muchas opciones de dise\u00f1o y color<\/li>\n<li>Interfaz intuitiva y f\u00e1cil de usar ideal para principiantes y usuarios experimentados por igual<\/li>\n<li>Integrado con plataformas de redes sociales populares para aumentar su presencia y compromiso en l\u00ednea<\/li>\n<li>Responsable m\u00f3vil y optimizado para verse bien en cualquier dispositivo o tama\u00f1o de pantalla<\/li>\n<li>Compatible con WooCommerce para f\u00e1ciles de ventas y transacciones en l\u00ednea<\/li>\n<li>Documentaci\u00f3n extensa y soporte de primer nivel para resolver problemas r\u00e1pidos y eficientes<\/li>\n<li>Actualizaciones y mejoras regulares para garantizar un m\u00e1ximo rendimiento y seguridad<\/li>\n<li>Instalaci\u00f3n de demostraci\u00f3n con un solo clic para ahorrarle tiempo y esfuerzo para configurar su sitio web.<\/li>\n<\/ul>\n","protected":false},"excerpt":{"rendered":"<p>El tema de Winehouse WordPress, un dise\u00f1o de sitio web exquisitamente dise\u00f1ado y refinado, se ha adaptado cuidadosamente para satisfacer las necesidades espec\u00edficas de bodegas, vi\u00f1edos y tiendas de vinos por igual. Con una est\u00e9tica elegante y sofisticada, complementada por su elegante tipograf\u00eda, este tema ofrece una plataforma impecable para exhibir y resaltar su variedad de productos y servicios. Su interfaz f\u00e1cil de usar otorga una navegaci\u00f3n sin esfuerzo y sus opciones de personalizaci\u00f3n ilimitada aseguran la adaptabilidad de su sitio web, garantizando una experiencia de visualizaci\u00f3n excepcional en todos y cada uno de los dispositivos. El tema Winehouse WordPress abarca una amplia gama de caracter\u00edsticas, que abarca secciones personalizables para su p\u00e1gina de inicio, p\u00e1ginas predise\u00f1adas, opciones de comercio electr\u00f3nico flexible y una gran cantidad de ofertas adicionales. Emb\u00e1rcase en la creaci\u00f3n de una impresionante presencia en l\u00ednea para su estimada empresa del vino, amplificando la visibilidad de su marca y aumentando sus ventas digitales con este notable tema.<\/p>\n","protected":false},"featured_media":168009,"comment_status":"open","ping_status":"open","template":"","meta":[],"product_brand":[2363],"product_cat":[1267,1237,1238],"product_tag":[2224],"class_list":{"0":"post-126488","1":"product","2":"type-product","3":"status-publish","4":"has-post-thumbnail","6":"product_brand-visualmodo","7":"product_cat-creativo","8":"product_cat-temas","9":"product_cat-wordpress-temas","10":"product_tag-visualmodo","11":"member-discount","12":"discount-restricted","14":"first","15":"instock","16":"sale","17":"downloadable","18":"virtual","19":"sold-individually","20":"purchasable","21":"product-type-simple"},"_links":{"self":[{"href":"https:\/\/gpl-love.com\/es\/wp-json\/wp\/v2\/product\/126488","targetHints":{"allow":["GET"]}}],"collection":[{"href":"https:\/\/gpl-love.com\/es\/wp-json\/wp\/v2\/product"}],"about":[{"href":"https:\/\/gpl-love.com\/es\/wp-json\/wp\/v2\/types\/product"}],"replies":[{"embeddable":true,"href":"https:\/\/gpl-love.com\/es\/wp-json\/wp\/v2\/comments?post=126488"}],"wp:featuredmedia":[{"embeddable":true,"href":"https:\/\/gpl-love.com\/es\/wp-json\/wp\/v2\/media\/168009"}],"wp:attachment":[{"href":"https:\/\/gpl-love.com\/es\/wp-json\/wp\/v2\/media?parent=126488"}],"wp:term":[{"taxonomy":"product_brand","embeddable":true,"href":"https:\/\/gpl-love.com\/es\/wp-json\/wp\/v2\/product_brand?post=126488"},{"taxonomy":"product_cat","embeddable":true,"href":"https:\/\/gpl-love.com\/es\/wp-json\/wp\/v2\/product_cat?post=126488"},{"taxonomy":"product_tag","embeddable":true,"href":"https:\/\/gpl-love.com\/es\/wp-json\/wp\/v2\/product_tag?post=126488"}],"curies":[{"name":"wp","href":"https:\/\/api.w.org\/{rel}","templated":true}]}}