{"id":126487,"date":"2023-11-03T00:00:00","date_gmt":"2023-11-03T05:00:00","guid":{"rendered":"https:\/\/gpl-love.com\/es\/producto\/wilson-corporation-business-agency-wordpress-theme\/"},"modified":"2026-04-10T11:30:59","modified_gmt":"2026-04-10T16:30:59","slug":"wilson-corporation-business-agency-wordpress-theme","status":"publish","type":"product","link":"https:\/\/gpl-love.com\/es\/producto\/wilson-corporation-business-agency-wordpress-theme\/","title":{"rendered":"Wilson Corporation Business Agency WordPress Theme 1.6.4"},"content":{"rendered":"<h3>Wilson Corporation Business Agency WordPress Theme Caracteristicas<\/h3>\n<p>El tema de WordPress de la agencia de negocios de Wilson Corporation es un tema incre\u00edblemente vers\u00e1til y de vanguardia que ha sido dise\u00f1ado espec\u00edficamente para empresas y agencias para establecer una presencia en l\u00ednea fuerte e impresionante. Con un dise\u00f1o notablemente limpio y altamente adaptable, este tema ofrece una plataforma sobresaliente para mostrar su notable gama de productos y servicios a clientes potenciales. Adem\u00e1s, este tema es totalmente receptivo, lo que significa que ha sido h\u00e1bilmente optimizado para ofrecer una experiencia de visualizaci\u00f3n excepcional en una amplia gama de dispositivos, incluidos tel\u00e9fonos inteligentes y tabletas. Adem\u00e1s, este tema viene completo con una amplia gama de opciones de personalizaci\u00f3n, lo que le brinda la oportunidad de adaptarlo precisamente alinearse con su marca y cumplir con sus requisitos comerciales espec\u00edficos. En \u00faltima instancia, con el tema de WordPress de la agencia de negocios de Wilson Corporation a su disposici\u00f3n, tiene el poder de crear sin esfuerzo un sitio web extraordinariamente elegante y exquisitamente profesional que lo distinguir\u00e1 sin esfuerzo de la implacable competencia que caracteriza el mundo de los negocios contempor\u00e1neos.<\/p>\n<ul>\n<li>Dise\u00f1o profesional y moderno ideal para agencias de negocios<\/li>\n<li>Incluye m\u00faltiples dise\u00f1os de demostraci\u00f3n y opciones de personalizaci\u00f3n para una f\u00e1cil configuraci\u00f3n<\/li>\n<li>Dise\u00f1o totalmente receptivo que se ve muy bien en cualquier dispositivo<\/li>\n<li>Caracter\u00edsticas incorporadas como carteras, miembros del equipo y secciones de servicios<\/li>\n<li>Compatible con complementos populares de WordPress para una funcionalidad adicional<\/li>\n<li>Soporte profesional y actualizaciones regulares del equipo de Wilson Corporation<\/li>\n<li>Panel de administraci\u00f3n intuitivo y f\u00e1cil de usar para una f\u00e1cil personalizaci\u00f3n<\/li>\n<li>SEO optimizado para mejorar la clasificaci\u00f3n del motor de b\u00fasqueda<\/li>\n<li>Traducci\u00f3n lista para alcance global<\/li>\n<li>Importaci\u00f3n de demostraci\u00f3n de un solo clic para una configuraci\u00f3n r\u00e1pida y f\u00e1cil.<\/li>\n<\/ul>\n","protected":false},"excerpt":{"rendered":"<p>El tema de WordPress de la agencia de negocios de Wilson Corporation se presenta como una resoluci\u00f3n \u00f3ptima y contempor\u00e1nea al dilema que enfrenta las empresas que tienen como objetivo establecer una presencia eficaz en l\u00ednea. Con un dise\u00f1o elegante y moderno, este tema permite la pantalla perfecta de servicios y productos con la m\u00e1xima conveniencia. Est\u00e1 repleto de dise\u00f1os personalizables, m\u00faltiples plantillas de p\u00e1gina y una gran cantidad de esquemas de color para seleccionar, lo que a su vez facilita la creaci\u00f3n de un sitio web distintivo y profesional, independientemente de la naturaleza del negocio en cuesti\u00f3n. Ya sea que uno sea una startup naciente, una firma de consultor\u00eda venerable o una agencia de publicidad, el tema de WordPress de la agencia de negocios de Wilson Corporation es inequ\u00edvocamente la opci\u00f3n ideal cuando tiene como objetivo distinguirse dentro del \u00e1mbito del mundo digital.<\/p>\n","protected":false},"featured_media":168008,"comment_status":"open","ping_status":"open","template":"","meta":[],"product_brand":[2337],"product_cat":[1307,1237,1238],"product_tag":[1391],"class_list":{"0":"post-126487","1":"product","2":"type-product","3":"status-publish","4":"has-post-thumbnail","6":"product_brand-themeforest","7":"product_cat-negocio-wordpress-temas","8":"product_cat-temas","9":"product_cat-wordpress-temas","10":"product_tag-themeforest","11":"member-discount","12":"discount-restricted","14":"first","15":"instock","16":"sale","17":"downloadable","18":"virtual","19":"sold-individually","20":"purchasable","21":"product-type-simple"},"_links":{"self":[{"href":"https:\/\/gpl-love.com\/es\/wp-json\/wp\/v2\/product\/126487","targetHints":{"allow":["GET"]}}],"collection":[{"href":"https:\/\/gpl-love.com\/es\/wp-json\/wp\/v2\/product"}],"about":[{"href":"https:\/\/gpl-love.com\/es\/wp-json\/wp\/v2\/types\/product"}],"replies":[{"embeddable":true,"href":"https:\/\/gpl-love.com\/es\/wp-json\/wp\/v2\/comments?post=126487"}],"wp:featuredmedia":[{"embeddable":true,"href":"https:\/\/gpl-love.com\/es\/wp-json\/wp\/v2\/media\/168008"}],"wp:attachment":[{"href":"https:\/\/gpl-love.com\/es\/wp-json\/wp\/v2\/media?parent=126487"}],"wp:term":[{"taxonomy":"product_brand","embeddable":true,"href":"https:\/\/gpl-love.com\/es\/wp-json\/wp\/v2\/product_brand?post=126487"},{"taxonomy":"product_cat","embeddable":true,"href":"https:\/\/gpl-love.com\/es\/wp-json\/wp\/v2\/product_cat?post=126487"},{"taxonomy":"product_tag","embeddable":true,"href":"https:\/\/gpl-love.com\/es\/wp-json\/wp\/v2\/product_tag?post=126487"}],"curies":[{"name":"wp","href":"https:\/\/api.w.org\/{rel}","templated":true}]}}