{"id":126486,"date":"2021-12-08T00:00:00","date_gmt":"2021-12-08T05:00:00","guid":{"rendered":"https:\/\/gpl-love.com\/es\/producto\/wilmer-construction-theme\/"},"modified":"2026-04-10T11:30:58","modified_gmt":"2026-04-10T16:30:58","slug":"wilmer-construction-theme","status":"publish","type":"product","link":"https:\/\/gpl-love.com\/es\/producto\/wilmer-construction-theme\/","title":{"rendered":"Wilmer Construction Theme 2.7"},"content":{"rendered":"<h3>Wilmer Construction Theme Caracteristicas<\/h3>\n<p>El tema de la construcci\u00f3n de Wilmer, un tema extraordinario y multifac\u00e9tico de WordPress, ha sido ingeniosamente elaborado exclusivamente para empresas de construcci\u00f3n y contratistas. Con su dise\u00f1o elegante y contempor\u00e1neo, este tema ofrece una plataforma que es sin duda profesional y confiable para exhibir su notable gama de servicios y proyectos. Adem\u00e1s, este tema abarca una variedad de caracter\u00edsticas y widgets personalizables, lo que posteriormente le permite adaptar su sitio web con precisi\u00f3n seg\u00fan sus requisitos \u00fanicos. Adem\u00e1s, este tema est\u00e1 incluido con constructores de p\u00e1ginas f\u00e1ciles de usar, una variedad de plantillas y secciones predise\u00f1adas que facilitan sin esfuerzo el desarrollo del sitio web. Adem\u00e1s, el tema de la construcci\u00f3n de Wilmer es totalmente receptivo, lo que garantiza una presentaci\u00f3n sobresaliente de su sitio web en todos los dispositivos. Para resumir, este tema en particular es realmente una opci\u00f3n perfecta para las personas dentro de la industria de la construcci\u00f3n que aspiran a establecer una presencia en l\u00ednea sofisticada y pulida.<\/p>\n<ul>\n<li>Tema de construcci\u00f3n profesional y de alta calidad para sitios web de WordPress<\/li>\n<li>Viene con una variedad de plantillas predise\u00f1adas para diferentes tipos de empresas de construcci\u00f3n<\/li>\n<li>Opciones de color ilimitadas para que coincidan f\u00e1cilmente con el esquema de color de su marca<\/li>\n<li>Totalmente personalizable con el creador de p\u00e1ginas de arrastre y suelto f\u00e1cil de usar<\/li>\n<li>El dise\u00f1o receptivo garantiza que su sitio web se vea genial en todos los dispositivos<\/li>\n<li>Caracter\u00edsticas de SEO incorporadas para mejorar las clasificaciones de motores de b\u00fasqueda de su sitio web<\/li>\n<li>Incluye integraci\u00f3n con complementos populares como el formulario de contacto 7 y wooCommerce<\/li>\n<li>Actualizaciones regulares y atenci\u00f3n al cliente dedicada para garantizar que su sitio web funcione sin problemas<\/li>\n<li>C\u00f3digo limpio y optimizado para tiempos de carga r\u00e1pidos<\/li>\n<li>Adecuado tanto para empresas de construcci\u00f3n peque\u00f1as como grandes.<\/li>\n<\/ul>\n","protected":false},"excerpt":{"rendered":"<p>El tema de la construcci\u00f3n de Wilmer, un tema de WordPress adaptado para empresas de construcci\u00f3n y contratistas, exuda poder y versatilidad. Su dise\u00f1o, tanto elegante como moderno, muestra una gran cantidad de p\u00e1ginas y plantillas predise\u00f1adas, simplificando el proceso de establecer un sitio web profesional con un esfuerzo m\u00ednimo. Totalmente receptivo y amigable con los dispositivos m\u00f3viles, este tema garantiza un sitio visualmente atractivo en todos los dispositivos. Adem\u00e1s, cuenta con una multitud de caracter\u00edsticas que incluyen opciones de tipograf\u00eda avanzada, integraci\u00f3n de redes sociales perfectas, formularios de contacto personalizables y una variedad de otras funcionalidades. Con estos atributos, es la opci\u00f3n indiscutible para cualquier persona que busque forjar una notable presencia en l\u00ednea para su empresa de construcci\u00f3n.<\/p>\n","protected":false},"featured_media":168007,"comment_status":"open","ping_status":"open","template":"","meta":[],"product_brand":[2337],"product_cat":[1307,1237,1238],"product_tag":[1391],"class_list":{"0":"post-126486","1":"product","2":"type-product","3":"status-publish","4":"has-post-thumbnail","6":"product_brand-themeforest","7":"product_cat-negocio-wordpress-temas","8":"product_cat-temas","9":"product_cat-wordpress-temas","10":"product_tag-themeforest","11":"member-discount","12":"discount-restricted","14":"first","15":"instock","16":"sale","17":"downloadable","18":"virtual","19":"sold-individually","20":"purchasable","21":"product-type-simple"},"_links":{"self":[{"href":"https:\/\/gpl-love.com\/es\/wp-json\/wp\/v2\/product\/126486","targetHints":{"allow":["GET"]}}],"collection":[{"href":"https:\/\/gpl-love.com\/es\/wp-json\/wp\/v2\/product"}],"about":[{"href":"https:\/\/gpl-love.com\/es\/wp-json\/wp\/v2\/types\/product"}],"replies":[{"embeddable":true,"href":"https:\/\/gpl-love.com\/es\/wp-json\/wp\/v2\/comments?post=126486"}],"wp:featuredmedia":[{"embeddable":true,"href":"https:\/\/gpl-love.com\/es\/wp-json\/wp\/v2\/media\/168007"}],"wp:attachment":[{"href":"https:\/\/gpl-love.com\/es\/wp-json\/wp\/v2\/media?parent=126486"}],"wp:term":[{"taxonomy":"product_brand","embeddable":true,"href":"https:\/\/gpl-love.com\/es\/wp-json\/wp\/v2\/product_brand?post=126486"},{"taxonomy":"product_cat","embeddable":true,"href":"https:\/\/gpl-love.com\/es\/wp-json\/wp\/v2\/product_cat?post=126486"},{"taxonomy":"product_tag","embeddable":true,"href":"https:\/\/gpl-love.com\/es\/wp-json\/wp\/v2\/product_tag?post=126486"}],"curies":[{"name":"wp","href":"https:\/\/api.w.org\/{rel}","templated":true}]}}