{"id":126485,"date":"2023-05-30T00:00:00","date_gmt":"2023-05-30T05:00:00","guid":{"rendered":"https:\/\/gpl-love.com\/es\/producto\/wilcity-directory-listing-wordpress-theme\/"},"modified":"2026-04-10T11:30:57","modified_gmt":"2026-04-10T16:30:57","slug":"wilcity-directory-listing-wordpress-theme","status":"publish","type":"product","link":"https:\/\/gpl-love.com\/es\/producto\/wilcity-directory-listing-wordpress-theme\/","title":{"rendered":"Wilcity Directory Listing WordPress Theme 1.4.52"},"content":{"rendered":"<h3>Wilcity Directory Listing WordPress Theme Caracteristicas<\/h3>\n<p>El directorio de Wilcity que enumera el tema de WordPress emerge como una soluci\u00f3n que lo abarca todo y se encuentra que facilita la creaci\u00f3n de sitios web de directorio contempor\u00e1neos y visualmente llamativos. Empodera a los usuarios exhibir una extensa gama de listados, que abarca restaurantes, hoteles, bienes ra\u00edces y m\u00e1s, con el beneficio adicional de las alternativas de b\u00fasqueda y filtro personalizables. Este tema est\u00e1 equipado con potentes herramientas de personalizaci\u00f3n, como un creador de p\u00e1ginas de arrastrar y soltar, una variedad de plantillas predise\u00f1adas y caracter\u00edsticas de personalizaci\u00f3n avanzadas que abarcan fuentes, colores y dise\u00f1os. Aprovechando un marco receptivo y amigable con el SEO, Wilcity garantiza una experiencia de usuario perfecta en todos los dispositivos, lo que lo convierte en el ep\u00edtome de la excelencia para empresas y empresarios que anhelan inaugurar su propio sitio web de directorio.<\/p>\n<ul>\n<li>Tema de WordPress de alta calidad dise\u00f1ado para construir sitios web de directorio<\/li>\n<li>Proporciona una interfaz de arrastre y ca\u00edda f\u00e1cil de usar para las p\u00e1ginas de construcci\u00f3n<\/li>\n<li>Viene con m\u00e1s de 20 demostraciones predise\u00f1adas para una configuraci\u00f3n r\u00e1pida y f\u00e1cil<\/li>\n<li>Totalmente personalizable con m\u00faltiples opciones para colores, fuentes y dise\u00f1os<\/li>\n<li>El dise\u00f1o amigable para los dispositivos m\u00f3viles asegura que su sitio web se vea genial en cualquier dispositivo<\/li>\n<li>Se integra con complementos populares como WooCommerce, WPML y el Formulario de contacto 7<\/li>\n<li>Incluye caracter\u00edsticas potentes como capacidades de b\u00fasqueda avanzadas, perfiles de usuario y soporte de ubicaci\u00f3n m\u00faltiple<\/li>\n<li>Construido con SEO en mente para ayudar a optimizar su sitio web para los motores de b\u00fasqueda<\/li>\n<li>Viene con una amplia documentaci\u00f3n y apoyo dedicado del equipo de Wilcity<\/li>\n<li>Actualizado regularmente con nuevas funciones y correcciones de errores para mantener su sitio web funcionando sin problemas.<\/li>\n<\/ul>\n","protected":false},"excerpt":{"rendered":"<p>El directorio de Wilcity que enumera el tema de WordPress, ampliamente considerado como una soluci\u00f3n ideal para construir un sitio web de directorio que abarca todo, cuenta con una gran cantidad de atributos deseables. Con su interfaz navegable sin esfuerzo y su dise\u00f1o personalizable, este tema facilita la exposici\u00f3n perfecta de listados, rese\u00f1as, mapas y otra informaci\u00f3n vital. Independientemente de si su objetivo es seleccionar un directorio de negocios localizado, un calendario de eventos o una gu\u00eda de viaje, el tema de Wilcity atiende sin esfuerzo a sus requisitos espec\u00edficos, ofreciendo una flexibilidad incomparable y una funcionalidad de vanguardia para facilitar la creaci\u00f3n de un pulido y altamente eficiente. plataforma digital. Adem\u00e1s, vale la pena se\u00f1alar que este tema ha sido meticulosamente optimizado para fines de SEO, asegurando que su contenido disfrute de una visibilidad y descubrimiento \u00f3ptimas entre su p\u00fablico objetivo previsto.<\/p>\n","protected":false},"featured_media":168006,"comment_status":"open","ping_status":"open","template":"","meta":[],"product_brand":[2337],"product_cat":[1267,1237,1238],"product_tag":[1391],"class_list":{"0":"post-126485","1":"product","2":"type-product","3":"status-publish","4":"has-post-thumbnail","6":"product_brand-themeforest","7":"product_cat-creativo","8":"product_cat-temas","9":"product_cat-wordpress-temas","10":"product_tag-themeforest","11":"member-discount","12":"discount-restricted","14":"first","15":"instock","16":"sale","17":"downloadable","18":"virtual","19":"sold-individually","20":"purchasable","21":"product-type-simple"},"_links":{"self":[{"href":"https:\/\/gpl-love.com\/es\/wp-json\/wp\/v2\/product\/126485","targetHints":{"allow":["GET"]}}],"collection":[{"href":"https:\/\/gpl-love.com\/es\/wp-json\/wp\/v2\/product"}],"about":[{"href":"https:\/\/gpl-love.com\/es\/wp-json\/wp\/v2\/types\/product"}],"replies":[{"embeddable":true,"href":"https:\/\/gpl-love.com\/es\/wp-json\/wp\/v2\/comments?post=126485"}],"wp:featuredmedia":[{"embeddable":true,"href":"https:\/\/gpl-love.com\/es\/wp-json\/wp\/v2\/media\/168006"}],"wp:attachment":[{"href":"https:\/\/gpl-love.com\/es\/wp-json\/wp\/v2\/media?parent=126485"}],"wp:term":[{"taxonomy":"product_brand","embeddable":true,"href":"https:\/\/gpl-love.com\/es\/wp-json\/wp\/v2\/product_brand?post=126485"},{"taxonomy":"product_cat","embeddable":true,"href":"https:\/\/gpl-love.com\/es\/wp-json\/wp\/v2\/product_cat?post=126485"},{"taxonomy":"product_tag","embeddable":true,"href":"https:\/\/gpl-love.com\/es\/wp-json\/wp\/v2\/product_tag?post=126485"}],"curies":[{"name":"wp","href":"https:\/\/api.w.org\/{rel}","templated":true}]}}