{"id":126484,"date":"2021-08-15T00:00:00","date_gmt":"2021-08-15T05:00:00","guid":{"rendered":"https:\/\/gpl-love.com\/es\/producto\/wikb-knowledgebase-y-help-desk-wp-theme\/"},"modified":"2026-04-10T11:30:57","modified_gmt":"2026-04-10T16:30:57","slug":"wikb-knowledgebase-y-help-desk-wp-theme","status":"publish","type":"product","link":"https:\/\/gpl-love.com\/es\/producto\/wikb-knowledgebase-y-help-desk-wp-theme\/","title":{"rendered":"Wikb Knowledgebase y Help Desk WP Theme 1.3"},"content":{"rendered":"<h3>Wikb Knowledgebase y Help Desk WP Theme Caracteristicas<\/h3>\n<p>El tema Wikb KnowledgeBase y la mesa de ayuda WP presenta una soluci\u00f3n novedosa e innovadora para empresas que buscan mejorar sus esfuerzos de atenci\u00f3n al cliente y gesti\u00f3n de conocimientos. Este tema extraordinario ofrece a los usuarios la capacidad de construir una base de conocimiento interactiva y f\u00e1cil de usar que cuenta con una amplia gama de art\u00edculos valiosos, preguntas frecuentes y foros interactivos. En virtud de su dise\u00f1o intuitivo y centrado en el usuario, este tema facilita a la perfecci\u00f3n la navegaci\u00f3n y recuperaci\u00f3n sin esfuerzo de los usuarios de la informaci\u00f3n deseada. En particular, la inclusi\u00f3n de una funcionalidad de la mesa de ayuda permite a las empresas ofrecer un soporte excepcional y conveniente a su estimada clientela mediante la gesti\u00f3n eficiente de entradas y la provisi\u00f3n de asistencia de chat en tiempo real. En consecuencia, el tema WIKB Base y la mesa de ayuda WP surge como la opci\u00f3n por excelencia para las empresas que anhelan optimizar su experiencia de servicio al cliente y optimizar sus protocolos de gesti\u00f3n del conocimiento.<\/p>\n<ul>\n<li>Un tema de WordPress profesional y moderno dise\u00f1ado para crear bases de conocimiento y escritorios de ayuda<\/li>\n<li>Dise\u00f1o totalmente receptivo que se ve muy bien en todos los dispositivos<\/li>\n<li>P\u00e1gina de inicio personalizable con creador de p\u00e1ginas de arrastrar y soltar<\/li>\n<li>Funci\u00f3n de b\u00fasqueda potente para encontrar r\u00e1pidamente la informaci\u00f3n que necesitan los usuarios<\/li>\n<li>Proporciona una navegaci\u00f3n intuitiva y f\u00e1cil de usar para que los visitantes encuentren f\u00e1cilmente lo que est\u00e1n buscando<\/li>\n<li>Opciones de dise\u00f1o m\u00faltiples para mostrar art\u00edculos y preguntas frecuentes<\/li>\n<li>Soporte incorporado para agregar comentarios y calificaciones de los usuarios<\/li>\n<li>Formularios de contacto personalizables para conectarse con los clientes directamente<\/li>\n<li>Ofrece integraci\u00f3n con complementos populares como WooCommerce para vender productos y servicios<\/li>\n<li>La documentaci\u00f3n y el soporte extenso incluidos para garantizar una configuraci\u00f3n y uso f\u00e1cil.<\/li>\n<\/ul>\n","protected":false},"excerpt":{"rendered":"<p>La base de conocimiento WIKB y el tema WP de la mesa de ayuda, con su interfaz f\u00e1cil de usar y su amplia opciones de personalizaci\u00f3n, sirve como un tema de WordPress altamente efectivo adaptado a las empresas que buscan establecer una base de conocimiento eficiente y un sistema de atenci\u00f3n al cliente. Equipado con un sofisticado sistema de b\u00fasqueda y navegaci\u00f3n incorporado, este tema agiliza el proceso de recuperaci\u00f3n de informaci\u00f3n para su clientela. Adem\u00e1s, Wikb cuenta con un dise\u00f1o elegante y contempor\u00e1neo, asegurando que su contenido se presente de manera est\u00e9ticamente agradable en todos los dispositivos. Adem\u00e1s, este tema ofrece soporte para m\u00faltiples idiomas, lo que le permite atender a una audiencia global diversa. Evidentemente, la utilizaci\u00f3n de WIKB le permite construir sin esfuerzo un encuentro profesional de servicio al cliente.<\/p>\n","protected":false},"featured_media":168005,"comment_status":"open","ping_status":"open","template":"","meta":[],"product_brand":[2337],"product_cat":[1267,1237,1238],"product_tag":[1391],"class_list":{"0":"post-126484","1":"product","2":"type-product","3":"status-publish","4":"has-post-thumbnail","6":"product_brand-themeforest","7":"product_cat-creativo","8":"product_cat-temas","9":"product_cat-wordpress-temas","10":"product_tag-themeforest","11":"member-discount","12":"discount-restricted","14":"first","15":"instock","16":"sale","17":"downloadable","18":"virtual","19":"sold-individually","20":"purchasable","21":"product-type-simple"},"_links":{"self":[{"href":"https:\/\/gpl-love.com\/es\/wp-json\/wp\/v2\/product\/126484","targetHints":{"allow":["GET"]}}],"collection":[{"href":"https:\/\/gpl-love.com\/es\/wp-json\/wp\/v2\/product"}],"about":[{"href":"https:\/\/gpl-love.com\/es\/wp-json\/wp\/v2\/types\/product"}],"replies":[{"embeddable":true,"href":"https:\/\/gpl-love.com\/es\/wp-json\/wp\/v2\/comments?post=126484"}],"wp:featuredmedia":[{"embeddable":true,"href":"https:\/\/gpl-love.com\/es\/wp-json\/wp\/v2\/media\/168005"}],"wp:attachment":[{"href":"https:\/\/gpl-love.com\/es\/wp-json\/wp\/v2\/media?parent=126484"}],"wp:term":[{"taxonomy":"product_brand","embeddable":true,"href":"https:\/\/gpl-love.com\/es\/wp-json\/wp\/v2\/product_brand?post=126484"},{"taxonomy":"product_cat","embeddable":true,"href":"https:\/\/gpl-love.com\/es\/wp-json\/wp\/v2\/product_cat?post=126484"},{"taxonomy":"product_tag","embeddable":true,"href":"https:\/\/gpl-love.com\/es\/wp-json\/wp\/v2\/product_tag?post=126484"}],"curies":[{"name":"wp","href":"https:\/\/api.w.org\/{rel}","templated":true}]}}