{"id":126483,"date":"2021-11-30T00:00:00","date_gmt":"2021-11-30T05:00:00","guid":{"rendered":"https:\/\/gpl-love.com\/es\/producto\/widgetkit-wordpress-gallery-y-slider-plugin\/"},"modified":"2026-03-09T08:19:11","modified_gmt":"2026-03-09T13:19:11","slug":"widgetkit-wordpress-gallery-y-slider-plugin","status":"publish","type":"product","link":"https:\/\/gpl-love.com\/es\/producto\/widgetkit-wordpress-gallery-y-slider-plugin\/","title":{"rendered":"Widgetkit WordPress Gallery y Slider Plugin 3.1.6"},"content":{"rendered":"<h3>Widgetkit WordPress Gallery y Slider Plugin Caracteristicas<\/h3>\n<p>El complemento WidgetKit WordPress Gallery and Slider es una herramienta incre\u00edblemente robusta y din\u00e1mica que ha sido meticulosamente elaborada con el \u00fanico prop\u00f3sito de elevar la est\u00e9tica visual general de su sitio web. Al integrar perfectamente este complemento incre\u00edblemente vers\u00e1til en su sitio, obtendr\u00e1 acceso a una variedad de caracter\u00edsticas y funcionalidades impresionantes que sin duda cautivar\u00e1 y hipnotizar\u00e1n a su audiencia. Este notable complemento le capacita a crear y personalizar sin esfuerzo galer\u00edas de im\u00e1genes alucinantes, hipotecas en las presentaci\u00f3n de diapositivas y carruseles din\u00e1micos, todos los cuales sin duda contribuir\u00e1n a una experiencia de usuario incomparable. Con su interfaz de usuario intuitiva y una amplia variedad de opciones de dise\u00f1o visualmente impresionantes a su disposici\u00f3n, Widgetkit le permite mostrar ingeniosamente y creativamente sus impresionantes fotos y sus impresionantes videos de una manera que es visualmente cautivadora e incre\u00edblemente atractiva. Ya sea que sea un aspirante a fot\u00f3grafo que busque exhibir su cartera, un entusiasta del comercio electr\u00f3nico ansioso por exhibir su gama de productos, o simplemente una persona que busca inyectar un elemento visualmente llamativo en su sitio web, Widgetkit se re\u00fane sin esfuerzo y supera todas sus expectativas. Entonces, si es un usuario de WordPress que anhela magnificar su presencia en l\u00ednea y hacer una marca indeleble en el \u00e1mbito digital, Widgetkit es, sin duda, la soluci\u00f3n definitiva que lo impulsar\u00e1 hacia un \u00e9xito incomparable.<\/p>\n<ul>\n<li>Galer\u00edas y controles deslizantes receptivos y amigables para m\u00f3viles para su sitio de WordPress<\/li>\n<li>Opciones de dise\u00f1o m\u00faltiples, incluidas la cuadr\u00edcula y el mosaico<\/li>\n<li>Capacidad para personalizar y controlar la visualizaci\u00f3n de sus im\u00e1genes y videos<\/li>\n<li>Integraci\u00f3n con plataformas de redes sociales populares como Instagram y Flickr<\/li>\n<li>Caja de luz incorporada para una experiencia de visualizaci\u00f3n mejorada<\/li>\n<li>Interfaz simple de arrastrar y soltar para facilitar el uso y la personalizaci\u00f3n<\/li>\n<li>Galer\u00edas y controles deslizantes de SEO para ayudar con los esfuerzos de optimizaci\u00f3n de motores de marketing y b\u00fasqueda<\/li>\n<li>Actualizaciones y soporte regulares proporcionados por el equipo de desarrolladores.<\/li>\n<\/ul>\n","protected":false},"excerpt":{"rendered":"<p>Widgetkit, un robusto complemento de WordPress, posee la capacidad de facilitar la creaci\u00f3n de galer\u00edas y controles deslizantes cautivadores para su sitio web. Equipado con una gran cantidad de caracter\u00edsticas personalizables y una interfaz intuitiva, Widgetkit simplifica el proceso de elaboraci\u00f3n de contenido visualmente atractivo y cautivador para las personas en todos los niveles de habilidad, ya sean novatos o expertos en el campo. Ya sea que su intenci\u00f3n sea exhibir sus empresas m\u00e1s recientes, exhibir una cartera extensa o anunciar su mercanc\u00eda, Widgetkit sirve como la soluci\u00f3n ideal para elevar su presencia en l\u00ednea y distinguirse de la competencia. \u00a1No pierda el tiempo y se embarque en un juicio de Widgetkit hoy para presenciar la transformaci\u00f3n de su sitio de WordPress al pr\u00f3ximo escal\u00f3n!<\/p>\n","protected":false},"featured_media":168004,"comment_status":"open","ping_status":"open","template":"","meta":[],"product_brand":[2596],"product_cat":[1214,1206,1211],"product_tag":[1740],"class_list":{"0":"post-126483","1":"product","2":"type-product","3":"status-publish","4":"has-post-thumbnail","6":"product_brand-yootheme","7":"product_cat-personalizacion","8":"product_cat-plugins","9":"product_cat-wordpress-plugins","10":"product_tag-yootheme","11":"member-discount","12":"discount-restricted","14":"first","15":"instock","16":"sale","17":"downloadable","18":"virtual","19":"sold-individually","20":"purchasable","21":"product-type-simple"},"_links":{"self":[{"href":"https:\/\/gpl-love.com\/es\/wp-json\/wp\/v2\/product\/126483","targetHints":{"allow":["GET"]}}],"collection":[{"href":"https:\/\/gpl-love.com\/es\/wp-json\/wp\/v2\/product"}],"about":[{"href":"https:\/\/gpl-love.com\/es\/wp-json\/wp\/v2\/types\/product"}],"replies":[{"embeddable":true,"href":"https:\/\/gpl-love.com\/es\/wp-json\/wp\/v2\/comments?post=126483"}],"wp:featuredmedia":[{"embeddable":true,"href":"https:\/\/gpl-love.com\/es\/wp-json\/wp\/v2\/media\/168004"}],"wp:attachment":[{"href":"https:\/\/gpl-love.com\/es\/wp-json\/wp\/v2\/media?parent=126483"}],"wp:term":[{"taxonomy":"product_brand","embeddable":true,"href":"https:\/\/gpl-love.com\/es\/wp-json\/wp\/v2\/product_brand?post=126483"},{"taxonomy":"product_cat","embeddable":true,"href":"https:\/\/gpl-love.com\/es\/wp-json\/wp\/v2\/product_cat?post=126483"},{"taxonomy":"product_tag","embeddable":true,"href":"https:\/\/gpl-love.com\/es\/wp-json\/wp\/v2\/product_tag?post=126483"}],"curies":[{"name":"wp","href":"https:\/\/api.w.org\/{rel}","templated":true}]}}