{"id":126482,"date":"2026-01-12T00:00:00","date_gmt":"2026-01-12T05:00:00","guid":{"rendered":"https:\/\/gpl-love.com\/es\/producto\/widgetkit-pro-powerful-elementor-addons-kit\/"},"modified":"2026-04-10T11:30:56","modified_gmt":"2026-04-10T16:30:56","slug":"widgetkit-pro-powerful-elementor-addons-kit","status":"publish","type":"product","link":"https:\/\/gpl-love.com\/es\/producto\/widgetkit-pro-powerful-elementor-addons-kit\/","title":{"rendered":"WidgetKit Pro Powerful Elementor Addons Kit 1.14.1"},"content":{"rendered":"<h3>WidgetKit Pro Powerful Elementor Addons Kit Caracteristicas<\/h3>\n<p>Widgetkit Pro, una notable colecci\u00f3n de complementos de elementos, ofrece a los usuarios un conjunto de herramientas robusto y flexible para crear sitios web visualmente llamativos. Con su gran surtido de widgets, plantillas y constructores de formularios, Widgetkit Pro optimiza el proceso de construcci\u00f3n del sitio web. El complemento cuenta con una interfaz de arrastrar y soltar f\u00e1cilmente con usuarios, lo que permite a los usuarios agregar, modificar y adaptar los widgets sin esfuerzo a sus necesidades espec\u00edficas del sitio web. Estos widgets son altamente personalizables y pueden integrarse perfectamente en cualquier p\u00e1gina o publicaci\u00f3n. Si el objetivo es construir una p\u00e1gina de destino simplista o un sitio web sofisticado, Widgetkit Pro sirve como la mejor herramienta para dise\u00f1adores y desarrolladores web. Con su interfaz intuitiva y sus caracter\u00edsticas completas, Widgetkit Pro es un activo indispensable para las personas que buscan elaborar un sitio web profesional utilizando Elementor.<\/p>\n<ul>\n<li>Conjunto completo de complementos y widgets para usar con Elementor<\/li>\n<li>Ayuda a mejorar la funcionalidad y el dise\u00f1o de su sitio web<\/li>\n<li>Compatible con versiones gratuitas y profesionales de Elementor<\/li>\n<li>F\u00e1cil de instalar e integrar en su sitio web existente<\/li>\n<li>Ofrece una amplia gama de opciones de personalizaci\u00f3n para cada widget y complemento<\/li>\n<li>Incluye caracter\u00edsticas b\u00e1sicas y avanzadas para una mayor flexibilidad de dise\u00f1o.<\/li>\n<li>Ayuda a ahorrar tiempo y esfuerzo al crear su sitio web<\/li>\n<li>Actualizaciones y soporte regulares proporcionados para garantizar que siempre est\u00e9 actualizado<\/li>\n<li>Complementos y widgets dise\u00f1ados para ser de r\u00e1pido carga y optimizado para el rendimiento<\/li>\n<li>Ofrece una forma rentable de agregar nuevas funciones potentes a su sitio web.<\/li>\n<\/ul>\n","protected":false},"excerpt":{"rendered":"<p>Widgetkit Pro es un kit de complementos indispensables para Elementor que ofrece una amplia gama de widgets y elementos, lo que permite a los usuarios elevar la calidad de los dise\u00f1os de sus sitios web. A trav\u00e9s de la utilizaci\u00f3n de este kit, se puede generar y personalizar sin esfuerzo su sitio web, ya que cuenta con una interfaz intuitiva que funciona a trav\u00e9s de un mecanismo de arrastrar y soltar. Independientemente de si el usuario est\u00e1 en medio de la construcci\u00f3n de una plataforma minorista en l\u00ednea, una cartera profesional pulida o un sitio web corporativo, Widgetkit Pro est\u00e1 totalmente equipado para satisfacer sus necesidades. Este kit de complementos ha sido dise\u00f1ado a prop\u00f3sito para empoderar a las personas en la creaci\u00f3n de sitios web visualmente llamativos con la mayor facilidad, que abarca todo, desde los temporizadores de la cuenta regresiva cautivadora hasta las animaciones 3D inmersivas. Por lo tanto, no hay necesidad de retrasar el progreso de uno; \u00a1Adquiere Widgetkit Pro hoy y desbloquea el potencial ilimitado que se encuentra dentro del elemento!<\/p>\n","protected":false},"featured_media":168003,"comment_status":"open","ping_status":"open","template":"","meta":[],"product_brand":[2595],"product_cat":[1214,1206,1211],"product_tag":[2139],"class_list":{"0":"post-126482","1":"product","2":"type-product","3":"status-publish","4":"has-post-thumbnail","6":"product_brand-themesgrove","7":"product_cat-personalizacion","8":"product_cat-plugins","9":"product_cat-wordpress-plugins","10":"product_tag-themesgrove","11":"member-discount","12":"discount-restricted","14":"first","15":"instock","16":"sale","17":"downloadable","18":"virtual","19":"sold-individually","20":"purchasable","21":"product-type-simple"},"_links":{"self":[{"href":"https:\/\/gpl-love.com\/es\/wp-json\/wp\/v2\/product\/126482","targetHints":{"allow":["GET"]}}],"collection":[{"href":"https:\/\/gpl-love.com\/es\/wp-json\/wp\/v2\/product"}],"about":[{"href":"https:\/\/gpl-love.com\/es\/wp-json\/wp\/v2\/types\/product"}],"replies":[{"embeddable":true,"href":"https:\/\/gpl-love.com\/es\/wp-json\/wp\/v2\/comments?post=126482"}],"wp:featuredmedia":[{"embeddable":true,"href":"https:\/\/gpl-love.com\/es\/wp-json\/wp\/v2\/media\/168003"}],"wp:attachment":[{"href":"https:\/\/gpl-love.com\/es\/wp-json\/wp\/v2\/media?parent=126482"}],"wp:term":[{"taxonomy":"product_brand","embeddable":true,"href":"https:\/\/gpl-love.com\/es\/wp-json\/wp\/v2\/product_brand?post=126482"},{"taxonomy":"product_cat","embeddable":true,"href":"https:\/\/gpl-love.com\/es\/wp-json\/wp\/v2\/product_cat?post=126482"},{"taxonomy":"product_tag","embeddable":true,"href":"https:\/\/gpl-love.com\/es\/wp-json\/wp\/v2\/product_tag?post=126482"}],"curies":[{"name":"wp","href":"https:\/\/api.w.org\/{rel}","templated":true}]}}