{"id":126481,"date":"2026-03-14T00:00:00","date_gmt":"2026-03-14T05:00:00","guid":{"rendered":"https:\/\/gpl-love.com\/es\/producto\/wholesale-for-woocommerce\/"},"modified":"2026-04-10T11:30:55","modified_gmt":"2026-04-10T16:30:55","slug":"wholesale-for-woocommerce","status":"publish","type":"product","link":"https:\/\/gpl-love.com\/es\/producto\/wholesale-for-woocommerce\/","title":{"rendered":"Wholesale For WooCommerce 3.0.0"},"content":{"rendered":"<h3>Wholesale For WooCommerce Caracteristicas<\/h3>\n<p>Al por mayor para WooCommerce, un complemento incre\u00edblemente robusto y altamente efectivo, ofrece a los usuarios la capacidad de administrar sin esfuerzo los precios mayoristas para su tienda WooCommerce. Este notable complemento faculta a los usuarios establecer diversos niveles de precios mayoristas para sus productos al tiempo que ofrece a los clientes mayoristas credenciales de inicio de sesi\u00f3n exclusivas para acceder a estos precios. Adem\u00e1s, este complemento cuenta con una variedad de caracter\u00edsticas impresionantes, incluida la implementaci\u00f3n de cantidades m\u00ednimas de pedidos, incrementos de cantidad de pedidos y la opci\u00f3n de ocultar los precios de los clientes minoristas. A trav\u00e9s de la integraci\u00f3n perfecta de la venta al por mayor para WooCommerce, el proceso de pedido mayorista se vuelve notablemente aerodin\u00e1mico, mejorando la eficiencia y la facilidad no solo para el usuario sino tambi\u00e9n para su valiosa base de clientes. Con una interfaz intuitiva junto con una amplia gama de caracter\u00edsticas robustas, al por mayor para WooCommerce surge como la soluci\u00f3n definitiva para cualquier tienda en l\u00ednea que busque satisfacer las necesidades distintivas de sus clientes mayoristas.<\/p>\n<ul>\n<li>Potente soluci\u00f3n al por mayor para tiendas de WooCommerce<\/li>\n<li>Los propietarios de tiendas ofrecen precios con descuento a clientes mayoristas registrados<\/li>\n<li>Niveles de precios personalizables basados \u200b\u200ben la cantidad de pedido<\/li>\n<li>Opci\u00f3n para restringir la visibilidad de los precios mayoristas a los clientes mayoristas registrados solamente<\/li>\n<li>Proceso de registro mayorista automatizado y simplificado<\/li>\n<li>Integraci\u00f3n con extensiones populares de WooCommerce como el formulario de pedido a granel y los complementos de productos<\/li>\n<li>Administrar y rastrear f\u00e1cilmente los pedidos mayoristas dentro del backend de WooCommerce<\/li>\n<li>Capacidad para establecer la cantidad m\u00ednima de pedido y\/o los montos de pedido para clientes mayoristas<\/li>\n<li>Informes y an\u00e1lisis integrales para pedidos mayoristas y clientes<\/li>\n<li>Equipo de soporte dedicado disponible para ayudar con la configuraci\u00f3n y el mantenimiento.<\/li>\n<\/ul>\n","protected":false},"excerpt":{"rendered":"<p>El complemento mayorista para WooCommerce es una herramienta excepcionalmente robusta que le otorga la capacidad de establecer precios al por mayor, determinar las cantidades m\u00ednimas de pedido e implementar precios escalonados para su tienda WooCommerce. A trav\u00e9s de la utilizaci\u00f3n de este complemento, puede configurar sin esfuerzo los precios mayoristas para sus productos e incluso asignar precios mayoristas distintos para variables roles de usuario. Adem\u00e1s, posee la capacidad de especificar cantidades m\u00ednimas de pedido, lo que obliga a sus clientes mayoristas a cumplir con un umbral de cantidad espec\u00edfica para acceder a los precios al por mayor. Adem\u00e1s, por medio de precios escalonados, tiene la capacidad de extender m\u00e1s descuentos a los clientes que eligen obtener grandes cantidades de sus productos. Independientemente de si usted es propietario de un negocio a peque\u00f1a escala o un vasto establecimiento de comercio electr\u00f3nico, el complemento mayorista para WooCommerce sirve como la soluci\u00f3n ideal para cumplir con sus requisitos mayoristas.<\/p>\n","protected":false},"featured_media":168002,"comment_status":"open","ping_status":"open","template":"","meta":[],"product_brand":[2344],"product_cat":[1207,1248,1206],"product_tag":[1423],"class_list":{"0":"post-126481","1":"product","2":"type-product","3":"status-publish","4":"has-post-thumbnail","6":"product_brand-woocommerce","7":"product_cat-comercio-electronico-plugins","8":"product_cat-personalizacion-comercio-electronico-plugins","9":"product_cat-plugins","10":"product_tag-woocommerce","11":"member-discount","12":"discount-restricted","14":"first","15":"instock","16":"sale","17":"downloadable","18":"virtual","19":"sold-individually","20":"purchasable","21":"product-type-simple"},"_links":{"self":[{"href":"https:\/\/gpl-love.com\/es\/wp-json\/wp\/v2\/product\/126481","targetHints":{"allow":["GET"]}}],"collection":[{"href":"https:\/\/gpl-love.com\/es\/wp-json\/wp\/v2\/product"}],"about":[{"href":"https:\/\/gpl-love.com\/es\/wp-json\/wp\/v2\/types\/product"}],"replies":[{"embeddable":true,"href":"https:\/\/gpl-love.com\/es\/wp-json\/wp\/v2\/comments?post=126481"}],"wp:featuredmedia":[{"embeddable":true,"href":"https:\/\/gpl-love.com\/es\/wp-json\/wp\/v2\/media\/168002"}],"wp:attachment":[{"href":"https:\/\/gpl-love.com\/es\/wp-json\/wp\/v2\/media?parent=126481"}],"wp:term":[{"taxonomy":"product_brand","embeddable":true,"href":"https:\/\/gpl-love.com\/es\/wp-json\/wp\/v2\/product_brand?post=126481"},{"taxonomy":"product_cat","embeddable":true,"href":"https:\/\/gpl-love.com\/es\/wp-json\/wp\/v2\/product_cat?post=126481"},{"taxonomy":"product_tag","embeddable":true,"href":"https:\/\/gpl-love.com\/es\/wp-json\/wp\/v2\/product_tag?post=126481"}],"curies":[{"name":"wp","href":"https:\/\/api.w.org\/{rel}","templated":true}]}}