{"id":126480,"date":"2024-11-05T00:00:00","date_gmt":"2024-11-05T05:00:00","guid":{"rendered":"https:\/\/gpl-love.com\/es\/producto\/whmpress-whmcs-wordpress-plugin\/"},"modified":"2026-04-10T11:30:54","modified_gmt":"2026-04-10T16:30:54","slug":"whmpress-whmcs-wordpress-plugin","status":"publish","type":"product","link":"https:\/\/gpl-love.com\/es\/producto\/whmpress-whmcs-wordpress-plugin\/","title":{"rendered":"WHMpress WHMCS WordPress Plugin 6.3"},"content":{"rendered":"<h3>WHMpress WHMCS WordPress Plugin Caracteristicas<\/h3>\n<p>WHMPress, un complemento de WordPress altamente robusto, se integra sin problemas con WHMCS, una plataforma de facturaci\u00f3n y automatizaci\u00f3n ampliamente reconocida empleada por proveedores de alojamiento web. Al utilizar WHMPress, puede exhibir sin esfuerzo sus planes de alojamiento, precios y opciones disponibles en su sitio de WordPress, al tiempo que gestiona los pedidos y la facturaci\u00f3n de manera simult\u00e1nea directamente desde WHMCS. Este complemento abarca una amplia gama de caracter\u00edsticas de personalizaci\u00f3n, que abarca la capacidad de generar formularios de pedido personalizados, seleccionar entre numerosas tablas de precios y elegir entre una amplia variedad de plantillas predise\u00f1adas. WhmPress, sin duda, representa una herramienta indispensable para cualquier proveedor de alojamiento web con el objetivo de optimizar su proceso de facturaci\u00f3n y elevar su experiencia de cliente a niveles sin precedentes.<\/p>\n<ul>\n<li>Integra el sistema WHMCS con su sitio web de WordPress para una f\u00e1cil gesti\u00f3n<\/li>\n<li>La integraci\u00f3n completa permite una facturaci\u00f3n perfecta y la gesti\u00f3n del cliente<\/li>\n<li>Pantallas de productos y paquetes personalizables para adaptarse a su marca<\/li>\n<li>Creaci\u00f3n de cuenta automatizada y sincronizaci\u00f3n entre WHMCS y WordPress<\/li>\n<li>Admite m\u00faltiples monedas e idiomas<\/li>\n<li>Registro y gesti\u00f3n de dominio en tiempo real<\/li>\n<li>Aprovisionamiento y gesti\u00f3n de certificados SSL automatizados<\/li>\n<li>Admite m\u00faltiples pasarelas de pago, incluidas PayPal, Stripe y m\u00e1s<\/li>\n<li>No se requiere codificaci\u00f3n, f\u00e1cil de instalar y configurar<\/li>\n<li>El acceso a un cliente detallado y una cuenta informa una mejor comprensi\u00f3n del desempe\u00f1o de su negocio.<\/li>\n<\/ul>\n","protected":false},"excerpt":{"rendered":"<p>WHMPress, un complemento de WordPress incre\u00edblemente robusto, se integra perfectamente con WHMCS, que presenta una forma sin esfuerzo para administrar eficientemente su negocio de alojamiento web. A trav\u00e9s de la utilizaci\u00f3n de WHMPress, tiene la capacidad de generar planes de alojamiento web profesionales y est\u00e9ticamente agradables, exhibir efectivamente sus servicios en su sitio web y aceptar directamente pedidos y pagos de su valiosa clientela. Este complemento excepcional proporciona una variedad de funcionalidades avanzadas, como tablas de precios personalizables, sincronizaci\u00f3n autom\u00e1tica con WHMC e integraci\u00f3n sin esfuerzo con temas de alojamiento web de renombre. Adem\u00e1s, su instalaci\u00f3n y uso son notablemente sencillos, lo que lo convierte en una opci\u00f3n excepcional para las empresas de alojamiento web de todas las magnitudes. \u00a1Tome la iniciativa de explorar las capacidades notables de WHMPress hoy y presencie la optimizaci\u00f3n incomparable que puede aportar a sus operaciones de alojamiento web!<\/p>\n","protected":false},"featured_media":168001,"comment_status":"open","ping_status":"open","template":"","meta":[],"product_brand":[2339],"product_cat":[1212,1206,1211],"product_tag":[1256],"class_list":{"0":"post-126480","1":"product","2":"type-product","3":"status-publish","4":"has-post-thumbnail","6":"product_brand-codecanyon","7":"product_cat-administracion-wordpress-plugins","8":"product_cat-plugins","9":"product_cat-wordpress-plugins","10":"product_tag-codecanyon","11":"member-discount","12":"discount-restricted","14":"first","15":"instock","16":"sale","17":"downloadable","18":"virtual","19":"sold-individually","20":"purchasable","21":"product-type-simple"},"_links":{"self":[{"href":"https:\/\/gpl-love.com\/es\/wp-json\/wp\/v2\/product\/126480","targetHints":{"allow":["GET"]}}],"collection":[{"href":"https:\/\/gpl-love.com\/es\/wp-json\/wp\/v2\/product"}],"about":[{"href":"https:\/\/gpl-love.com\/es\/wp-json\/wp\/v2\/types\/product"}],"replies":[{"embeddable":true,"href":"https:\/\/gpl-love.com\/es\/wp-json\/wp\/v2\/comments?post=126480"}],"wp:featuredmedia":[{"embeddable":true,"href":"https:\/\/gpl-love.com\/es\/wp-json\/wp\/v2\/media\/168001"}],"wp:attachment":[{"href":"https:\/\/gpl-love.com\/es\/wp-json\/wp\/v2\/media?parent=126480"}],"wp:term":[{"taxonomy":"product_brand","embeddable":true,"href":"https:\/\/gpl-love.com\/es\/wp-json\/wp\/v2\/product_brand?post=126480"},{"taxonomy":"product_cat","embeddable":true,"href":"https:\/\/gpl-love.com\/es\/wp-json\/wp\/v2\/product_cat?post=126480"},{"taxonomy":"product_tag","embeddable":true,"href":"https:\/\/gpl-love.com\/es\/wp-json\/wp\/v2\/product_tag?post=126480"}],"curies":[{"name":"wp","href":"https:\/\/api.w.org\/{rel}","templated":true}]}}