{"id":126479,"date":"2024-07-26T00:00:00","date_gmt":"2024-07-26T05:00:00","guid":{"rendered":"https:\/\/gpl-love.com\/es\/producto\/whmcs-client-area-para-wordpress\/"},"modified":"2026-04-10T11:30:53","modified_gmt":"2026-04-10T16:30:53","slug":"whmcs-client-area-para-wordpress","status":"publish","type":"product","link":"https:\/\/gpl-love.com\/es\/producto\/whmcs-client-area-para-wordpress\/","title":{"rendered":"WHMCS Client Area para WordPress 4.3"},"content":{"rendered":"<h3>WHMCS Client Area para WordPress Caracteristicas<\/h3>\n<p>El \u00e1rea de cliente WHMCS para WordPress, un complemento altamente innovador, sirve para capacitar a los propietarios de sitios web al facilitar la integraci\u00f3n de su sitio de WordPress con el software de facturaci\u00f3n y soporte de WHMCS. Este notable complemento garantiza una conexi\u00f3n perfecta entre WordPress y WHMCS, proporcionando as\u00ed a las empresas una soluci\u00f3n directa y altamente eficiente para administrar sus cuentas de clientes y procesos de facturaci\u00f3n. Mediante este complemento, los usuarios pueden manejar sin esfuerzo y de forma segura sus detalles de facturaci\u00f3n, detectar facturas y supervisar boletos de soporte, todos convenientemente accesibles desde la comodidad de su tablero de WordPress. En \u00faltima instancia, el \u00e1rea de cliente WHMCS para WordPress optimiza significativamente la tarea de administrar cuentas y facturaci\u00f3n de clientes, lo que lo convierte en una herramienta indispensable para las empresas que tienen como objetivo optimizar sus operaciones y ofrecer una atenci\u00f3n al cliente excepcional.<\/p>\n<ul>\n<li>Integre perfectamente el portal del cliente WHMCS en su sitio web de WordPress<\/li>\n<li>Plantillas personalizables para que coincidan con el dise\u00f1o de su sitio web<\/li>\n<li>Ofrecer a los clientes acceso a sus facturas, productos\/servicios, boletos de soporte y m\u00e1s directamente desde su sitio de WordPress<\/li>\n<li>Reduzca la confusi\u00f3n del cliente y aumente la accesibilidad manteniendo todo en un solo lugar<\/li>\n<li>Experiencia de usuario mejorada para clientes con un solo inicio de sesi\u00f3n para WordPress y WHMCS<\/li>\n<\/ul>\n","protected":false},"excerpt":{"rendered":"<p>El \u00e1rea de cliente WHMCS para WordPress, un complemento notablemente f\u00e1cil de usar, presenta a los usuarios la oportunidad de integrar sin problemas sus servicios de facturaci\u00f3n y soporte de WHMCS directamente en su sitio web de WordPress. A trav\u00e9s de la utilizaci\u00f3n de este complemento, los clientes obtienen la capacidad de iniciar sesi\u00f3n convenientemente, examinar los detalles de su cuenta, enviar boletos de soporte y administrar con competencia su facturaci\u00f3n, todo dentro de los l\u00edmites de su sitio de WordPress. Esta integraci\u00f3n, caracterizada por su naturaleza perfecta, no solo sirve para enriquecer la experiencia general del usuario, sino que tambi\u00e9n sirve como un medio para ahorrar tiempo valioso y optimizar los procesos operativos de su negocio. Tome la decisi\u00f3n de actualizar su sitio web sin demora y desbloquear el potencial para optimizar la gesti\u00f3n de sus clientes con el \u00e1rea del cliente fenomenal WHMCS para WordPress.<\/p>\n","protected":false},"featured_media":168000,"comment_status":"open","ping_status":"open","template":"","meta":[],"product_brand":[2339],"product_cat":[1212,1206,1211],"product_tag":[1256],"class_list":{"0":"post-126479","1":"product","2":"type-product","3":"status-publish","4":"has-post-thumbnail","6":"product_brand-codecanyon","7":"product_cat-administracion-wordpress-plugins","8":"product_cat-plugins","9":"product_cat-wordpress-plugins","10":"product_tag-codecanyon","11":"member-discount","12":"discount-restricted","14":"first","15":"instock","16":"sale","17":"downloadable","18":"virtual","19":"sold-individually","20":"purchasable","21":"product-type-simple"},"_links":{"self":[{"href":"https:\/\/gpl-love.com\/es\/wp-json\/wp\/v2\/product\/126479","targetHints":{"allow":["GET"]}}],"collection":[{"href":"https:\/\/gpl-love.com\/es\/wp-json\/wp\/v2\/product"}],"about":[{"href":"https:\/\/gpl-love.com\/es\/wp-json\/wp\/v2\/types\/product"}],"replies":[{"embeddable":true,"href":"https:\/\/gpl-love.com\/es\/wp-json\/wp\/v2\/comments?post=126479"}],"wp:featuredmedia":[{"embeddable":true,"href":"https:\/\/gpl-love.com\/es\/wp-json\/wp\/v2\/media\/168000"}],"wp:attachment":[{"href":"https:\/\/gpl-love.com\/es\/wp-json\/wp\/v2\/media?parent=126479"}],"wp:term":[{"taxonomy":"product_brand","embeddable":true,"href":"https:\/\/gpl-love.com\/es\/wp-json\/wp\/v2\/product_brand?post=126479"},{"taxonomy":"product_cat","embeddable":true,"href":"https:\/\/gpl-love.com\/es\/wp-json\/wp\/v2\/product_cat?post=126479"},{"taxonomy":"product_tag","embeddable":true,"href":"https:\/\/gpl-love.com\/es\/wp-json\/wp\/v2\/product_tag?post=126479"}],"curies":[{"name":"wp","href":"https:\/\/api.w.org\/{rel}","templated":true}]}}