{"id":126478,"date":"2022-03-19T00:00:00","date_gmt":"2022-03-19T05:00:00","guid":{"rendered":"https:\/\/gpl-love.com\/es\/producto\/whizzchat-a-universal-wordpress-chat-plugin\/"},"modified":"2026-04-10T11:30:52","modified_gmt":"2026-04-10T16:30:52","slug":"whizzchat-a-universal-wordpress-chat-plugin","status":"publish","type":"product","link":"https:\/\/gpl-love.com\/es\/producto\/whizzchat-a-universal-wordpress-chat-plugin\/","title":{"rendered":"WhizzChat A Universal WordPress Chat Plugin 1.5.0"},"content":{"rendered":"<h3>WhizzChat A Universal WordPress Chat Plugin Caracteristicas<\/h3>\n<p>Whizzchat, un complemento de chat extremadamente robusto y f\u00e1cil de usar dise\u00f1ado espec\u00edficamente para WordPress, permite a los propietarios de sitios web interactuar efectivamente con su audiencia mediante el chat en vivo. Este complemento cuenta con su compatibilidad universal con cualquier tema de WordPress, lo que representa un proceso de integraci\u00f3n perfecta y su versatilidad en t\u00e9rminos de personalizaci\u00f3n para alinearse con la marca \u00fanica del sitio web. Con una gran cantidad de funcionalidades de vanguardia a su disposici\u00f3n, WhizzChat ofrece notificaciones de chat en tiempo real, una interfaz notablemente f\u00e1cil de usar, mensajes de chat personalizados y registros completos de historial de chat. Adem\u00e1s, el complemento acomoda sin esfuerzo m\u00faltiples agentes y departamentos, lo que lo convierte en la soluci\u00f3n por excelencia para empresas equipadas con numerosos representantes de servicio al cliente. Al aprovechar la potencia y las capacidades de WhizzChat, los propietarios de sitios web no solo pueden mejorar la experiencia general de atenci\u00f3n al cliente, sino que tambi\u00e9n fomentan conexiones m\u00e1s significativas con su audiencia invaluable.<\/p>\n<ul>\n<li>Integraci\u00f3n de chat en vivo con sitios web de WordPress.<\/li>\n<li>Interfaz de chat f\u00e1cil de usar para visitantes y administradores del sitio web.<\/li>\n<li>Dise\u00f1o y colores de caja de chat personalizable.<\/li>\n<li>Compatible con todos los principales navegadores y dispositivos.<\/li>\n<li>Admite m\u00faltiples agentes de chat con opci\u00f3n de transferencia o enrutamiento.<\/li>\n<li>Instalaci\u00f3n y configuraci\u00f3n f\u00e1ciles sin codificaci\u00f3n requerida.<\/li>\n<li>Opciones de shortcode and widget para colocaci\u00f3n en cualquier p\u00e1gina o publicaci\u00f3n.<\/li>\n<li>Seguimiento y an\u00e1lisis de visitantes en tiempo real.<\/li>\n<li>Opci\u00f3n para mensajes fuera de l\u00ednea y notificaciones por correo electr\u00f3nico.<\/li>\n<li>Soporte 24\/7 y actualizaciones regulares para la funcionalidad continua.<\/li>\n<\/ul>\n","protected":false},"excerpt":{"rendered":"<p>Whizzchat, un complemento de WordPress altamente vers\u00e1til, otorga a su sitio web el invaluable regalo de una funci\u00f3n de chat. Su proceso de instalaci\u00f3n sin esfuerzo y la capacidad de adaptarlo para combinar sin problemas con la est\u00e9tica de su sitio, lo que lo convierte en una herramienta indispensable. La gama de funcionalidades avanzadas, como mensajes en tiempo real, alertas de chat y conversaciones privadas, convierte a Whizzchat en una opci\u00f3n id\u00edlica para empresas, blogueros y personas que aspiran a elevar la comunicaci\u00f3n e interacci\u00f3n con los visitantes de sus sitios web a alturas sin precedentes. Independientemente de si est\u00e1 proporcionando servicio de atenci\u00f3n al cliente o simplemente anhelando encender conversaciones estimulantes, WhizzChat emerge como el complemento de chat por excelencia para los usuarios de WordPress.<\/p>\n","protected":false},"featured_media":167999,"comment_status":"open","ping_status":"open","template":"","meta":[],"product_brand":[2339],"product_cat":[1214,1206,1211],"product_tag":[1256],"class_list":{"0":"post-126478","1":"product","2":"type-product","3":"status-publish","4":"has-post-thumbnail","6":"product_brand-codecanyon","7":"product_cat-personalizacion","8":"product_cat-plugins","9":"product_cat-wordpress-plugins","10":"product_tag-codecanyon","11":"member-discount","12":"discount-restricted","14":"first","15":"instock","16":"sale","17":"downloadable","18":"virtual","19":"sold-individually","20":"purchasable","21":"product-type-simple"},"_links":{"self":[{"href":"https:\/\/gpl-love.com\/es\/wp-json\/wp\/v2\/product\/126478","targetHints":{"allow":["GET"]}}],"collection":[{"href":"https:\/\/gpl-love.com\/es\/wp-json\/wp\/v2\/product"}],"about":[{"href":"https:\/\/gpl-love.com\/es\/wp-json\/wp\/v2\/types\/product"}],"replies":[{"embeddable":true,"href":"https:\/\/gpl-love.com\/es\/wp-json\/wp\/v2\/comments?post=126478"}],"wp:featuredmedia":[{"embeddable":true,"href":"https:\/\/gpl-love.com\/es\/wp-json\/wp\/v2\/media\/167999"}],"wp:attachment":[{"href":"https:\/\/gpl-love.com\/es\/wp-json\/wp\/v2\/media?parent=126478"}],"wp:term":[{"taxonomy":"product_brand","embeddable":true,"href":"https:\/\/gpl-love.com\/es\/wp-json\/wp\/v2\/product_brand?post=126478"},{"taxonomy":"product_cat","embeddable":true,"href":"https:\/\/gpl-love.com\/es\/wp-json\/wp\/v2\/product_cat?post=126478"},{"taxonomy":"product_tag","embeddable":true,"href":"https:\/\/gpl-love.com\/es\/wp-json\/wp\/v2\/product_tag?post=126478"}],"curies":[{"name":"wp","href":"https:\/\/api.w.org\/{rel}","templated":true}]}}