{"id":126477,"date":"2025-12-28T00:00:00","date_gmt":"2025-12-28T05:00:00","guid":{"rendered":"https:\/\/gpl-love.com\/es\/producto\/whizz-responsive-photography-wordpress-theme\/"},"modified":"2026-03-13T17:32:53","modified_gmt":"2026-03-13T22:32:53","slug":"whizz-responsive-photography-wordpress-theme","status":"publish","type":"product","link":"https:\/\/gpl-love.com\/es\/producto\/whizz-responsive-photography-wordpress-theme\/","title":{"rendered":"Whizz Responsive Photography WordPress Theme 2.4.4"},"content":{"rendered":"<h3>Whizz Responsive Photography WordPress Theme Caracteristicas<\/h3>\n<p>Dise\u00f1ado espec\u00edficamente para fot\u00f3grafos y artistas visuales que buscan exhibir su trabajo de manera efectiva en Internet, el tema de WordPress de fotograf\u00eda que receptiva se destaca como una opci\u00f3n incre\u00edblemente vers\u00e1til y personalizable. Su dise\u00f1o est\u00e9ticamente agradable y caracter\u00edsticas f\u00e1ciles de usar permiten a los usuarios crear galer\u00edas, carteras y blogs cautivadores sin esfuerzo. Adem\u00e1s, este tema garantiza la accesibilidad en todos los dispositivos, gracias a su naturaleza totalmente receptiva. Con opciones de personalizaci\u00f3n aparentemente interminables, incluida una variedad de esquemas de color ilimitados y opciones de fuentes, el tema de Whiz permite a los usuarios personalizar realmente sus sitios web. Para mejorar su funcionalidad, el tema de Whiz cuenta con una impresionante variedad de poderosos complementos y widgets, como el control deslizante de Revolution y el compositor visual, que facilita la creaci\u00f3n de contenido cautivador y distintivo. En conclusi\u00f3n, el tema de WordPress de fotograf\u00eda que receptiva surge como la mejor opci\u00f3n para las personas que buscan crear sitios web visualmente impresionantes que tambi\u00e9n se destacen en t\u00e9rminos de funcionalidad.<\/p>\n<ul>\n<li>Dise\u00f1o hermoso y moderno perfecto para exhibir la fotograf\u00eda<\/li>\n<li>Totalmente receptivo y amigable para m\u00f3viles<\/li>\n<li>Opciones de dise\u00f1o m\u00faltiples para mostrar fotos y galer\u00edas<\/li>\n<li>P\u00e1gina de inicio personalizable con funcionalidad de arrastrar y soltar<\/li>\n<li>Integraci\u00f3n con complementos populares como WooCommerce y el Formulario de contacto 7<\/li>\n<li>Interfaz de back-end f\u00e1cil de usar para administrar y actualizar contenido<\/li>\n<li>SEO optimizado para mejorar la clasificaci\u00f3n del motor de b\u00fasqueda<\/li>\n<li>Importaci\u00f3n de demostraci\u00f3n de un solo clic para una configuraci\u00f3n r\u00e1pida y f\u00e1cil<\/li>\n<li>Documentaci\u00f3n extensa y atenci\u00f3n al cliente incluida<\/li>\n<\/ul>\n","protected":false},"excerpt":{"rendered":"<p>El tema de WordPress de fotograf\u00eda que responde, elaborado meticulosamente e imbuido de la m\u00e1xima atenci\u00f3n al detalle, es una obra maestra exquisitamente dise\u00f1ada que se adapta perfectamente a cualquier tama\u00f1o de pantalla, que se adapte a las necesidades exigentes de los fot\u00f3grafos que anhelan exhibir su destreza art\u00edstica. Su integraci\u00f3n perfecta con varias opciones de personalizaci\u00f3n, cuidadosamente seleccionada para ser f\u00e1cilmente navegable, permite a los usuarios dise\u00f1ar sin esfuerzo una narrativa visual que deja una impresi\u00f3n indeleble tanto en los clientes y visitantes una vez que adorna el \u00e1mbito digital. Adem\u00e1s, este notable tema cuenta con una variedad de caracter\u00edsticas invaluables, que abarca una variedad de widgets personalizados, una abundancia de formatos postales, cautivadoras galer\u00edas de pantalla completa y una variedad de funcionalidades adicionales que trascienden la mera excelencia est\u00e9tica. Al confiar su fotograf\u00eda al tema de Whiz, se le dar\u00e1 el lujo incomparable de mostrar sus esfuerzos fotogr\u00e1ficos de la manera m\u00e1s superlativa concebible.<\/p>\n","protected":false},"featured_media":167998,"comment_status":"open","ping_status":"open","template":"","meta":[],"product_brand":[2337],"product_cat":[1267,1237,1238],"product_tag":[1391],"class_list":{"0":"post-126477","1":"product","2":"type-product","3":"status-publish","4":"has-post-thumbnail","6":"product_brand-themeforest","7":"product_cat-creativo","8":"product_cat-temas","9":"product_cat-wordpress-temas","10":"product_tag-themeforest","11":"member-discount","12":"discount-restricted","14":"first","15":"instock","16":"sale","17":"downloadable","18":"virtual","19":"sold-individually","20":"purchasable","21":"product-type-simple"},"_links":{"self":[{"href":"https:\/\/gpl-love.com\/es\/wp-json\/wp\/v2\/product\/126477","targetHints":{"allow":["GET"]}}],"collection":[{"href":"https:\/\/gpl-love.com\/es\/wp-json\/wp\/v2\/product"}],"about":[{"href":"https:\/\/gpl-love.com\/es\/wp-json\/wp\/v2\/types\/product"}],"replies":[{"embeddable":true,"href":"https:\/\/gpl-love.com\/es\/wp-json\/wp\/v2\/comments?post=126477"}],"wp:featuredmedia":[{"embeddable":true,"href":"https:\/\/gpl-love.com\/es\/wp-json\/wp\/v2\/media\/167998"}],"wp:attachment":[{"href":"https:\/\/gpl-love.com\/es\/wp-json\/wp\/v2\/media?parent=126477"}],"wp:term":[{"taxonomy":"product_brand","embeddable":true,"href":"https:\/\/gpl-love.com\/es\/wp-json\/wp\/v2\/product_brand?post=126477"},{"taxonomy":"product_cat","embeddable":true,"href":"https:\/\/gpl-love.com\/es\/wp-json\/wp\/v2\/product_cat?post=126477"},{"taxonomy":"product_tag","embeddable":true,"href":"https:\/\/gpl-love.com\/es\/wp-json\/wp\/v2\/product_tag?post=126477"}],"curies":[{"name":"wp","href":"https:\/\/api.w.org\/{rel}","templated":true}]}}