{"id":126476,"date":"2023-01-07T00:00:00","date_gmt":"2023-01-07T05:00:00","guid":{"rendered":"https:\/\/gpl-love.com\/es\/producto\/white-label-branding-para-wordpress\/"},"modified":"2026-04-10T11:30:51","modified_gmt":"2026-04-10T16:30:51","slug":"white-label-branding-para-wordpress","status":"publish","type":"product","link":"https:\/\/gpl-love.com\/es\/producto\/white-label-branding-para-wordpress\/","title":{"rendered":"White Label Branding para WordPress 4.2.9"},"content":{"rendered":"<h3>White Label Branding para WordPress Caracteristicas<\/h3>\n<p>White Label Branding para WordPress es una soluci\u00f3n de software incre\u00edblemente robusta que ha sido meticulosamente dise\u00f1ada para ayudar a las empresas y agencias en su esfuerzo a cambiar el nombre de sus sitios web de WordPress. Esta herramienta en particular cuenta con una gran cantidad de caracter\u00edsticas que permiten a los usuarios personalizar y calificar sin esfuerzo cada aspecto de su sitio de WordPress, desde la p\u00e1gina de inicio de sesi\u00f3n hasta el tablero y todo lo dem\u00e1s en el medio. Este software no solo es incre\u00edblemente f\u00e1cil de usar, sino que tambi\u00e9n posee un notable nivel de flexibilidad, lo que brinda a los usuarios la oportunidad de adaptar su sitio de WordPress de acuerdo con sus propias necesidades y preferencias distintas. La implementaci\u00f3n de White Label Branding para WordPress facilita la creaci\u00f3n de una experiencia de marca impecablemente profesional y sin problemas para clientes y clientes, contribuyendo as\u00ed significativamente al establecimiento de reconocimiento de marca y confianza. En esencia, esta herramienta es una necesidad absoluta para cualquier negocio o agencia que aspira a elevar los esfuerzos de marca de su sitio web de WordPress a alturas sin precedentes.<\/p>\n<ul>\n<li>Capacidad para personalizar la marca de un sitio web de WordPress con un tema de etiqueta blanca<\/li>\n<li>Un aspecto limpio y profesional para cualquier sitio web<\/li>\n<li>Capacidad para agregar su propio logotipo de marca personalizado, colores y fuentes<\/li>\n<li>No se requiere codificaci\u00f3n, interfaz f\u00e1cil de usar<\/li>\n<li>Control completo sobre la marca del sitio web sin la necesidad de servicios de dise\u00f1o costosos<\/li>\n<li>Perfecto para agencias, consultores o cualquier persona que busque ofrecer un servicio de dise\u00f1o web personalizado<\/li>\n<li>Ayuda a su sitio web a destacarse de la competencia con una identidad de marca \u00fanica<\/li>\n<li>Compatible con la mayor\u00eda de los temas y complementos de WordPress<\/li>\n<li>Actualizaciones regulares para garantizar la compatibilidad con las \u00faltimas versiones y funciones de WordPress<\/li>\n<li>Precios asequibles con opciones de licencia flexible<\/li>\n<\/ul>\n","protected":false},"excerpt":{"rendered":"<p>Transforme su sitio web de WordPress sin esfuerzo utilizando la entrada, una soluci\u00f3n de marca de etiqueta blanca incre\u00edblemente robusta y vers\u00e1til que le permite la capacidad de personalizar sin esfuerzo varios elementos del backend de su sitio web. Desde el logotipo de WordPress cautivador hasta el intrincado men\u00fa de administraci\u00f3n, el tablero, la p\u00e1gina de inicio de sesi\u00f3n y mucho m\u00e1s, la entrada le ofrece una gran cantidad de opciones para dejar una impresi\u00f3n indeleble en sus clientes e alinear impecablemente el dise\u00f1o de su sitio web con su identidad de marca. Con un esfuerzo m\u00ednimo, puede mejorar sin problemas la experiencia del usuario para los visitantes de su sitio, garantizando un encuentro verdaderamente inmersivo e inolvidable. Eleve su sitio web a alturas sin precedentes hoy adoptando las notables capacidades de entrada.<\/p>\n","protected":false},"featured_media":167997,"comment_status":"open","ping_status":"open","template":"","meta":[],"product_brand":[2339],"product_cat":[1212,1206,1211],"product_tag":[1256],"class_list":{"0":"post-126476","1":"product","2":"type-product","3":"status-publish","4":"has-post-thumbnail","6":"product_brand-codecanyon","7":"product_cat-administracion-wordpress-plugins","8":"product_cat-plugins","9":"product_cat-wordpress-plugins","10":"product_tag-codecanyon","11":"member-discount","12":"discount-restricted","14":"first","15":"instock","16":"sale","17":"downloadable","18":"virtual","19":"sold-individually","20":"purchasable","21":"product-type-simple"},"_links":{"self":[{"href":"https:\/\/gpl-love.com\/es\/wp-json\/wp\/v2\/product\/126476","targetHints":{"allow":["GET"]}}],"collection":[{"href":"https:\/\/gpl-love.com\/es\/wp-json\/wp\/v2\/product"}],"about":[{"href":"https:\/\/gpl-love.com\/es\/wp-json\/wp\/v2\/types\/product"}],"replies":[{"embeddable":true,"href":"https:\/\/gpl-love.com\/es\/wp-json\/wp\/v2\/comments?post=126476"}],"wp:featuredmedia":[{"embeddable":true,"href":"https:\/\/gpl-love.com\/es\/wp-json\/wp\/v2\/media\/167997"}],"wp:attachment":[{"href":"https:\/\/gpl-love.com\/es\/wp-json\/wp\/v2\/media?parent=126476"}],"wp:term":[{"taxonomy":"product_brand","embeddable":true,"href":"https:\/\/gpl-love.com\/es\/wp-json\/wp\/v2\/product_brand?post=126476"},{"taxonomy":"product_cat","embeddable":true,"href":"https:\/\/gpl-love.com\/es\/wp-json\/wp\/v2\/product_cat?post=126476"},{"taxonomy":"product_tag","embeddable":true,"href":"https:\/\/gpl-love.com\/es\/wp-json\/wp\/v2\/product_tag?post=126476"}],"curies":[{"name":"wp","href":"https:\/\/api.w.org\/{rel}","templated":true}]}}