{"id":126475,"date":"2025-06-17T00:00:00","date_gmt":"2025-06-17T05:00:00","guid":{"rendered":"https:\/\/gpl-love.com\/es\/producto\/whiskers-pets-store-vet-clinic-animal-adoption\/"},"modified":"2026-04-10T11:30:50","modified_gmt":"2026-04-10T16:30:50","slug":"whiskers-pets-store-vet-clinic-animal-adoption","status":"publish","type":"product","link":"https:\/\/gpl-love.com\/es\/producto\/whiskers-pets-store-vet-clinic-animal-adoption\/","title":{"rendered":"Whiskers Pets Store Vet Clinic Animal Adoption 1.1.8"},"content":{"rendered":"<h3>Whiskers Pets Store Vet Clinic Animal Adoption Caracteristicas<\/h3>\n<p>Whiskers Pets Store Vet Clinic Animal Adoption es una soluci\u00f3n que abarca todo para el cuidado integral de las mascotas y sus propietarios. Dentro de esta conveniente ventanilla \u00fanica, se ofrece una amplia gama de servicios, desde la provisi\u00f3n de alimentos para mascotas y accesorios hasta la disponibilidad de servicios veterinarios de primer nivel y la oportunidad de adopci\u00f3n de animales. El establecimiento se enorgullece de su diversa gama de marcas de alimentos para mascotas de alta calidad, cuidadosamente seleccionados para satisfacer los requisitos diet\u00e9ticos \u00fanicos de cada compa\u00f1ero querido. Adem\u00e1s, la cl\u00ednica VET cuenta con un equipo de profesionales excepcionalmente calificados que poseen una gran experiencia, lo que les permite administrar atenci\u00f3n y tratamiento de expertos a las mascotas. Adem\u00e1s de estas ofertas notables, el establecimiento toma grandes pasos en su programa de adopci\u00f3n de animales, con el objetivo noble de asegurar casas seguras y fomento para animales abandonados o descuidados. Este programa asegura que estas desafortunadas criaturas sean otorgadas con el cuidado y la atenci\u00f3n que tan leg\u00edtimamente merecen. Con Whiskers Pets Store Vet Clinic Adoption Animal Adoption, los due\u00f1os de mascotas pueden encontrar consuelo al saber que sus preciados compa\u00f1eros peludos est\u00e1n recibiendo un cuidado y atenci\u00f3n \u00f3ptimos de las manos capaces.<\/p>\n<ul>\n<li>Una ventanilla \u00fanica para todas las necesidades de sus mascotas<\/li>\n<li>Ofrece servicios veterinarios para sus amigos peludos<\/li>\n<li>Proporciona una gama de servicios de adopci\u00f3n de mascotas<\/li>\n<li>Tiene una selecci\u00f3n de productos para mascotas de alta calidad disponibles para su compra<\/li>\n<li>Ofrece un ambiente seguro y c\u00f3modo tanto para mascotas como para sus propietarios<\/li>\n<li>Personalizado por profesionales expertos de cuidado de mascotas con a\u00f1os de experiencia<\/li>\n<li>Proporciona un ambiente amigable y acogedor para las mascotas y sus due\u00f1os<\/li>\n<li>Ubicado convenientemente en una ubicaci\u00f3n central para facilitar el acceso<\/li>\n<li>Comprometido a brindar atenci\u00f3n y apoyo excepcionales para todas las mascotas y sus propietarios<\/li>\n<li>Proporciona una gama de servicios asequibles que son accesibles para todos los due\u00f1os de mascotas.<\/li>\n<\/ul>\n","protected":false},"excerpt":{"rendered":"<p>En The Whiskers Pets Store Vet Clinic Animal Adoption, ofrecemos una multitud de servicios de cuidado de mascotas de primer nivel que garantizan una experiencia excepcional. Nuestros veterinarios altamente calificados y conocedores se dedican a brindar atenci\u00f3n integral e incomparable a sus apreciadas mascotas. Adem\u00e1s, nuestro notable programa de adopci\u00f3n facilita el proceso de encontrar el compa\u00f1ero peludo ideal que complementa perfectamente a su familia. Lo invitamos cordialmente a visitarnos y presenciar de primera mano las cualidades distintivas que nos distinguen, particularmente nuestra atenci\u00f3n personalizada inigualable y atenci\u00f3n meticulosa incluso a los mejores detalles.<\/p>\n","protected":false},"featured_media":167996,"comment_status":"open","ping_status":"open","template":"","meta":[],"product_brand":[2337],"product_cat":[1267,1237,1238],"product_tag":[1391],"class_list":{"0":"post-126475","1":"product","2":"type-product","3":"status-publish","4":"has-post-thumbnail","6":"product_brand-themeforest","7":"product_cat-creativo","8":"product_cat-temas","9":"product_cat-wordpress-temas","10":"product_tag-themeforest","11":"member-discount","12":"discount-restricted","14":"first","15":"instock","16":"sale","17":"downloadable","18":"virtual","19":"sold-individually","20":"purchasable","21":"product-type-simple"},"_links":{"self":[{"href":"https:\/\/gpl-love.com\/es\/wp-json\/wp\/v2\/product\/126475","targetHints":{"allow":["GET"]}}],"collection":[{"href":"https:\/\/gpl-love.com\/es\/wp-json\/wp\/v2\/product"}],"about":[{"href":"https:\/\/gpl-love.com\/es\/wp-json\/wp\/v2\/types\/product"}],"replies":[{"embeddable":true,"href":"https:\/\/gpl-love.com\/es\/wp-json\/wp\/v2\/comments?post=126475"}],"wp:featuredmedia":[{"embeddable":true,"href":"https:\/\/gpl-love.com\/es\/wp-json\/wp\/v2\/media\/167996"}],"wp:attachment":[{"href":"https:\/\/gpl-love.com\/es\/wp-json\/wp\/v2\/media?parent=126475"}],"wp:term":[{"taxonomy":"product_brand","embeddable":true,"href":"https:\/\/gpl-love.com\/es\/wp-json\/wp\/v2\/product_brand?post=126475"},{"taxonomy":"product_cat","embeddable":true,"href":"https:\/\/gpl-love.com\/es\/wp-json\/wp\/v2\/product_cat?post=126475"},{"taxonomy":"product_tag","embeddable":true,"href":"https:\/\/gpl-love.com\/es\/wp-json\/wp\/v2\/product_tag?post=126475"}],"curies":[{"name":"wp","href":"https:\/\/api.w.org\/{rel}","templated":true}]}}